{"id":3583,"date":"2026-02-25T12:00:33","date_gmt":"2026-02-25T11:00:33","guid":{"rendered":"https:\/\/www.tutemetscombien.fr\/?post_type=product&#038;p=3583"},"modified":"2026-03-10T17:29:39","modified_gmt":"2026-03-10T16:29:39","slug":"ttmc-science-infuse-avec-science-vie","status":"publish","type":"product","link":"https:\/\/www.tutemetscombien.fr\/pt\/jeu-de-societe\/ttmc-science-infuse-avec-science-vie\/","title":{"rendered":"TTMC \u2013 Ci\u00eancia Imbu\u00edda de Ci\u00eancia e Vie"},"content":{"rendered":"<p>Uma variante viva de <em>TTMC \u2013 Tu Te Mets Combien ?<\/em>, Esta edi\u00e7\u00e3o especial oferece 162 cartas e mais de 1.200 perguntas sobre ci\u00eancia.<\/p>\n<p>A f\u00f3rmula permanece a mesma: voc\u00ea autoavalia seu conhecimento de 1 (f\u00e1cil) a 10 (especialista) sobre o t\u00f3pico em quest\u00e3o. Quanto maior a pontua\u00e7\u00e3o, mais dif\u00edcil a pergunta. Resposta correta? Voc\u00ea avan\u00e7a o n\u00famero de casas correspondente \u00e0 sua pontua\u00e7\u00e3o.<\/p>\n<p>Acess\u00edvel tanto a g\u00eanios da ci\u00eancia quanto \u00e0queles que faltaram \u00e0s aulas de biologia.<\/p>\n<p>Em colabora\u00e7\u00e3o com a Science &amp; Vie.<\/p>","protected":false},"excerpt":{"rendered":"<div id=\"product-description-short-2134\">\n<p>Como voc\u00ea se avaliaria como um alien\u00edgena? Em tr\u00e2nsito? No Parque Jur\u00e1ssico?<br \/>\nUm laborat\u00f3rio de perguntas, com Ci\u00eancia e Desafio!<\/p>\n<\/div>","protected":false},"featured_media":3585,"comment_status":"closed","ping_status":"closed","template":"","meta":{"_acf_changed":false},"product_brand":[],"product_cat":[37],"product_tag":[],"class_list":{"0":"post-3583","1":"product","2":"type-product","3":"status-publish","4":"has-post-thumbnail","6":"product_cat-ttmc-france","8":"first","9":"instock","10":"taxable","11":"shipping-taxable","12":"purchasable","13":"product-type-simple"},"acf":[],"yoast_head":"<!-- This site is optimized with the Yoast SEO plugin v27.2 - https:\/\/yoast.com\/product\/yoast-seo-wordpress\/ -->\n<title>TTMC \u2013 Science Infuse : le jeu de culture g\u00e9n\u00e9rale qui teste tes connaissances autour de la science<\/title>\n<meta name=\"description\" content=\"TTMC \u2013 Science Infuse avec Science &amp; Vie : le jeu de soci\u00e9t\u00e9 o\u00f9 tu auto-\u00e9values tes connaissances de 1 \u00e0 10 dans une \u00e9dition sp\u00e9ciale science fun.\" \/>\n<meta name=\"robots\" content=\"index, follow, max-snippet:-1, max-image-preview:large, max-video-preview:-1\" \/>\n<link rel=\"canonical\" href=\"https:\/\/www.tutemetscombien.fr\/pt\/jeu-de-societe\/ttmc-science-infuse-avec-science-vie\/\" \/>\n<meta property=\"og:locale\" content=\"pt_PT\" \/>\n<meta property=\"og:type\" content=\"article\" \/>\n<meta property=\"og:title\" content=\"TTMC \u2013 Science Infuse : le jeu de culture g\u00e9n\u00e9rale qui teste tes connaissances autour de la science\" \/>\n<meta property=\"og:description\" content=\"TTMC \u2013 Science Infuse avec Science &amp; Vie : le jeu de soci\u00e9t\u00e9 o\u00f9 tu auto-\u00e9values tes connaissances de 1 \u00e0 10 dans une \u00e9dition sp\u00e9ciale science fun.\" \/>\n<meta property=\"og:url\" content=\"https:\/\/www.tutemetscombien.fr\/pt\/jeu-de-societe\/ttmc-science-infuse-avec-science-vie\/\" \/>\n<meta property=\"og:site_name\" content=\"Tu te mets combien ?\" \/>\n<meta property=\"article:publisher\" content=\"https:\/\/www.facebook.com\/tutemetscombien\/\" \/>\n<meta property=\"article:modified_time\" content=\"2026-03-10T16:29:39+00:00\" \/>\n<meta property=\"og:image\" content=\"https:\/\/www.tutemetscombien.fr\/wp-content\/uploads\/2026\/01\/TTMC-SCIENCE-INFUSE_3Q-G-1024x1024.png\" \/>\n\t<meta property=\"og:image:width\" content=\"1024\" \/>\n\t<meta property=\"og:image:height\" content=\"1024\" \/>\n\t<meta property=\"og:image:type\" content=\"image\/png\" \/>\n<meta name=\"twitter:card\" content=\"summary_large_image\" \/>\n<meta name=\"twitter:label1\" content=\"Tempo estimado de leitura\" \/>\n\t<meta name=\"twitter:data1\" content=\"1 minuto\" \/>\n<script type=\"application\/ld+json\" class=\"yoast-schema-graph\">{\"@context\":\"https:\/\/schema.org\",\"@graph\":[{\"@type\":\"WebPage\",\"@id\":\"https:\/\/www.tutemetscombien.fr\/jeu-de-societe\/ttmc-science-infuse-avec-science-vie\/\",\"url\":\"https:\/\/www.tutemetscombien.fr\/jeu-de-societe\/ttmc-science-infuse-avec-science-vie\/\",\"name\":\"TTMC \u2013 Science Infuse : le jeu de culture g\u00e9n\u00e9rale qui teste tes connaissances autour de la science\",\"isPartOf\":{\"@id\":\"https:\/\/www.tutemetscombien.fr\/#website\"},\"primaryImageOfPage\":{\"@id\":\"https:\/\/www.tutemetscombien.fr\/jeu-de-societe\/ttmc-science-infuse-avec-science-vie\/#primaryimage\"},\"image\":{\"@id\":\"https:\/\/www.tutemetscombien.fr\/jeu-de-societe\/ttmc-science-infuse-avec-science-vie\/#primaryimage\"},\"thumbnailUrl\":\"https:\/\/www.tutemetscombien.fr\/wp-content\/uploads\/2026\/01\/TTMC-SCIENCE-INFUSE_3Q-G.png\",\"datePublished\":\"2026-02-25T11:00:33+00:00\",\"dateModified\":\"2026-03-10T16:29:39+00:00\",\"description\":\"TTMC \u2013 Science Infuse avec Science & Vie : le jeu de soci\u00e9t\u00e9 o\u00f9 tu auto-\u00e9values tes connaissances de 1 \u00e0 10 dans une \u00e9dition sp\u00e9ciale science fun.\",\"breadcrumb\":{\"@id\":\"https:\/\/www.tutemetscombien.fr\/jeu-de-societe\/ttmc-science-infuse-avec-science-vie\/#breadcrumb\"},\"inLanguage\":\"pt-PT\",\"potentialAction\":[{\"@type\":\"ReadAction\",\"target\":[\"https:\/\/www.tutemetscombien.fr\/jeu-de-societe\/ttmc-science-infuse-avec-science-vie\/\"]}]},{\"@type\":\"ImageObject\",\"inLanguage\":\"pt-PT\",\"@id\":\"https:\/\/www.tutemetscombien.fr\/jeu-de-societe\/ttmc-science-infuse-avec-science-vie\/#primaryimage\",\"url\":\"https:\/\/www.tutemetscombien.fr\/wp-content\/uploads\/2026\/01\/TTMC-SCIENCE-INFUSE_3Q-G.png\",\"contentUrl\":\"https:\/\/www.tutemetscombien.fr\/wp-content\/uploads\/2026\/01\/TTMC-SCIENCE-INFUSE_3Q-G.png\",\"width\":1692,\"height\":1692,\"caption\":\"Bo\u00eete du jeu TTMC \u2013 Science Infuse\"},{\"@type\":\"BreadcrumbList\",\"@id\":\"https:\/\/www.tutemetscombien.fr\/jeu-de-societe\/ttmc-science-infuse-avec-science-vie\/#breadcrumb\",\"itemListElement\":[{\"@type\":\"ListItem\",\"position\":1,\"name\":\"Accueil\",\"item\":\"https:\/\/www.tutemetscombien.fr\/\"},{\"@type\":\"ListItem\",\"position\":2,\"name\":\"Nos jeux\",\"item\":\"https:\/\/www.tutemetscombien.fr\/nos-jeux\/\"},{\"@type\":\"ListItem\",\"position\":3,\"name\":\"TTMC &#8211; Science Infuse avec Science &#038; Vie\"}]},{\"@type\":\"WebSite\",\"@id\":\"https:\/\/www.tutemetscombien.fr\/#website\",\"url\":\"https:\/\/www.tutemetscombien.fr\/\",\"name\":\"Tu te mets combien ?\",\"description\":\"Jeu de questions amusant et \u00e9ducatif - Site Officiel\",\"publisher\":{\"@id\":\"https:\/\/www.tutemetscombien.fr\/#organization\"},\"potentialAction\":[{\"@type\":\"SearchAction\",\"target\":{\"@type\":\"EntryPoint\",\"urlTemplate\":\"https:\/\/www.tutemetscombien.fr\/?s={search_term_string}\"},\"query-input\":{\"@type\":\"PropertyValueSpecification\",\"valueRequired\":true,\"valueName\":\"search_term_string\"}}],\"inLanguage\":\"pt-PT\"},{\"@type\":\"Organization\",\"@id\":\"https:\/\/www.tutemetscombien.fr\/#organization\",\"name\":\"Tu te mets combien ?\",\"url\":\"https:\/\/www.tutemetscombien.fr\/\",\"logo\":{\"@type\":\"ImageObject\",\"inLanguage\":\"pt-PT\",\"@id\":\"https:\/\/www.tutemetscombien.fr\/#\/schema\/logo\/image\/\",\"url\":\"https:\/\/www.tutemetscombien.fr\/wp-content\/uploads\/2025\/05\/Logo_TTMC_HD.png\",\"contentUrl\":\"https:\/\/www.tutemetscombien.fr\/wp-content\/uploads\/2025\/05\/Logo_TTMC_HD.png\",\"width\":2000,\"height\":1597,\"caption\":\"Tu te mets combien ?\"},\"image\":{\"@id\":\"https:\/\/www.tutemetscombien.fr\/#\/schema\/logo\/image\/\"},\"sameAs\":[\"https:\/\/www.facebook.com\/tutemetscombien\/\",\"https:\/\/www.instagram.com\/ttmctutemetscombien\/\",\"https:\/\/www.tiktok.com\/@ttmctutemetscombien\",\"https:\/\/www.linkedin.com\/showcase\/ttmc-tu-te-mets-combien\/\"]}]}<\/script>\n<!-- \/ Yoast SEO plugin. -->","yoast_head_json":{"title":"TTMC \u2013 Science Infuse: o jogo de conhecimentos gerais que testa seu conhecimento cient\u00edfico.","description":"TTMC \u2013 Science Infuse com Science &amp; Vie: o jogo de tabuleiro onde voc\u00ea autoavalia seus conhecimentos de 1 a 10 em uma edi\u00e7\u00e3o especial e divertida de ci\u00eancia.","robots":{"index":"index","follow":"follow","max-snippet":"max-snippet:-1","max-image-preview":"max-image-preview:large","max-video-preview":"max-video-preview:-1"},"canonical":"https:\/\/www.tutemetscombien.fr\/pt\/jeu-de-societe\/ttmc-science-infuse-avec-science-vie\/","og_locale":"pt_PT","og_type":"article","og_title":"TTMC \u2013 Science Infuse : le jeu de culture g\u00e9n\u00e9rale qui teste tes connaissances autour de la science","og_description":"TTMC \u2013 Science Infuse avec Science & Vie : le jeu de soci\u00e9t\u00e9 o\u00f9 tu auto-\u00e9values tes connaissances de 1 \u00e0 10 dans une \u00e9dition sp\u00e9ciale science fun.","og_url":"https:\/\/www.tutemetscombien.fr\/pt\/jeu-de-societe\/ttmc-science-infuse-avec-science-vie\/","og_site_name":"Tu te mets combien ?","article_publisher":"https:\/\/www.facebook.com\/tutemetscombien\/","article_modified_time":"2026-03-10T16:29:39+00:00","og_image":[{"width":1024,"height":1024,"url":"https:\/\/www.tutemetscombien.fr\/wp-content\/uploads\/2026\/01\/TTMC-SCIENCE-INFUSE_3Q-G-1024x1024.png","type":"image\/png"}],"twitter_card":"summary_large_image","twitter_misc":{"Tempo estimado de leitura":"1 minuto"},"schema":{"@context":"https:\/\/schema.org","@graph":[{"@type":"WebPage","@id":"https:\/\/www.tutemetscombien.fr\/jeu-de-societe\/ttmc-science-infuse-avec-science-vie\/","url":"https:\/\/www.tutemetscombien.fr\/jeu-de-societe\/ttmc-science-infuse-avec-science-vie\/","name":"TTMC \u2013 Science Infuse: o jogo de conhecimentos gerais que testa seu conhecimento cient\u00edfico.","isPartOf":{"@id":"https:\/\/www.tutemetscombien.fr\/#website"},"primaryImageOfPage":{"@id":"https:\/\/www.tutemetscombien.fr\/jeu-de-societe\/ttmc-science-infuse-avec-science-vie\/#primaryimage"},"image":{"@id":"https:\/\/www.tutemetscombien.fr\/jeu-de-societe\/ttmc-science-infuse-avec-science-vie\/#primaryimage"},"thumbnailUrl":"https:\/\/www.tutemetscombien.fr\/wp-content\/uploads\/2026\/01\/TTMC-SCIENCE-INFUSE_3Q-G.png","datePublished":"2026-02-25T11:00:33+00:00","dateModified":"2026-03-10T16:29:39+00:00","description":"TTMC \u2013 Science Infuse com Science &amp; Vie: o jogo de tabuleiro onde voc\u00ea autoavalia seus conhecimentos de 1 a 10 em uma edi\u00e7\u00e3o especial e divertida de ci\u00eancia.","breadcrumb":{"@id":"https:\/\/www.tutemetscombien.fr\/jeu-de-societe\/ttmc-science-infuse-avec-science-vie\/#breadcrumb"},"inLanguage":"pt-PT","potentialAction":[{"@type":"ReadAction","target":["https:\/\/www.tutemetscombien.fr\/jeu-de-societe\/ttmc-science-infuse-avec-science-vie\/"]}]},{"@type":"ImageObject","inLanguage":"pt-PT","@id":"https:\/\/www.tutemetscombien.fr\/jeu-de-societe\/ttmc-science-infuse-avec-science-vie\/#primaryimage","url":"https:\/\/www.tutemetscombien.fr\/wp-content\/uploads\/2026\/01\/TTMC-SCIENCE-INFUSE_3Q-G.png","contentUrl":"https:\/\/www.tutemetscombien.fr\/wp-content\/uploads\/2026\/01\/TTMC-SCIENCE-INFUSE_3Q-G.png","width":1692,"height":1692,"caption":"Bo\u00eete du jeu TTMC \u2013 Science Infuse"},{"@type":"BreadcrumbList","@id":"https:\/\/www.tutemetscombien.fr\/jeu-de-societe\/ttmc-science-infuse-avec-science-vie\/#breadcrumb","itemListElement":[{"@type":"ListItem","position":1,"name":"Accueil","item":"https:\/\/www.tutemetscombien.fr\/"},{"@type":"ListItem","position":2,"name":"Nos jeux","item":"https:\/\/www.tutemetscombien.fr\/nos-jeux\/"},{"@type":"ListItem","position":3,"name":"TTMC &#8211; Science Infuse avec Science &#038; Vie"}]},{"@type":"WebSite","@id":"https:\/\/www.tutemetscombien.fr\/#website","url":"https:\/\/www.tutemetscombien.fr\/","name":"De 1 a 10: Quanto Vales?","description":"Jogo de perguntas e respostas divertido e educativo - Site oficial","publisher":{"@id":"https:\/\/www.tutemetscombien.fr\/#organization"},"potentialAction":[{"@type":"SearchAction","target":{"@type":"EntryPoint","urlTemplate":"https:\/\/www.tutemetscombien.fr\/?s={search_term_string}"},"query-input":{"@type":"PropertyValueSpecification","valueRequired":true,"valueName":"search_term_string"}}],"inLanguage":"pt-PT"},{"@type":"Organization","@id":"https:\/\/www.tutemetscombien.fr\/#organization","name":"De 1 a 10: Quanto Vales?","url":"https:\/\/www.tutemetscombien.fr\/","logo":{"@type":"ImageObject","inLanguage":"pt-PT","@id":"https:\/\/www.tutemetscombien.fr\/#\/schema\/logo\/image\/","url":"https:\/\/www.tutemetscombien.fr\/wp-content\/uploads\/2025\/05\/Logo_TTMC_HD.png","contentUrl":"https:\/\/www.tutemetscombien.fr\/wp-content\/uploads\/2025\/05\/Logo_TTMC_HD.png","width":2000,"height":1597,"caption":"Tu te mets combien ?"},"image":{"@id":"https:\/\/www.tutemetscombien.fr\/#\/schema\/logo\/image\/"},"sameAs":["https:\/\/www.facebook.com\/tutemetscombien\/","https:\/\/www.instagram.com\/ttmctutemetscombien\/","https:\/\/www.tiktok.com\/@ttmctutemetscombien","https:\/\/www.linkedin.com\/showcase\/ttmc-tu-te-mets-combien\/"]}]}},"_links":{"self":[{"href":"https:\/\/www.tutemetscombien.fr\/pt\/wp-json\/wp\/v2\/product\/3583","targetHints":{"allow":["GET"]}}],"collection":[{"href":"https:\/\/www.tutemetscombien.fr\/pt\/wp-json\/wp\/v2\/product"}],"about":[{"href":"https:\/\/www.tutemetscombien.fr\/pt\/wp-json\/wp\/v2\/types\/product"}],"replies":[{"embeddable":true,"href":"https:\/\/www.tutemetscombien.fr\/pt\/wp-json\/wp\/v2\/comments?post=3583"}],"wp:featuredmedia":[{"embeddable":true,"href":"https:\/\/www.tutemetscombien.fr\/pt\/wp-json\/wp\/v2\/media\/3585"}],"wp:attachment":[{"href":"https:\/\/www.tutemetscombien.fr\/pt\/wp-json\/wp\/v2\/media?parent=3583"}],"wp:term":[{"taxonomy":"product_brand","embeddable":true,"href":"https:\/\/www.tutemetscombien.fr\/pt\/wp-json\/wp\/v2\/product_brand?post=3583"},{"taxonomy":"product_cat","embeddable":true,"href":"https:\/\/www.tutemetscombien.fr\/pt\/wp-json\/wp\/v2\/product_cat?post=3583"},{"taxonomy":"product_tag","embeddable":true,"href":"https:\/\/www.tutemetscombien.fr\/pt\/wp-json\/wp\/v2\/product_tag?post=3583"}],"curies":[{"name":"wp","href":"https:\/\/api.w.org\/{rel}","templated":true}]}}