{"id":2613,"date":"2025-10-24T16:37:36","date_gmt":"2025-10-24T14:37:36","guid":{"rendered":"https:\/\/www.tutemetscombien.fr\/?post_type=product&#038;p=2613"},"modified":"2026-04-29T11:32:10","modified_gmt":"2026-04-29T09:32:10","slug":"ttmc-sales-momes","status":"publish","type":"product","link":"https:\/\/www.tutemetscombien.fr\/pt\/jeu-de-societe\/ttmc-sales-momes\/","title":{"rendered":"TTMC \u2013 Sales M\u00f4mes"},"content":{"rendered":"<p>Variante de <em>TTMC \u2013 Tu Te Mets Combien ?<\/em> Criada para crian\u00e7as, esta edi\u00e7\u00e3o oferece 162 cartas para crian\u00e7as travessas e 835 perguntas para crian\u00e7as bem-educadas.<\/p>\n<p>O princ\u00edpio permanece o mesmo: voc\u00ea autoavalia seu conhecimento de 1 (f\u00e1cil) a 5 (especialista) sobre o tema em quest\u00e3o. Quanto maior a pontua\u00e7\u00e3o, mais dif\u00edcil a pergunta. Resposta correta? Voc\u00ea avan\u00e7a o n\u00famero de casas correspondente \u00e0 sua pontua\u00e7\u00e3o.<\/p>\n<p>Adesivos divertidos tamb\u00e9m s\u00e3o fornecidos para jogar com adultos nos tabuleiros do jogo. <em>TTMC<\/em> 1 e 2.<\/p>\n<p>As crian\u00e7as travessas finalmente v\u00e3o se vingar!<\/p>","protected":false},"excerpt":{"rendered":"<div id=\"product-description-short-4524\">\n<p>Como voc\u00ea se classificaria em termos de f\u00edsico humano? Em videogames? Em Harry Potter?<br \/>\nA vers\u00e3o <em>TTMC<\/em> Para crian\u00e7as, sejam elas assumidamente fracassadas ou autoproclamadas intelectuais!<\/p>\n<\/div>","protected":false},"featured_media":2616,"comment_status":"closed","ping_status":"closed","template":"","meta":{"_acf_changed":false},"product_brand":[],"product_cat":[37],"product_tag":[],"class_list":{"0":"post-2613","1":"product","2":"type-product","3":"status-publish","4":"has-post-thumbnail","6":"product_cat-ttmc-france","8":"first","9":"instock","10":"featured","11":"taxable","12":"shipping-taxable","13":"purchasable","14":"product-type-simple"},"acf":[],"yoast_head":"<!-- This site is optimized with the Yoast SEO plugin v27.4 - https:\/\/yoast.com\/product\/yoast-seo-wordpress\/ -->\n<title>TTMC \u2013 Sales M\u00f4mes : jeu de culture g\u00e9n\u00e9rale pour enfants<\/title>\n<meta name=\"description\" content=\"TTMC \u2013 Sales M\u00f4mes : version junior du jeu de soci\u00e9t\u00e9 TTMC destin\u00e9e aux 9-13 ans pour tester sa culture g\u00e9n\u00e9rale entre copains ou en famille.\" \/>\n<meta name=\"robots\" content=\"index, follow, max-snippet:-1, max-image-preview:large, max-video-preview:-1\" \/>\n<link rel=\"canonical\" href=\"https:\/\/www.tutemetscombien.fr\/pt\/jeu-de-societe\/ttmc-sales-momes\/\" \/>\n<meta property=\"og:locale\" content=\"pt_PT\" \/>\n<meta property=\"og:type\" content=\"article\" \/>\n<meta property=\"og:title\" content=\"TTMC \u2013 Sales M\u00f4mes : jeu de culture g\u00e9n\u00e9rale pour enfants\" \/>\n<meta property=\"og:description\" content=\"TTMC \u2013 Sales M\u00f4mes : version junior du jeu de soci\u00e9t\u00e9 TTMC destin\u00e9e aux 9-13 ans pour tester sa culture g\u00e9n\u00e9rale entre copains ou en famille.\" \/>\n<meta property=\"og:url\" content=\"https:\/\/www.tutemetscombien.fr\/pt\/jeu-de-societe\/ttmc-sales-momes\/\" \/>\n<meta property=\"og:site_name\" content=\"Tu te mets combien ?\" \/>\n<meta property=\"article:publisher\" content=\"https:\/\/www.facebook.com\/tutemetscombien\/\" \/>\n<meta property=\"article:modified_time\" content=\"2026-04-29T09:32:10+00:00\" \/>\n<meta property=\"og:image\" content=\"https:\/\/www.tutemetscombien.fr\/wp-content\/uploads\/2025\/10\/TTMC-SALES-MOMES-3Q-G-1024x1024.png\" \/>\n\t<meta property=\"og:image:width\" content=\"1024\" \/>\n\t<meta property=\"og:image:height\" content=\"1024\" \/>\n\t<meta property=\"og:image:type\" content=\"image\/png\" \/>\n<meta name=\"twitter:card\" content=\"summary_large_image\" \/>\n<meta name=\"twitter:label1\" content=\"Tempo estimado de leitura\" \/>\n\t<meta name=\"twitter:data1\" content=\"1 minuto\" \/>\n<script type=\"application\/ld+json\" class=\"yoast-schema-graph\">{\"@context\":\"https:\\\/\\\/schema.org\",\"@graph\":[{\"@type\":\"WebPage\",\"@id\":\"https:\\\/\\\/www.tutemetscombien.fr\\\/jeu-de-societe\\\/ttmc-sales-momes\\\/\",\"url\":\"https:\\\/\\\/www.tutemetscombien.fr\\\/jeu-de-societe\\\/ttmc-sales-momes\\\/\",\"name\":\"TTMC \u2013 Sales M\u00f4mes : jeu de culture g\u00e9n\u00e9rale pour enfants\",\"isPartOf\":{\"@id\":\"https:\\\/\\\/www.tutemetscombien.fr\\\/#website\"},\"primaryImageOfPage\":{\"@id\":\"https:\\\/\\\/www.tutemetscombien.fr\\\/jeu-de-societe\\\/ttmc-sales-momes\\\/#primaryimage\"},\"image\":{\"@id\":\"https:\\\/\\\/www.tutemetscombien.fr\\\/jeu-de-societe\\\/ttmc-sales-momes\\\/#primaryimage\"},\"thumbnailUrl\":\"https:\\\/\\\/www.tutemetscombien.fr\\\/wp-content\\\/uploads\\\/2025\\\/10\\\/TTMC-SALES-MOMES-3Q-G.png\",\"datePublished\":\"2025-10-24T14:37:36+00:00\",\"dateModified\":\"2026-04-29T09:32:10+00:00\",\"description\":\"TTMC \u2013 Sales M\u00f4mes : version junior du jeu de soci\u00e9t\u00e9 TTMC destin\u00e9e aux 9-13 ans pour tester sa culture g\u00e9n\u00e9rale entre copains ou en famille.\",\"breadcrumb\":{\"@id\":\"https:\\\/\\\/www.tutemetscombien.fr\\\/jeu-de-societe\\\/ttmc-sales-momes\\\/#breadcrumb\"},\"inLanguage\":\"pt-PT\",\"potentialAction\":[{\"@type\":\"ReadAction\",\"target\":[\"https:\\\/\\\/www.tutemetscombien.fr\\\/jeu-de-societe\\\/ttmc-sales-momes\\\/\"]}]},{\"@type\":\"ImageObject\",\"inLanguage\":\"pt-PT\",\"@id\":\"https:\\\/\\\/www.tutemetscombien.fr\\\/jeu-de-societe\\\/ttmc-sales-momes\\\/#primaryimage\",\"url\":\"https:\\\/\\\/www.tutemetscombien.fr\\\/wp-content\\\/uploads\\\/2025\\\/10\\\/TTMC-SALES-MOMES-3Q-G.png\",\"contentUrl\":\"https:\\\/\\\/www.tutemetscombien.fr\\\/wp-content\\\/uploads\\\/2025\\\/10\\\/TTMC-SALES-MOMES-3Q-G.png\",\"width\":1692,\"height\":1692,\"caption\":\"Bo\u00eete du jeu TTMC \u2013 Sales M\u00f4mes\"},{\"@type\":\"BreadcrumbList\",\"@id\":\"https:\\\/\\\/www.tutemetscombien.fr\\\/jeu-de-societe\\\/ttmc-sales-momes\\\/#breadcrumb\",\"itemListElement\":[{\"@type\":\"ListItem\",\"position\":1,\"name\":\"Accueil\",\"item\":\"https:\\\/\\\/www.tutemetscombien.fr\\\/\"},{\"@type\":\"ListItem\",\"position\":2,\"name\":\"Nos jeux\",\"item\":\"https:\\\/\\\/www.tutemetscombien.fr\\\/nos-jeux\\\/\"},{\"@type\":\"ListItem\",\"position\":3,\"name\":\"TTMC &#8211; Sales M\u00f4mes\"}]},{\"@type\":\"WebSite\",\"@id\":\"https:\\\/\\\/www.tutemetscombien.fr\\\/#website\",\"url\":\"https:\\\/\\\/www.tutemetscombien.fr\\\/\",\"name\":\"Tu te mets combien ?\",\"description\":\"Jeu de questions amusant et \u00e9ducatif - Site Officiel\",\"publisher\":{\"@id\":\"https:\\\/\\\/www.tutemetscombien.fr\\\/#organization\"},\"potentialAction\":[{\"@type\":\"SearchAction\",\"target\":{\"@type\":\"EntryPoint\",\"urlTemplate\":\"https:\\\/\\\/www.tutemetscombien.fr\\\/?s={search_term_string}\"},\"query-input\":{\"@type\":\"PropertyValueSpecification\",\"valueRequired\":true,\"valueName\":\"search_term_string\"}}],\"inLanguage\":\"pt-PT\"},{\"@type\":\"Organization\",\"@id\":\"https:\\\/\\\/www.tutemetscombien.fr\\\/#organization\",\"name\":\"Tu te mets combien ?\",\"url\":\"https:\\\/\\\/www.tutemetscombien.fr\\\/\",\"logo\":{\"@type\":\"ImageObject\",\"inLanguage\":\"pt-PT\",\"@id\":\"https:\\\/\\\/www.tutemetscombien.fr\\\/#\\\/schema\\\/logo\\\/image\\\/\",\"url\":\"https:\\\/\\\/www.tutemetscombien.fr\\\/wp-content\\\/uploads\\\/2025\\\/05\\\/Logo_TTMC_HD.png\",\"contentUrl\":\"https:\\\/\\\/www.tutemetscombien.fr\\\/wp-content\\\/uploads\\\/2025\\\/05\\\/Logo_TTMC_HD.png\",\"width\":2000,\"height\":1597,\"caption\":\"Tu te mets combien ?\"},\"image\":{\"@id\":\"https:\\\/\\\/www.tutemetscombien.fr\\\/#\\\/schema\\\/logo\\\/image\\\/\"},\"sameAs\":[\"https:\\\/\\\/www.facebook.com\\\/tutemetscombien\\\/\",\"https:\\\/\\\/www.instagram.com\\\/ttmctutemetscombien\\\/\",\"https:\\\/\\\/www.tiktok.com\\\/@ttmctutemetscombien\",\"https:\\\/\\\/www.linkedin.com\\\/showcase\\\/ttmc-tu-te-mets-combien\\\/\"]}]}<\/script>\n<!-- \/ Yoast SEO plugin. -->","yoast_head_json":{"title":"TTMC \u2013 Sales M\u00f4mes: um jogo de conhecimentos gerais para crian\u00e7as","description":"TTMC \u2013 Sales M\u00f4mes: vers\u00e3o j\u00fanior do jogo de tabuleiro TTMC, destinada a crian\u00e7as de 9 a 13 anos para testar seus conhecimentos gerais com amigos ou familiares.","robots":{"index":"index","follow":"follow","max-snippet":"max-snippet:-1","max-image-preview":"max-image-preview:large","max-video-preview":"max-video-preview:-1"},"canonical":"https:\/\/www.tutemetscombien.fr\/pt\/jeu-de-societe\/ttmc-sales-momes\/","og_locale":"pt_PT","og_type":"article","og_title":"TTMC \u2013 Sales M\u00f4mes : jeu de culture g\u00e9n\u00e9rale pour enfants","og_description":"TTMC \u2013 Sales M\u00f4mes : version junior du jeu de soci\u00e9t\u00e9 TTMC destin\u00e9e aux 9-13 ans pour tester sa culture g\u00e9n\u00e9rale entre copains ou en famille.","og_url":"https:\/\/www.tutemetscombien.fr\/pt\/jeu-de-societe\/ttmc-sales-momes\/","og_site_name":"Tu te mets combien ?","article_publisher":"https:\/\/www.facebook.com\/tutemetscombien\/","article_modified_time":"2026-04-29T09:32:10+00:00","og_image":[{"width":1024,"height":1024,"url":"https:\/\/www.tutemetscombien.fr\/wp-content\/uploads\/2025\/10\/TTMC-SALES-MOMES-3Q-G-1024x1024.png","type":"image\/png"}],"twitter_card":"summary_large_image","twitter_misc":{"Tempo estimado de leitura":"1 minuto"},"schema":{"@context":"https:\/\/schema.org","@graph":[{"@type":"WebPage","@id":"https:\/\/www.tutemetscombien.fr\/jeu-de-societe\/ttmc-sales-momes\/","url":"https:\/\/www.tutemetscombien.fr\/jeu-de-societe\/ttmc-sales-momes\/","name":"TTMC \u2013 Sales M\u00f4mes: um jogo de conhecimentos gerais para crian\u00e7as","isPartOf":{"@id":"https:\/\/www.tutemetscombien.fr\/#website"},"primaryImageOfPage":{"@id":"https:\/\/www.tutemetscombien.fr\/jeu-de-societe\/ttmc-sales-momes\/#primaryimage"},"image":{"@id":"https:\/\/www.tutemetscombien.fr\/jeu-de-societe\/ttmc-sales-momes\/#primaryimage"},"thumbnailUrl":"https:\/\/www.tutemetscombien.fr\/wp-content\/uploads\/2025\/10\/TTMC-SALES-MOMES-3Q-G.png","datePublished":"2025-10-24T14:37:36+00:00","dateModified":"2026-04-29T09:32:10+00:00","description":"TTMC \u2013 Sales M\u00f4mes: vers\u00e3o j\u00fanior do jogo de tabuleiro TTMC, destinada a crian\u00e7as de 9 a 13 anos para testar seus conhecimentos gerais com amigos ou familiares.","breadcrumb":{"@id":"https:\/\/www.tutemetscombien.fr\/jeu-de-societe\/ttmc-sales-momes\/#breadcrumb"},"inLanguage":"pt-PT","potentialAction":[{"@type":"ReadAction","target":["https:\/\/www.tutemetscombien.fr\/jeu-de-societe\/ttmc-sales-momes\/"]}]},{"@type":"ImageObject","inLanguage":"pt-PT","@id":"https:\/\/www.tutemetscombien.fr\/jeu-de-societe\/ttmc-sales-momes\/#primaryimage","url":"https:\/\/www.tutemetscombien.fr\/wp-content\/uploads\/2025\/10\/TTMC-SALES-MOMES-3Q-G.png","contentUrl":"https:\/\/www.tutemetscombien.fr\/wp-content\/uploads\/2025\/10\/TTMC-SALES-MOMES-3Q-G.png","width":1692,"height":1692,"caption":"Bo\u00eete du jeu TTMC \u2013 Sales M\u00f4mes"},{"@type":"BreadcrumbList","@id":"https:\/\/www.tutemetscombien.fr\/jeu-de-societe\/ttmc-sales-momes\/#breadcrumb","itemListElement":[{"@type":"ListItem","position":1,"name":"Accueil","item":"https:\/\/www.tutemetscombien.fr\/"},{"@type":"ListItem","position":2,"name":"Nos jeux","item":"https:\/\/www.tutemetscombien.fr\/nos-jeux\/"},{"@type":"ListItem","position":3,"name":"TTMC &#8211; Sales M\u00f4mes"}]},{"@type":"WebSite","@id":"https:\/\/www.tutemetscombien.fr\/#website","url":"https:\/\/www.tutemetscombien.fr\/","name":"De 1 a 10: Quanto Vales?","description":"Jogo de perguntas e respostas divertido e educativo - Site oficial","publisher":{"@id":"https:\/\/www.tutemetscombien.fr\/#organization"},"potentialAction":[{"@type":"SearchAction","target":{"@type":"EntryPoint","urlTemplate":"https:\/\/www.tutemetscombien.fr\/?s={search_term_string}"},"query-input":{"@type":"PropertyValueSpecification","valueRequired":true,"valueName":"search_term_string"}}],"inLanguage":"pt-PT"},{"@type":"Organization","@id":"https:\/\/www.tutemetscombien.fr\/#organization","name":"De 1 a 10: Quanto Vales?","url":"https:\/\/www.tutemetscombien.fr\/","logo":{"@type":"ImageObject","inLanguage":"pt-PT","@id":"https:\/\/www.tutemetscombien.fr\/#\/schema\/logo\/image\/","url":"https:\/\/www.tutemetscombien.fr\/wp-content\/uploads\/2025\/05\/Logo_TTMC_HD.png","contentUrl":"https:\/\/www.tutemetscombien.fr\/wp-content\/uploads\/2025\/05\/Logo_TTMC_HD.png","width":2000,"height":1597,"caption":"Tu te mets combien ?"},"image":{"@id":"https:\/\/www.tutemetscombien.fr\/#\/schema\/logo\/image\/"},"sameAs":["https:\/\/www.facebook.com\/tutemetscombien\/","https:\/\/www.instagram.com\/ttmctutemetscombien\/","https:\/\/www.tiktok.com\/@ttmctutemetscombien","https:\/\/www.linkedin.com\/showcase\/ttmc-tu-te-mets-combien\/"]}]}},"_links":{"self":[{"href":"https:\/\/www.tutemetscombien.fr\/pt\/wp-json\/wp\/v2\/product\/2613","targetHints":{"allow":["GET"]}}],"collection":[{"href":"https:\/\/www.tutemetscombien.fr\/pt\/wp-json\/wp\/v2\/product"}],"about":[{"href":"https:\/\/www.tutemetscombien.fr\/pt\/wp-json\/wp\/v2\/types\/product"}],"replies":[{"embeddable":true,"href":"https:\/\/www.tutemetscombien.fr\/pt\/wp-json\/wp\/v2\/comments?post=2613"}],"wp:featuredmedia":[{"embeddable":true,"href":"https:\/\/www.tutemetscombien.fr\/pt\/wp-json\/wp\/v2\/media\/2616"}],"wp:attachment":[{"href":"https:\/\/www.tutemetscombien.fr\/pt\/wp-json\/wp\/v2\/media?parent=2613"}],"wp:term":[{"taxonomy":"product_brand","embeddable":true,"href":"https:\/\/www.tutemetscombien.fr\/pt\/wp-json\/wp\/v2\/product_brand?post=2613"},{"taxonomy":"product_cat","embeddable":true,"href":"https:\/\/www.tutemetscombien.fr\/pt\/wp-json\/wp\/v2\/product_cat?post=2613"},{"taxonomy":"product_tag","embeddable":true,"href":"https:\/\/www.tutemetscombien.fr\/pt\/wp-json\/wp\/v2\/product_tag?post=2613"}],"curies":[{"name":"wp","href":"https:\/\/api.w.org\/{rel}","templated":true}]}}