{"id":2831,"date":"2025-11-07T13:53:30","date_gmt":"2025-11-07T12:53:30","guid":{"rendered":"https:\/\/www.tutemetscombien.fr\/?post_type=product&#038;p=2831"},"modified":"2025-12-01T15:33:53","modified_gmt":"2025-12-01T14:33:53","slug":"ttmc-quebec","status":"publish","type":"product","link":"https:\/\/www.tutemetscombien.fr\/pl\/jeu-de-societe\/ttmc-quebec\/","title":{"rendered":"TTMC \u2013 Edycja Quebec"},"content":{"rendered":"<p><em>TTMC \u2013 Tu Te Mets Combien ?<\/em> jest gr\u0105 \u0142\u0105cz\u0105c\u0105 wiedz\u0119 og\u00f3ln\u0105 z gr\u0105 towarzysk\u0105.<\/p>\n<p>Oce\u0144 swoj\u0105 wiedz\u0119 w skali od 1 do 10 na temat wielu zagadnie\u0144, od najbardziej klasycznych do najbardziej nieprawdopodobnych, i b\u0105d\u017a pierwszy, kt\u00f3ry przejdzie ca\u0142\u0105 plansz\u0119.<\/p>\n<p>Zasada jest prosta: wybierasz poziom trudno\u015bci od 1 (\u0142atwy) do 10 (ekspert) w danym temacie. Im wy\u017cszy poziom, tym trudniejsze pytanie. Je\u015bli odpowiesz poprawnie, awansujesz o liczb\u0119 p\u00f3l r\u00f3wn\u0105 twojemu poziomowi. \u0141atwe? Spr\u00f3buj poziomu 8 z topinamburu.<\/p>\n<p>To zabawne, przyst\u0119pne i ca\u0142kowicie wci\u0105gaj\u0105ce!<\/p>\n<p>Wi\u0119c ile stawiasz na Aladyna? Na wyimaginowane zwierz\u0119ta? Na poutine?<\/p>","protected":false},"excerpt":{"rendered":"<div id=\"product-description-short-154\">\n<p>Lokalna wersja naszej gry planszowej, kt\u00f3ra naprawd\u0119 zyskuje na popularno\u015bci!<\/p>\n<\/div>","protected":false},"featured_media":2840,"comment_status":"closed","ping_status":"closed","template":"","meta":{"_acf_changed":false},"product_brand":[],"product_cat":[34],"product_tag":[],"class_list":{"0":"post-2831","1":"product","2":"type-product","3":"status-publish","4":"has-post-thumbnail","6":"product_cat-ttmc-a-linternational","8":"first","9":"instock","10":"taxable","11":"shipping-taxable","12":"product-type-external"},"acf":[],"yoast_head":"<!-- This site is optimized with the Yoast SEO plugin v27.4 - https:\/\/yoast.com\/product\/yoast-seo-wordpress\/ -->\n<title>TTMC \u2013 \u00c9dition Qu\u00e9bec : l\u2019\u00e9dition qu\u00e9b\u00e9coise du jeu TTMC<\/title>\n<meta name=\"description\" content=\"TTMC \u2013 \u00c9dition Qu\u00e9bec : l\u2019\u00e9dition qu\u00e9b\u00e9coise de TTMC \u2013 Tu Te Mets Combien ?, pour tester ta culture locale tout en t\u2019amusant entre amis ou en famille.\" \/>\n<meta name=\"robots\" content=\"index, follow, max-snippet:-1, max-image-preview:large, max-video-preview:-1\" \/>\n<link rel=\"canonical\" href=\"https:\/\/www.tutemetscombien.fr\/pl\/jeu-de-societe\/ttmc-quebec\/\" \/>\n<meta property=\"og:locale\" content=\"pl_PL\" \/>\n<meta property=\"og:type\" content=\"article\" \/>\n<meta property=\"og:title\" content=\"TTMC \u2013 \u00c9dition Qu\u00e9bec : l\u2019\u00e9dition qu\u00e9b\u00e9coise du jeu TTMC\" \/>\n<meta property=\"og:description\" content=\"TTMC \u2013 \u00c9dition Qu\u00e9bec : l\u2019\u00e9dition qu\u00e9b\u00e9coise de TTMC \u2013 Tu Te Mets Combien ?, pour tester ta culture locale tout en t\u2019amusant entre amis ou en famille.\" \/>\n<meta property=\"og:url\" content=\"https:\/\/www.tutemetscombien.fr\/pl\/jeu-de-societe\/ttmc-quebec\/\" \/>\n<meta property=\"og:site_name\" content=\"Tu te mets combien ?\" \/>\n<meta property=\"article:publisher\" content=\"https:\/\/www.facebook.com\/tutemetscombien\/\" \/>\n<meta property=\"article:modified_time\" content=\"2025-12-01T14:33:53+00:00\" \/>\n<meta property=\"og:image\" content=\"https:\/\/www.tutemetscombien.fr\/wp-content\/uploads\/2025\/11\/quebec.jpg\" \/>\n\t<meta property=\"og:image:width\" content=\"1500\" \/>\n\t<meta property=\"og:image:height\" content=\"1396\" \/>\n\t<meta property=\"og:image:type\" content=\"image\/jpeg\" \/>\n<meta name=\"twitter:card\" content=\"summary_large_image\" \/>\n<meta name=\"twitter:label1\" content=\"Szacowany czas czytania\" \/>\n\t<meta name=\"twitter:data1\" content=\"1 minuta\" \/>\n<script type=\"application\/ld+json\" class=\"yoast-schema-graph\">{\"@context\":\"https:\\\/\\\/schema.org\",\"@graph\":[{\"@type\":\"WebPage\",\"@id\":\"https:\\\/\\\/www.tutemetscombien.fr\\\/jeu-de-societe\\\/ttmc-quebec\\\/\",\"url\":\"https:\\\/\\\/www.tutemetscombien.fr\\\/jeu-de-societe\\\/ttmc-quebec\\\/\",\"name\":\"TTMC \u2013 \u00c9dition Qu\u00e9bec : l\u2019\u00e9dition qu\u00e9b\u00e9coise du jeu TTMC\",\"isPartOf\":{\"@id\":\"https:\\\/\\\/www.tutemetscombien.fr\\\/#website\"},\"primaryImageOfPage\":{\"@id\":\"https:\\\/\\\/www.tutemetscombien.fr\\\/jeu-de-societe\\\/ttmc-quebec\\\/#primaryimage\"},\"image\":{\"@id\":\"https:\\\/\\\/www.tutemetscombien.fr\\\/jeu-de-societe\\\/ttmc-quebec\\\/#primaryimage\"},\"thumbnailUrl\":\"https:\\\/\\\/www.tutemetscombien.fr\\\/wp-content\\\/uploads\\\/2025\\\/11\\\/quebec.jpg\",\"datePublished\":\"2025-11-07T12:53:30+00:00\",\"dateModified\":\"2025-12-01T14:33:53+00:00\",\"description\":\"TTMC \u2013 \u00c9dition Qu\u00e9bec : l\u2019\u00e9dition qu\u00e9b\u00e9coise de TTMC \u2013 Tu Te Mets Combien ?, pour tester ta culture locale tout en t\u2019amusant entre amis ou en famille.\",\"breadcrumb\":{\"@id\":\"https:\\\/\\\/www.tutemetscombien.fr\\\/jeu-de-societe\\\/ttmc-quebec\\\/#breadcrumb\"},\"inLanguage\":\"pl-PL\",\"potentialAction\":[{\"@type\":\"ReadAction\",\"target\":[\"https:\\\/\\\/www.tutemetscombien.fr\\\/jeu-de-societe\\\/ttmc-quebec\\\/\"]}]},{\"@type\":\"ImageObject\",\"inLanguage\":\"pl-PL\",\"@id\":\"https:\\\/\\\/www.tutemetscombien.fr\\\/jeu-de-societe\\\/ttmc-quebec\\\/#primaryimage\",\"url\":\"https:\\\/\\\/www.tutemetscombien.fr\\\/wp-content\\\/uploads\\\/2025\\\/11\\\/quebec.jpg\",\"contentUrl\":\"https:\\\/\\\/www.tutemetscombien.fr\\\/wp-content\\\/uploads\\\/2025\\\/11\\\/quebec.jpg\",\"width\":1500,\"height\":1396,\"caption\":\"TTMC \u2013 \u00c9dition Qu\u00e9bec : l\u2019\u00e9dition qu\u00e9b\u00e9coise de TTMC \u2013 Tu Te Mets Combien ?, pour tester ta culture locale tout en t\u2019amusant entre amis ou en famille.\"},{\"@type\":\"BreadcrumbList\",\"@id\":\"https:\\\/\\\/www.tutemetscombien.fr\\\/jeu-de-societe\\\/ttmc-quebec\\\/#breadcrumb\",\"itemListElement\":[{\"@type\":\"ListItem\",\"position\":1,\"name\":\"Accueil\",\"item\":\"https:\\\/\\\/www.tutemetscombien.fr\\\/\"},{\"@type\":\"ListItem\",\"position\":2,\"name\":\"Nos jeux\",\"item\":\"https:\\\/\\\/www.tutemetscombien.fr\\\/nos-jeux\\\/\"},{\"@type\":\"ListItem\",\"position\":3,\"name\":\"TTMC &#8211; \u00c9dition Qu\u00e9bec\"}]},{\"@type\":\"WebSite\",\"@id\":\"https:\\\/\\\/www.tutemetscombien.fr\\\/#website\",\"url\":\"https:\\\/\\\/www.tutemetscombien.fr\\\/\",\"name\":\"Tu te mets combien ?\",\"description\":\"Jeu de questions amusant et \u00e9ducatif - Site Officiel\",\"publisher\":{\"@id\":\"https:\\\/\\\/www.tutemetscombien.fr\\\/#organization\"},\"potentialAction\":[{\"@type\":\"SearchAction\",\"target\":{\"@type\":\"EntryPoint\",\"urlTemplate\":\"https:\\\/\\\/www.tutemetscombien.fr\\\/?s={search_term_string}\"},\"query-input\":{\"@type\":\"PropertyValueSpecification\",\"valueRequired\":true,\"valueName\":\"search_term_string\"}}],\"inLanguage\":\"pl-PL\"},{\"@type\":\"Organization\",\"@id\":\"https:\\\/\\\/www.tutemetscombien.fr\\\/#organization\",\"name\":\"Tu te mets combien ?\",\"url\":\"https:\\\/\\\/www.tutemetscombien.fr\\\/\",\"logo\":{\"@type\":\"ImageObject\",\"inLanguage\":\"pl-PL\",\"@id\":\"https:\\\/\\\/www.tutemetscombien.fr\\\/#\\\/schema\\\/logo\\\/image\\\/\",\"url\":\"https:\\\/\\\/www.tutemetscombien.fr\\\/wp-content\\\/uploads\\\/2025\\\/05\\\/Logo_TTMC_HD.png\",\"contentUrl\":\"https:\\\/\\\/www.tutemetscombien.fr\\\/wp-content\\\/uploads\\\/2025\\\/05\\\/Logo_TTMC_HD.png\",\"width\":2000,\"height\":1597,\"caption\":\"Tu te mets combien ?\"},\"image\":{\"@id\":\"https:\\\/\\\/www.tutemetscombien.fr\\\/#\\\/schema\\\/logo\\\/image\\\/\"},\"sameAs\":[\"https:\\\/\\\/www.facebook.com\\\/tutemetscombien\\\/\",\"https:\\\/\\\/www.instagram.com\\\/ttmctutemetscombien\\\/\",\"https:\\\/\\\/www.tiktok.com\\\/@ttmctutemetscombien\",\"https:\\\/\\\/www.linkedin.com\\\/showcase\\\/ttmc-tu-te-mets-combien\\\/\"]}]}<\/script>\n<!-- \/ Yoast SEO plugin. -->","yoast_head_json":{"title":"TTMC \u2013 edycja Quebec: edycja Quebec gry TTMC","description":"TTMC \u2013 edycja Quebec: edycja TTMC \u2013 Tu Te Mets Combien? w Quebecu, gdzie mo\u017cesz pozna\u0107 lokaln\u0105 kultur\u0119, \u015bwietnie si\u0119 bawi\u0105c w gronie przyjaci\u00f3\u0142 lub rodziny.","robots":{"index":"index","follow":"follow","max-snippet":"max-snippet:-1","max-image-preview":"max-image-preview:large","max-video-preview":"max-video-preview:-1"},"canonical":"https:\/\/www.tutemetscombien.fr\/pl\/jeu-de-societe\/ttmc-quebec\/","og_locale":"pl_PL","og_type":"article","og_title":"TTMC \u2013 \u00c9dition Qu\u00e9bec : l\u2019\u00e9dition qu\u00e9b\u00e9coise du jeu TTMC","og_description":"TTMC \u2013 \u00c9dition Qu\u00e9bec : l\u2019\u00e9dition qu\u00e9b\u00e9coise de TTMC \u2013 Tu Te Mets Combien ?, pour tester ta culture locale tout en t\u2019amusant entre amis ou en famille.","og_url":"https:\/\/www.tutemetscombien.fr\/pl\/jeu-de-societe\/ttmc-quebec\/","og_site_name":"Tu te mets combien ?","article_publisher":"https:\/\/www.facebook.com\/tutemetscombien\/","article_modified_time":"2025-12-01T14:33:53+00:00","og_image":[{"width":1500,"height":1396,"url":"https:\/\/www.tutemetscombien.fr\/wp-content\/uploads\/2025\/11\/quebec.jpg","type":"image\/jpeg"}],"twitter_card":"summary_large_image","twitter_misc":{"Szacowany czas czytania":"1 minuta"},"schema":{"@context":"https:\/\/schema.org","@graph":[{"@type":"WebPage","@id":"https:\/\/www.tutemetscombien.fr\/jeu-de-societe\/ttmc-quebec\/","url":"https:\/\/www.tutemetscombien.fr\/jeu-de-societe\/ttmc-quebec\/","name":"TTMC \u2013 edycja Quebec: edycja Quebec gry TTMC","isPartOf":{"@id":"https:\/\/www.tutemetscombien.fr\/#website"},"primaryImageOfPage":{"@id":"https:\/\/www.tutemetscombien.fr\/jeu-de-societe\/ttmc-quebec\/#primaryimage"},"image":{"@id":"https:\/\/www.tutemetscombien.fr\/jeu-de-societe\/ttmc-quebec\/#primaryimage"},"thumbnailUrl":"https:\/\/www.tutemetscombien.fr\/wp-content\/uploads\/2025\/11\/quebec.jpg","datePublished":"2025-11-07T12:53:30+00:00","dateModified":"2025-12-01T14:33:53+00:00","description":"TTMC \u2013 edycja Quebec: edycja TTMC \u2013 Tu Te Mets Combien? w Quebecu, gdzie mo\u017cesz pozna\u0107 lokaln\u0105 kultur\u0119, \u015bwietnie si\u0119 bawi\u0105c w gronie przyjaci\u00f3\u0142 lub rodziny.","breadcrumb":{"@id":"https:\/\/www.tutemetscombien.fr\/jeu-de-societe\/ttmc-quebec\/#breadcrumb"},"inLanguage":"pl-PL","potentialAction":[{"@type":"ReadAction","target":["https:\/\/www.tutemetscombien.fr\/jeu-de-societe\/ttmc-quebec\/"]}]},{"@type":"ImageObject","inLanguage":"pl-PL","@id":"https:\/\/www.tutemetscombien.fr\/jeu-de-societe\/ttmc-quebec\/#primaryimage","url":"https:\/\/www.tutemetscombien.fr\/wp-content\/uploads\/2025\/11\/quebec.jpg","contentUrl":"https:\/\/www.tutemetscombien.fr\/wp-content\/uploads\/2025\/11\/quebec.jpg","width":1500,"height":1396,"caption":"TTMC \u2013 \u00c9dition Qu\u00e9bec : l\u2019\u00e9dition qu\u00e9b\u00e9coise de TTMC \u2013 Tu Te Mets Combien ?, pour tester ta culture locale tout en t\u2019amusant entre amis ou en famille."},{"@type":"BreadcrumbList","@id":"https:\/\/www.tutemetscombien.fr\/jeu-de-societe\/ttmc-quebec\/#breadcrumb","itemListElement":[{"@type":"ListItem","position":1,"name":"Accueil","item":"https:\/\/www.tutemetscombien.fr\/"},{"@type":"ListItem","position":2,"name":"Nos jeux","item":"https:\/\/www.tutemetscombien.fr\/nos-jeux\/"},{"@type":"ListItem","position":3,"name":"TTMC &#8211; \u00c9dition Qu\u00e9bec"}]},{"@type":"WebSite","@id":"https:\/\/www.tutemetscombien.fr\/#website","url":"https:\/\/www.tutemetscombien.fr\/","name":"Na ile ogarniasz?","description":"Zabawna i edukacyjna gra typu quiz \u2013 oficjalna strona internetowa","publisher":{"@id":"https:\/\/www.tutemetscombien.fr\/#organization"},"potentialAction":[{"@type":"SearchAction","target":{"@type":"EntryPoint","urlTemplate":"https:\/\/www.tutemetscombien.fr\/?s={search_term_string}"},"query-input":{"@type":"PropertyValueSpecification","valueRequired":true,"valueName":"search_term_string"}}],"inLanguage":"pl-PL"},{"@type":"Organization","@id":"https:\/\/www.tutemetscombien.fr\/#organization","name":"Na ile ogarniasz?","url":"https:\/\/www.tutemetscombien.fr\/","logo":{"@type":"ImageObject","inLanguage":"pl-PL","@id":"https:\/\/www.tutemetscombien.fr\/#\/schema\/logo\/image\/","url":"https:\/\/www.tutemetscombien.fr\/wp-content\/uploads\/2025\/05\/Logo_TTMC_HD.png","contentUrl":"https:\/\/www.tutemetscombien.fr\/wp-content\/uploads\/2025\/05\/Logo_TTMC_HD.png","width":2000,"height":1597,"caption":"Tu te mets combien ?"},"image":{"@id":"https:\/\/www.tutemetscombien.fr\/#\/schema\/logo\/image\/"},"sameAs":["https:\/\/www.facebook.com\/tutemetscombien\/","https:\/\/www.instagram.com\/ttmctutemetscombien\/","https:\/\/www.tiktok.com\/@ttmctutemetscombien","https:\/\/www.linkedin.com\/showcase\/ttmc-tu-te-mets-combien\/"]}]}},"_links":{"self":[{"href":"https:\/\/www.tutemetscombien.fr\/pl\/wp-json\/wp\/v2\/product\/2831","targetHints":{"allow":["GET"]}}],"collection":[{"href":"https:\/\/www.tutemetscombien.fr\/pl\/wp-json\/wp\/v2\/product"}],"about":[{"href":"https:\/\/www.tutemetscombien.fr\/pl\/wp-json\/wp\/v2\/types\/product"}],"replies":[{"embeddable":true,"href":"https:\/\/www.tutemetscombien.fr\/pl\/wp-json\/wp\/v2\/comments?post=2831"}],"wp:featuredmedia":[{"embeddable":true,"href":"https:\/\/www.tutemetscombien.fr\/pl\/wp-json\/wp\/v2\/media\/2840"}],"wp:attachment":[{"href":"https:\/\/www.tutemetscombien.fr\/pl\/wp-json\/wp\/v2\/media?parent=2831"}],"wp:term":[{"taxonomy":"product_brand","embeddable":true,"href":"https:\/\/www.tutemetscombien.fr\/pl\/wp-json\/wp\/v2\/product_brand?post=2831"},{"taxonomy":"product_cat","embeddable":true,"href":"https:\/\/www.tutemetscombien.fr\/pl\/wp-json\/wp\/v2\/product_cat?post=2831"},{"taxonomy":"product_tag","embeddable":true,"href":"https:\/\/www.tutemetscombien.fr\/pl\/wp-json\/wp\/v2\/product_tag?post=2831"}],"curies":[{"name":"wp","href":"https:\/\/api.w.org\/{rel}","templated":true}]}}