{"id":2613,"date":"2025-10-24T16:37:36","date_gmt":"2025-10-24T14:37:36","guid":{"rendered":"https:\/\/www.tutemetscombien.fr\/?post_type=product&#038;p=2613"},"modified":"2026-04-29T11:32:10","modified_gmt":"2026-04-29T09:32:10","slug":"ttmc-sales-momes","status":"publish","type":"product","link":"https:\/\/www.tutemetscombien.fr\/pl\/jeu-de-societe\/ttmc-sales-momes\/","title":{"rendered":"TTMC \u2013 Sales M\u00f4mes"},"content":{"rendered":"<p>Wariant <em>TTMC \u2013 Tu Te Mets Combien ?<\/em> Wydanie przeznaczone dla dzieci, zawiera 162 karty dla niegrzecznych dzieci i 835 grzecznych pyta\u0144.<\/p>\n<p>Zasada pozostaje ta sama: samodzielnie oceniasz swoj\u0105 wiedz\u0119 w danym temacie w skali od 1 (\u0142atwy) do 5 (ekspercki). Im wy\u017cszy wynik, tym trudniejsze pytanie. Prawid\u0142owa odpowied\u017a? Przesuwasz si\u0119 o liczb\u0119 p\u00f3l r\u00f3wn\u0105 liczbie punkt\u00f3w.<\/p>\n<p>Do gry na planszach do\u0142\u0105czone s\u0105 tak\u017ce pomys\u0142owe naklejki, dzi\u0119ki kt\u00f3rym mo\u017cna bawi\u0107 si\u0119 nimi z doros\u0142ymi. <em>TTMC<\/em> 1 i 2.<\/p>\n<p>Niegrzeczne dzieciaki w ko\u0144cu si\u0119 zem\u015bci\u0142y!<\/p>","protected":false},"excerpt":{"rendered":"<div id=\"product-description-short-4524\">\n<p>Jak oceniasz siebie pod wzgl\u0119dem wygl\u0105du? W grach wideo? W Harrym Potterze?<br \/>\nWersja <em>TTMC<\/em> dla dzieci, bez wzgl\u0119du na to, czy przyznaj\u0105 si\u0119 do niepowodze\u0144, czy te\u017c uwa\u017caj\u0105 si\u0119 za intelektualist\u00f3w!<\/p>\n<\/div>","protected":false},"featured_media":2616,"comment_status":"closed","ping_status":"closed","template":"","meta":{"_acf_changed":false},"product_brand":[],"product_cat":[37],"product_tag":[],"class_list":{"0":"post-2613","1":"product","2":"type-product","3":"status-publish","4":"has-post-thumbnail","6":"product_cat-ttmc-france","8":"first","9":"instock","10":"featured","11":"taxable","12":"shipping-taxable","13":"purchasable","14":"product-type-simple"},"acf":[],"yoast_head":"<!-- This site is optimized with the Yoast SEO plugin v27.4 - https:\/\/yoast.com\/product\/yoast-seo-wordpress\/ -->\n<title>TTMC \u2013 Sales M\u00f4mes : jeu de culture g\u00e9n\u00e9rale pour enfants<\/title>\n<meta name=\"description\" content=\"TTMC \u2013 Sales M\u00f4mes : version junior du jeu de soci\u00e9t\u00e9 TTMC destin\u00e9e aux 9-13 ans pour tester sa culture g\u00e9n\u00e9rale entre copains ou en famille.\" \/>\n<meta name=\"robots\" content=\"index, follow, max-snippet:-1, max-image-preview:large, max-video-preview:-1\" \/>\n<link rel=\"canonical\" href=\"https:\/\/www.tutemetscombien.fr\/pl\/jeu-de-societe\/ttmc-sales-momes\/\" \/>\n<meta property=\"og:locale\" content=\"pl_PL\" \/>\n<meta property=\"og:type\" content=\"article\" \/>\n<meta property=\"og:title\" content=\"TTMC \u2013 Sales M\u00f4mes : jeu de culture g\u00e9n\u00e9rale pour enfants\" \/>\n<meta property=\"og:description\" content=\"TTMC \u2013 Sales M\u00f4mes : version junior du jeu de soci\u00e9t\u00e9 TTMC destin\u00e9e aux 9-13 ans pour tester sa culture g\u00e9n\u00e9rale entre copains ou en famille.\" \/>\n<meta property=\"og:url\" content=\"https:\/\/www.tutemetscombien.fr\/pl\/jeu-de-societe\/ttmc-sales-momes\/\" \/>\n<meta property=\"og:site_name\" content=\"Tu te mets combien ?\" \/>\n<meta property=\"article:publisher\" content=\"https:\/\/www.facebook.com\/tutemetscombien\/\" \/>\n<meta property=\"article:modified_time\" content=\"2026-04-29T09:32:10+00:00\" \/>\n<meta property=\"og:image\" content=\"https:\/\/www.tutemetscombien.fr\/wp-content\/uploads\/2025\/10\/TTMC-SALES-MOMES-3Q-G-1024x1024.png\" \/>\n\t<meta property=\"og:image:width\" content=\"1024\" \/>\n\t<meta property=\"og:image:height\" content=\"1024\" \/>\n\t<meta property=\"og:image:type\" content=\"image\/png\" \/>\n<meta name=\"twitter:card\" content=\"summary_large_image\" \/>\n<meta name=\"twitter:label1\" content=\"Szacowany czas czytania\" \/>\n\t<meta name=\"twitter:data1\" content=\"1 minuta\" \/>\n<script type=\"application\/ld+json\" class=\"yoast-schema-graph\">{\"@context\":\"https:\\\/\\\/schema.org\",\"@graph\":[{\"@type\":\"WebPage\",\"@id\":\"https:\\\/\\\/www.tutemetscombien.fr\\\/jeu-de-societe\\\/ttmc-sales-momes\\\/\",\"url\":\"https:\\\/\\\/www.tutemetscombien.fr\\\/jeu-de-societe\\\/ttmc-sales-momes\\\/\",\"name\":\"TTMC \u2013 Sales M\u00f4mes : jeu de culture g\u00e9n\u00e9rale pour enfants\",\"isPartOf\":{\"@id\":\"https:\\\/\\\/www.tutemetscombien.fr\\\/#website\"},\"primaryImageOfPage\":{\"@id\":\"https:\\\/\\\/www.tutemetscombien.fr\\\/jeu-de-societe\\\/ttmc-sales-momes\\\/#primaryimage\"},\"image\":{\"@id\":\"https:\\\/\\\/www.tutemetscombien.fr\\\/jeu-de-societe\\\/ttmc-sales-momes\\\/#primaryimage\"},\"thumbnailUrl\":\"https:\\\/\\\/www.tutemetscombien.fr\\\/wp-content\\\/uploads\\\/2025\\\/10\\\/TTMC-SALES-MOMES-3Q-G.png\",\"datePublished\":\"2025-10-24T14:37:36+00:00\",\"dateModified\":\"2026-04-29T09:32:10+00:00\",\"description\":\"TTMC \u2013 Sales M\u00f4mes : version junior du jeu de soci\u00e9t\u00e9 TTMC destin\u00e9e aux 9-13 ans pour tester sa culture g\u00e9n\u00e9rale entre copains ou en famille.\",\"breadcrumb\":{\"@id\":\"https:\\\/\\\/www.tutemetscombien.fr\\\/jeu-de-societe\\\/ttmc-sales-momes\\\/#breadcrumb\"},\"inLanguage\":\"pl-PL\",\"potentialAction\":[{\"@type\":\"ReadAction\",\"target\":[\"https:\\\/\\\/www.tutemetscombien.fr\\\/jeu-de-societe\\\/ttmc-sales-momes\\\/\"]}]},{\"@type\":\"ImageObject\",\"inLanguage\":\"pl-PL\",\"@id\":\"https:\\\/\\\/www.tutemetscombien.fr\\\/jeu-de-societe\\\/ttmc-sales-momes\\\/#primaryimage\",\"url\":\"https:\\\/\\\/www.tutemetscombien.fr\\\/wp-content\\\/uploads\\\/2025\\\/10\\\/TTMC-SALES-MOMES-3Q-G.png\",\"contentUrl\":\"https:\\\/\\\/www.tutemetscombien.fr\\\/wp-content\\\/uploads\\\/2025\\\/10\\\/TTMC-SALES-MOMES-3Q-G.png\",\"width\":1692,\"height\":1692,\"caption\":\"Bo\u00eete du jeu TTMC \u2013 Sales M\u00f4mes\"},{\"@type\":\"BreadcrumbList\",\"@id\":\"https:\\\/\\\/www.tutemetscombien.fr\\\/jeu-de-societe\\\/ttmc-sales-momes\\\/#breadcrumb\",\"itemListElement\":[{\"@type\":\"ListItem\",\"position\":1,\"name\":\"Accueil\",\"item\":\"https:\\\/\\\/www.tutemetscombien.fr\\\/\"},{\"@type\":\"ListItem\",\"position\":2,\"name\":\"Nos jeux\",\"item\":\"https:\\\/\\\/www.tutemetscombien.fr\\\/nos-jeux\\\/\"},{\"@type\":\"ListItem\",\"position\":3,\"name\":\"TTMC &#8211; Sales M\u00f4mes\"}]},{\"@type\":\"WebSite\",\"@id\":\"https:\\\/\\\/www.tutemetscombien.fr\\\/#website\",\"url\":\"https:\\\/\\\/www.tutemetscombien.fr\\\/\",\"name\":\"Tu te mets combien ?\",\"description\":\"Jeu de questions amusant et \u00e9ducatif - Site Officiel\",\"publisher\":{\"@id\":\"https:\\\/\\\/www.tutemetscombien.fr\\\/#organization\"},\"potentialAction\":[{\"@type\":\"SearchAction\",\"target\":{\"@type\":\"EntryPoint\",\"urlTemplate\":\"https:\\\/\\\/www.tutemetscombien.fr\\\/?s={search_term_string}\"},\"query-input\":{\"@type\":\"PropertyValueSpecification\",\"valueRequired\":true,\"valueName\":\"search_term_string\"}}],\"inLanguage\":\"pl-PL\"},{\"@type\":\"Organization\",\"@id\":\"https:\\\/\\\/www.tutemetscombien.fr\\\/#organization\",\"name\":\"Tu te mets combien ?\",\"url\":\"https:\\\/\\\/www.tutemetscombien.fr\\\/\",\"logo\":{\"@type\":\"ImageObject\",\"inLanguage\":\"pl-PL\",\"@id\":\"https:\\\/\\\/www.tutemetscombien.fr\\\/#\\\/schema\\\/logo\\\/image\\\/\",\"url\":\"https:\\\/\\\/www.tutemetscombien.fr\\\/wp-content\\\/uploads\\\/2025\\\/05\\\/Logo_TTMC_HD.png\",\"contentUrl\":\"https:\\\/\\\/www.tutemetscombien.fr\\\/wp-content\\\/uploads\\\/2025\\\/05\\\/Logo_TTMC_HD.png\",\"width\":2000,\"height\":1597,\"caption\":\"Tu te mets combien ?\"},\"image\":{\"@id\":\"https:\\\/\\\/www.tutemetscombien.fr\\\/#\\\/schema\\\/logo\\\/image\\\/\"},\"sameAs\":[\"https:\\\/\\\/www.facebook.com\\\/tutemetscombien\\\/\",\"https:\\\/\\\/www.instagram.com\\\/ttmctutemetscombien\\\/\",\"https:\\\/\\\/www.tiktok.com\\\/@ttmctutemetscombien\",\"https:\\\/\\\/www.linkedin.com\\\/showcase\\\/ttmc-tu-te-mets-combien\\\/\"]}]}<\/script>\n<!-- \/ Yoast SEO plugin. -->","yoast_head_json":{"title":"TTMC \u2013 Sales M\u00f4mes: gra edukacyjna dla dzieci","description":"TTMC \u2013 Sales M\u00f4mes: wersja juniorska gry planszowej TTMC przeznaczona dla dzieci w wieku 9\u201313 lat, chc\u0105cych sprawdzi\u0107 swoj\u0105 wiedz\u0119 og\u00f3ln\u0105 w gronie przyjaci\u00f3\u0142 lub rodziny.","robots":{"index":"index","follow":"follow","max-snippet":"max-snippet:-1","max-image-preview":"max-image-preview:large","max-video-preview":"max-video-preview:-1"},"canonical":"https:\/\/www.tutemetscombien.fr\/pl\/jeu-de-societe\/ttmc-sales-momes\/","og_locale":"pl_PL","og_type":"article","og_title":"TTMC \u2013 Sales M\u00f4mes : jeu de culture g\u00e9n\u00e9rale pour enfants","og_description":"TTMC \u2013 Sales M\u00f4mes : version junior du jeu de soci\u00e9t\u00e9 TTMC destin\u00e9e aux 9-13 ans pour tester sa culture g\u00e9n\u00e9rale entre copains ou en famille.","og_url":"https:\/\/www.tutemetscombien.fr\/pl\/jeu-de-societe\/ttmc-sales-momes\/","og_site_name":"Tu te mets combien ?","article_publisher":"https:\/\/www.facebook.com\/tutemetscombien\/","article_modified_time":"2026-04-29T09:32:10+00:00","og_image":[{"width":1024,"height":1024,"url":"https:\/\/www.tutemetscombien.fr\/wp-content\/uploads\/2025\/10\/TTMC-SALES-MOMES-3Q-G-1024x1024.png","type":"image\/png"}],"twitter_card":"summary_large_image","twitter_misc":{"Szacowany czas czytania":"1 minuta"},"schema":{"@context":"https:\/\/schema.org","@graph":[{"@type":"WebPage","@id":"https:\/\/www.tutemetscombien.fr\/jeu-de-societe\/ttmc-sales-momes\/","url":"https:\/\/www.tutemetscombien.fr\/jeu-de-societe\/ttmc-sales-momes\/","name":"TTMC \u2013 Sales M\u00f4mes: gra edukacyjna dla dzieci","isPartOf":{"@id":"https:\/\/www.tutemetscombien.fr\/#website"},"primaryImageOfPage":{"@id":"https:\/\/www.tutemetscombien.fr\/jeu-de-societe\/ttmc-sales-momes\/#primaryimage"},"image":{"@id":"https:\/\/www.tutemetscombien.fr\/jeu-de-societe\/ttmc-sales-momes\/#primaryimage"},"thumbnailUrl":"https:\/\/www.tutemetscombien.fr\/wp-content\/uploads\/2025\/10\/TTMC-SALES-MOMES-3Q-G.png","datePublished":"2025-10-24T14:37:36+00:00","dateModified":"2026-04-29T09:32:10+00:00","description":"TTMC \u2013 Sales M\u00f4mes: wersja juniorska gry planszowej TTMC przeznaczona dla dzieci w wieku 9\u201313 lat, chc\u0105cych sprawdzi\u0107 swoj\u0105 wiedz\u0119 og\u00f3ln\u0105 w gronie przyjaci\u00f3\u0142 lub rodziny.","breadcrumb":{"@id":"https:\/\/www.tutemetscombien.fr\/jeu-de-societe\/ttmc-sales-momes\/#breadcrumb"},"inLanguage":"pl-PL","potentialAction":[{"@type":"ReadAction","target":["https:\/\/www.tutemetscombien.fr\/jeu-de-societe\/ttmc-sales-momes\/"]}]},{"@type":"ImageObject","inLanguage":"pl-PL","@id":"https:\/\/www.tutemetscombien.fr\/jeu-de-societe\/ttmc-sales-momes\/#primaryimage","url":"https:\/\/www.tutemetscombien.fr\/wp-content\/uploads\/2025\/10\/TTMC-SALES-MOMES-3Q-G.png","contentUrl":"https:\/\/www.tutemetscombien.fr\/wp-content\/uploads\/2025\/10\/TTMC-SALES-MOMES-3Q-G.png","width":1692,"height":1692,"caption":"Bo\u00eete du jeu TTMC \u2013 Sales M\u00f4mes"},{"@type":"BreadcrumbList","@id":"https:\/\/www.tutemetscombien.fr\/jeu-de-societe\/ttmc-sales-momes\/#breadcrumb","itemListElement":[{"@type":"ListItem","position":1,"name":"Accueil","item":"https:\/\/www.tutemetscombien.fr\/"},{"@type":"ListItem","position":2,"name":"Nos jeux","item":"https:\/\/www.tutemetscombien.fr\/nos-jeux\/"},{"@type":"ListItem","position":3,"name":"TTMC &#8211; Sales M\u00f4mes"}]},{"@type":"WebSite","@id":"https:\/\/www.tutemetscombien.fr\/#website","url":"https:\/\/www.tutemetscombien.fr\/","name":"Na ile ogarniasz?","description":"Zabawna i edukacyjna gra typu quiz \u2013 oficjalna strona internetowa","publisher":{"@id":"https:\/\/www.tutemetscombien.fr\/#organization"},"potentialAction":[{"@type":"SearchAction","target":{"@type":"EntryPoint","urlTemplate":"https:\/\/www.tutemetscombien.fr\/?s={search_term_string}"},"query-input":{"@type":"PropertyValueSpecification","valueRequired":true,"valueName":"search_term_string"}}],"inLanguage":"pl-PL"},{"@type":"Organization","@id":"https:\/\/www.tutemetscombien.fr\/#organization","name":"Na ile ogarniasz?","url":"https:\/\/www.tutemetscombien.fr\/","logo":{"@type":"ImageObject","inLanguage":"pl-PL","@id":"https:\/\/www.tutemetscombien.fr\/#\/schema\/logo\/image\/","url":"https:\/\/www.tutemetscombien.fr\/wp-content\/uploads\/2025\/05\/Logo_TTMC_HD.png","contentUrl":"https:\/\/www.tutemetscombien.fr\/wp-content\/uploads\/2025\/05\/Logo_TTMC_HD.png","width":2000,"height":1597,"caption":"Tu te mets combien ?"},"image":{"@id":"https:\/\/www.tutemetscombien.fr\/#\/schema\/logo\/image\/"},"sameAs":["https:\/\/www.facebook.com\/tutemetscombien\/","https:\/\/www.instagram.com\/ttmctutemetscombien\/","https:\/\/www.tiktok.com\/@ttmctutemetscombien","https:\/\/www.linkedin.com\/showcase\/ttmc-tu-te-mets-combien\/"]}]}},"_links":{"self":[{"href":"https:\/\/www.tutemetscombien.fr\/pl\/wp-json\/wp\/v2\/product\/2613","targetHints":{"allow":["GET"]}}],"collection":[{"href":"https:\/\/www.tutemetscombien.fr\/pl\/wp-json\/wp\/v2\/product"}],"about":[{"href":"https:\/\/www.tutemetscombien.fr\/pl\/wp-json\/wp\/v2\/types\/product"}],"replies":[{"embeddable":true,"href":"https:\/\/www.tutemetscombien.fr\/pl\/wp-json\/wp\/v2\/comments?post=2613"}],"wp:featuredmedia":[{"embeddable":true,"href":"https:\/\/www.tutemetscombien.fr\/pl\/wp-json\/wp\/v2\/media\/2616"}],"wp:attachment":[{"href":"https:\/\/www.tutemetscombien.fr\/pl\/wp-json\/wp\/v2\/media?parent=2613"}],"wp:term":[{"taxonomy":"product_brand","embeddable":true,"href":"https:\/\/www.tutemetscombien.fr\/pl\/wp-json\/wp\/v2\/product_brand?post=2613"},{"taxonomy":"product_cat","embeddable":true,"href":"https:\/\/www.tutemetscombien.fr\/pl\/wp-json\/wp\/v2\/product_cat?post=2613"},{"taxonomy":"product_tag","embeddable":true,"href":"https:\/\/www.tutemetscombien.fr\/pl\/wp-json\/wp\/v2\/product_tag?post=2613"}],"curies":[{"name":"wp","href":"https:\/\/api.w.org\/{rel}","templated":true}]}}