{"id":2523,"date":"2025-10-21T12:23:59","date_gmt":"2025-10-21T10:23:59","guid":{"rendered":"https:\/\/www.tutemetscombien.fr\/?post_type=product&#038;p=2523"},"modified":"2026-04-27T10:18:01","modified_gmt":"2026-04-27T08:18:01","slug":"ttmc-access-tu-te-mets-combien","status":"publish","type":"product","link":"https:\/\/www.tutemetscombien.fr\/pl\/jeu-de-societe\/ttmc-access-tu-te-mets-combien\/","title":{"rendered":"TTMC Access \u2013 Tu Te Mets Combien ?"},"content":{"rendered":"<p>Ta sama rozgrywka, ten sam nietypowy humor, ale w wersji zaprojektowanej tak, aby ka\u017cdy m\u00f3g\u0142 w ni\u0105 gra\u0107 <em>TTMC<\/em>.<br \/>\nZ <em>TTMC Access<\/em>, odkrywa adaptacj\u0119 <em>TTMC 1<\/em> specjalnie zaprojektowane dla os\u00f3b niedowidz\u0105cych i niewidomych.<\/p>\n<p>Zasada pozostaje ta sama: samodzielnie oceniasz swoj\u0105 wiedz\u0119 w wybranym temacie w skali od 1 (\u0142atwy) do 10 (ekspercki). Im wy\u017cszy wynik, tym wi\u0119cej...<br \/>\nPytanie jest trudne. Dobra odpowied\u017a? Przesuwasz si\u0119 o liczb\u0119 p\u00f3l r\u00f3wn\u0105 twojemu wynikowi.<\/p>\n<p><strong>Ekran dotykowy<\/strong><br \/>\nPlansza do gry zosta\u0142a zaprojektowana na nowo, aby zapewni\u0107 p\u0142ynniejsz\u0105 i bardziej intuicyjn\u0105 rozgrywk\u0119.<br \/>\nLinia prowadz\u0105ca wykonana z grubej warstwy lakieru prowadzi graczy od pola startowego do pola ko\u0144cowego, pod\u0105\u017caj\u0105c za wyczuwaln\u0105 spiral\u0105, kt\u00f3ra pozwala<br \/>\naby zawsze wiedzie\u0107, w kt\u00f3r\u0105 stron\u0119 przesun\u0105\u0107 swoj\u0105 figur\u0119.<br \/>\nKa\u017cda kategoria przypisana jest odr\u0119bnemu wydr\u0105\u017ceniu w tacce, co u\u0142atwia identyfikacj\u0119.<\/p>\n<p><strong>Po\u0142\u0105czone mapy<\/strong><br \/>\nR\u00f3\u017cne kategorie pyta\u0144 reprezentowane s\u0105 przez tekturowe kafelki o tym samym kszta\u0142cie co te na tablicy, wyposa\u017cone w uk\u0142ady NFC.<br \/>\nWystarczy zeskanowa\u0107 je smartfonem za pomoc\u0105 aplikacji. <em>TTMC Access<\/em>, kt\u00f3ry czyta pytanie na g\u0142os.<br \/>\nProsta technologia, bezcelowa i bardziej p\u0142ynna ni\u017c kod QR.<\/p>\n<p><strong>Dedykowana aplikacja<\/strong><br \/>\nAplikacja dost\u0119pna na iPhone&#039;a i Androida <em>TTMC Access<\/em> jest w pe\u0142ni kompatybilny z narz\u0119dziami u\u0142atwiaj\u0105cymi dost\u0119p TalkBack i<br \/>\nLektor.<br \/>\nMo\u017cna go dostosowa\u0107 do potrzeb ka\u017cdego gracza (synteza mowy, szybko\u015b\u0107 czytania, rozmiar czcionki itp.).<br \/>\nInstrukcja obs\u0142ugi jest dost\u0119pna w ka\u017cdej chwili w zak\u0142adce Pomoc, gdzie gracze znajd\u0105 wskaz\u00f3wki krok po kroku dotycz\u0105ce rozgrywki.<\/p>\n<p>We wsp\u00f3\u0142pracy z AccessiGames.<\/p>","protected":false},"excerpt":{"rendered":"<div id=\"product-description-short-4524\">\n<p>Jak bardzo cenisz siebie jako Aladyna? Jako wyimaginowane zwierz\u0119ta? Jako wyka\u0142aczki?<br \/>\nWersja <em>TTMC<\/em> zaprojektowano dla os\u00f3b niedowidz\u0105cych i niewidomych we wsp\u00f3\u0142pracy z AccessiGames.<\/p>\n<\/div>","protected":false},"featured_media":3157,"comment_status":"closed","ping_status":"closed","template":"","meta":{"_acf_changed":false},"product_brand":[],"product_cat":[37],"product_tag":[],"class_list":{"0":"post-2523","1":"product","2":"type-product","3":"status-publish","4":"has-post-thumbnail","6":"product_cat-ttmc-france","8":"first","9":"instock","10":"taxable","11":"shipping-taxable","12":"purchasable","13":"product-type-simple"},"acf":[],"yoast_head":"<!-- This site is optimized with the Yoast SEO plugin v27.4 - https:\/\/yoast.com\/product\/yoast-seo-wordpress\/ -->\n<title>TTMC Access : l\u2019\u00e9dition inclusive du jeu d\u2019ambiance TTMC<\/title>\n<meta name=\"description\" content=\"TTMC Access \u2013 Tu Te Mets Combien ? : l\u2019\u00e9dition pens\u00e9e pour les personnes malvoyantes\/non-voyantes, avec plateau tactile, cartes NFC et appli accessible.\" \/>\n<meta name=\"robots\" content=\"index, follow, max-snippet:-1, max-image-preview:large, max-video-preview:-1\" \/>\n<link rel=\"canonical\" href=\"https:\/\/www.tutemetscombien.fr\/pl\/jeu-de-societe\/ttmc-access-tu-te-mets-combien\/\" \/>\n<meta property=\"og:locale\" content=\"pl_PL\" \/>\n<meta property=\"og:type\" content=\"article\" \/>\n<meta property=\"og:title\" content=\"TTMC Access : l\u2019\u00e9dition inclusive du jeu d\u2019ambiance TTMC\" \/>\n<meta property=\"og:description\" content=\"TTMC Access \u2013 Tu Te Mets Combien ? : l\u2019\u00e9dition pens\u00e9e pour les personnes malvoyantes\/non-voyantes, avec plateau tactile, cartes NFC et appli accessible.\" \/>\n<meta property=\"og:url\" content=\"https:\/\/www.tutemetscombien.fr\/pl\/jeu-de-societe\/ttmc-access-tu-te-mets-combien\/\" \/>\n<meta property=\"og:site_name\" content=\"Tu te mets combien ?\" \/>\n<meta property=\"article:publisher\" content=\"https:\/\/www.facebook.com\/tutemetscombien\/\" \/>\n<meta property=\"article:modified_time\" content=\"2026-04-27T08:18:01+00:00\" \/>\n<meta property=\"og:image\" content=\"https:\/\/www.tutemetscombien.fr\/wp-content\/uploads\/2025\/10\/PIXIEGAMES_TTMC-ACCESSI_3quart-GAUCHE-scaled.jpg\" \/>\n\t<meta property=\"og:image:width\" content=\"2560\" \/>\n\t<meta property=\"og:image:height\" content=\"2560\" \/>\n\t<meta property=\"og:image:type\" content=\"image\/jpeg\" \/>\n<meta name=\"twitter:card\" content=\"summary_large_image\" \/>\n<meta name=\"twitter:label1\" content=\"Szacowany czas czytania\" \/>\n\t<meta name=\"twitter:data1\" content=\"2 minuty\" \/>\n<script type=\"application\/ld+json\" class=\"yoast-schema-graph\">{\"@context\":\"https:\\\/\\\/schema.org\",\"@graph\":[{\"@type\":\"WebPage\",\"@id\":\"https:\\\/\\\/www.tutemetscombien.fr\\\/jeu-de-societe\\\/ttmc-access-tu-te-mets-combien\\\/\",\"url\":\"https:\\\/\\\/www.tutemetscombien.fr\\\/jeu-de-societe\\\/ttmc-access-tu-te-mets-combien\\\/\",\"name\":\"TTMC Access : l\u2019\u00e9dition inclusive du jeu d\u2019ambiance TTMC\",\"isPartOf\":{\"@id\":\"https:\\\/\\\/www.tutemetscombien.fr\\\/#website\"},\"primaryImageOfPage\":{\"@id\":\"https:\\\/\\\/www.tutemetscombien.fr\\\/jeu-de-societe\\\/ttmc-access-tu-te-mets-combien\\\/#primaryimage\"},\"image\":{\"@id\":\"https:\\\/\\\/www.tutemetscombien.fr\\\/jeu-de-societe\\\/ttmc-access-tu-te-mets-combien\\\/#primaryimage\"},\"thumbnailUrl\":\"https:\\\/\\\/www.tutemetscombien.fr\\\/wp-content\\\/uploads\\\/2025\\\/10\\\/PIXIEGAMES_TTMC-ACCESSI_3quart-GAUCHE-scaled.jpg\",\"datePublished\":\"2025-10-21T10:23:59+00:00\",\"dateModified\":\"2026-04-27T08:18:01+00:00\",\"description\":\"TTMC Access \u2013 Tu Te Mets Combien ? : l\u2019\u00e9dition pens\u00e9e pour les personnes malvoyantes\\\/non-voyantes, avec plateau tactile, cartes NFC et appli accessible.\",\"breadcrumb\":{\"@id\":\"https:\\\/\\\/www.tutemetscombien.fr\\\/jeu-de-societe\\\/ttmc-access-tu-te-mets-combien\\\/#breadcrumb\"},\"inLanguage\":\"pl-PL\",\"potentialAction\":[{\"@type\":\"ReadAction\",\"target\":[\"https:\\\/\\\/www.tutemetscombien.fr\\\/jeu-de-societe\\\/ttmc-access-tu-te-mets-combien\\\/\"]}]},{\"@type\":\"ImageObject\",\"inLanguage\":\"pl-PL\",\"@id\":\"https:\\\/\\\/www.tutemetscombien.fr\\\/jeu-de-societe\\\/ttmc-access-tu-te-mets-combien\\\/#primaryimage\",\"url\":\"https:\\\/\\\/www.tutemetscombien.fr\\\/wp-content\\\/uploads\\\/2025\\\/10\\\/PIXIEGAMES_TTMC-ACCESSI_3quart-GAUCHE-scaled.jpg\",\"contentUrl\":\"https:\\\/\\\/www.tutemetscombien.fr\\\/wp-content\\\/uploads\\\/2025\\\/10\\\/PIXIEGAMES_TTMC-ACCESSI_3quart-GAUCHE-scaled.jpg\",\"width\":2560,\"height\":2560,\"caption\":\"Bo\u00eete du jeu TTMC Access \u2013 Tu Te Mets Combien ?\"},{\"@type\":\"BreadcrumbList\",\"@id\":\"https:\\\/\\\/www.tutemetscombien.fr\\\/jeu-de-societe\\\/ttmc-access-tu-te-mets-combien\\\/#breadcrumb\",\"itemListElement\":[{\"@type\":\"ListItem\",\"position\":1,\"name\":\"Accueil\",\"item\":\"https:\\\/\\\/www.tutemetscombien.fr\\\/\"},{\"@type\":\"ListItem\",\"position\":2,\"name\":\"Nos jeux\",\"item\":\"https:\\\/\\\/www.tutemetscombien.fr\\\/nos-jeux\\\/\"},{\"@type\":\"ListItem\",\"position\":3,\"name\":\"TTMC Access \u2013 Tu Te Mets Combien ?\"}]},{\"@type\":\"WebSite\",\"@id\":\"https:\\\/\\\/www.tutemetscombien.fr\\\/#website\",\"url\":\"https:\\\/\\\/www.tutemetscombien.fr\\\/\",\"name\":\"Tu te mets combien ?\",\"description\":\"Jeu de questions amusant et \u00e9ducatif - Site Officiel\",\"publisher\":{\"@id\":\"https:\\\/\\\/www.tutemetscombien.fr\\\/#organization\"},\"potentialAction\":[{\"@type\":\"SearchAction\",\"target\":{\"@type\":\"EntryPoint\",\"urlTemplate\":\"https:\\\/\\\/www.tutemetscombien.fr\\\/?s={search_term_string}\"},\"query-input\":{\"@type\":\"PropertyValueSpecification\",\"valueRequired\":true,\"valueName\":\"search_term_string\"}}],\"inLanguage\":\"pl-PL\"},{\"@type\":\"Organization\",\"@id\":\"https:\\\/\\\/www.tutemetscombien.fr\\\/#organization\",\"name\":\"Tu te mets combien ?\",\"url\":\"https:\\\/\\\/www.tutemetscombien.fr\\\/\",\"logo\":{\"@type\":\"ImageObject\",\"inLanguage\":\"pl-PL\",\"@id\":\"https:\\\/\\\/www.tutemetscombien.fr\\\/#\\\/schema\\\/logo\\\/image\\\/\",\"url\":\"https:\\\/\\\/www.tutemetscombien.fr\\\/wp-content\\\/uploads\\\/2025\\\/05\\\/Logo_TTMC_HD.png\",\"contentUrl\":\"https:\\\/\\\/www.tutemetscombien.fr\\\/wp-content\\\/uploads\\\/2025\\\/05\\\/Logo_TTMC_HD.png\",\"width\":2000,\"height\":1597,\"caption\":\"Tu te mets combien ?\"},\"image\":{\"@id\":\"https:\\\/\\\/www.tutemetscombien.fr\\\/#\\\/schema\\\/logo\\\/image\\\/\"},\"sameAs\":[\"https:\\\/\\\/www.facebook.com\\\/tutemetscombien\\\/\",\"https:\\\/\\\/www.instagram.com\\\/ttmctutemetscombien\\\/\",\"https:\\\/\\\/www.tiktok.com\\\/@ttmctutemetscombien\",\"https:\\\/\\\/www.linkedin.com\\\/showcase\\\/ttmc-tu-te-mets-combien\\\/\"]}]}<\/script>\n<!-- \/ Yoast SEO plugin. -->","yoast_head_json":{"title":"TTMC Access: ekskluzywna edycja gry imprezowej TTMC","description":"TTMC Access \u2013 Tu Te Mets Combien?: edycja przeznaczona dla os\u00f3b niedowidz\u0105cych\/niewidomych, z tablic\u0105 dotykow\u0105, kartami NFC i dost\u0119pn\u0105 aplikacj\u0105.","robots":{"index":"index","follow":"follow","max-snippet":"max-snippet:-1","max-image-preview":"max-image-preview:large","max-video-preview":"max-video-preview:-1"},"canonical":"https:\/\/www.tutemetscombien.fr\/pl\/jeu-de-societe\/ttmc-access-tu-te-mets-combien\/","og_locale":"pl_PL","og_type":"article","og_title":"TTMC Access : l\u2019\u00e9dition inclusive du jeu d\u2019ambiance TTMC","og_description":"TTMC Access \u2013 Tu Te Mets Combien ? : l\u2019\u00e9dition pens\u00e9e pour les personnes malvoyantes\/non-voyantes, avec plateau tactile, cartes NFC et appli accessible.","og_url":"https:\/\/www.tutemetscombien.fr\/pl\/jeu-de-societe\/ttmc-access-tu-te-mets-combien\/","og_site_name":"Tu te mets combien ?","article_publisher":"https:\/\/www.facebook.com\/tutemetscombien\/","article_modified_time":"2026-04-27T08:18:01+00:00","og_image":[{"width":2560,"height":2560,"url":"https:\/\/www.tutemetscombien.fr\/wp-content\/uploads\/2025\/10\/PIXIEGAMES_TTMC-ACCESSI_3quart-GAUCHE-scaled.jpg","type":"image\/jpeg"}],"twitter_card":"summary_large_image","twitter_misc":{"Szacowany czas czytania":"2 minuty"},"schema":{"@context":"https:\/\/schema.org","@graph":[{"@type":"WebPage","@id":"https:\/\/www.tutemetscombien.fr\/jeu-de-societe\/ttmc-access-tu-te-mets-combien\/","url":"https:\/\/www.tutemetscombien.fr\/jeu-de-societe\/ttmc-access-tu-te-mets-combien\/","name":"TTMC Access: ekskluzywna edycja gry imprezowej TTMC","isPartOf":{"@id":"https:\/\/www.tutemetscombien.fr\/#website"},"primaryImageOfPage":{"@id":"https:\/\/www.tutemetscombien.fr\/jeu-de-societe\/ttmc-access-tu-te-mets-combien\/#primaryimage"},"image":{"@id":"https:\/\/www.tutemetscombien.fr\/jeu-de-societe\/ttmc-access-tu-te-mets-combien\/#primaryimage"},"thumbnailUrl":"https:\/\/www.tutemetscombien.fr\/wp-content\/uploads\/2025\/10\/PIXIEGAMES_TTMC-ACCESSI_3quart-GAUCHE-scaled.jpg","datePublished":"2025-10-21T10:23:59+00:00","dateModified":"2026-04-27T08:18:01+00:00","description":"TTMC Access \u2013 Tu Te Mets Combien?: edycja przeznaczona dla os\u00f3b niedowidz\u0105cych\/niewidomych, z tablic\u0105 dotykow\u0105, kartami NFC i dost\u0119pn\u0105 aplikacj\u0105.","breadcrumb":{"@id":"https:\/\/www.tutemetscombien.fr\/jeu-de-societe\/ttmc-access-tu-te-mets-combien\/#breadcrumb"},"inLanguage":"pl-PL","potentialAction":[{"@type":"ReadAction","target":["https:\/\/www.tutemetscombien.fr\/jeu-de-societe\/ttmc-access-tu-te-mets-combien\/"]}]},{"@type":"ImageObject","inLanguage":"pl-PL","@id":"https:\/\/www.tutemetscombien.fr\/jeu-de-societe\/ttmc-access-tu-te-mets-combien\/#primaryimage","url":"https:\/\/www.tutemetscombien.fr\/wp-content\/uploads\/2025\/10\/PIXIEGAMES_TTMC-ACCESSI_3quart-GAUCHE-scaled.jpg","contentUrl":"https:\/\/www.tutemetscombien.fr\/wp-content\/uploads\/2025\/10\/PIXIEGAMES_TTMC-ACCESSI_3quart-GAUCHE-scaled.jpg","width":2560,"height":2560,"caption":"Bo\u00eete du jeu TTMC Access \u2013 Tu Te Mets Combien ?"},{"@type":"BreadcrumbList","@id":"https:\/\/www.tutemetscombien.fr\/jeu-de-societe\/ttmc-access-tu-te-mets-combien\/#breadcrumb","itemListElement":[{"@type":"ListItem","position":1,"name":"Accueil","item":"https:\/\/www.tutemetscombien.fr\/"},{"@type":"ListItem","position":2,"name":"Nos jeux","item":"https:\/\/www.tutemetscombien.fr\/nos-jeux\/"},{"@type":"ListItem","position":3,"name":"TTMC Access \u2013 Tu Te Mets Combien ?"}]},{"@type":"WebSite","@id":"https:\/\/www.tutemetscombien.fr\/#website","url":"https:\/\/www.tutemetscombien.fr\/","name":"Na ile ogarniasz?","description":"Zabawna i edukacyjna gra typu quiz \u2013 oficjalna strona internetowa","publisher":{"@id":"https:\/\/www.tutemetscombien.fr\/#organization"},"potentialAction":[{"@type":"SearchAction","target":{"@type":"EntryPoint","urlTemplate":"https:\/\/www.tutemetscombien.fr\/?s={search_term_string}"},"query-input":{"@type":"PropertyValueSpecification","valueRequired":true,"valueName":"search_term_string"}}],"inLanguage":"pl-PL"},{"@type":"Organization","@id":"https:\/\/www.tutemetscombien.fr\/#organization","name":"Na ile ogarniasz?","url":"https:\/\/www.tutemetscombien.fr\/","logo":{"@type":"ImageObject","inLanguage":"pl-PL","@id":"https:\/\/www.tutemetscombien.fr\/#\/schema\/logo\/image\/","url":"https:\/\/www.tutemetscombien.fr\/wp-content\/uploads\/2025\/05\/Logo_TTMC_HD.png","contentUrl":"https:\/\/www.tutemetscombien.fr\/wp-content\/uploads\/2025\/05\/Logo_TTMC_HD.png","width":2000,"height":1597,"caption":"Tu te mets combien ?"},"image":{"@id":"https:\/\/www.tutemetscombien.fr\/#\/schema\/logo\/image\/"},"sameAs":["https:\/\/www.facebook.com\/tutemetscombien\/","https:\/\/www.instagram.com\/ttmctutemetscombien\/","https:\/\/www.tiktok.com\/@ttmctutemetscombien","https:\/\/www.linkedin.com\/showcase\/ttmc-tu-te-mets-combien\/"]}]}},"_links":{"self":[{"href":"https:\/\/www.tutemetscombien.fr\/pl\/wp-json\/wp\/v2\/product\/2523","targetHints":{"allow":["GET"]}}],"collection":[{"href":"https:\/\/www.tutemetscombien.fr\/pl\/wp-json\/wp\/v2\/product"}],"about":[{"href":"https:\/\/www.tutemetscombien.fr\/pl\/wp-json\/wp\/v2\/types\/product"}],"replies":[{"embeddable":true,"href":"https:\/\/www.tutemetscombien.fr\/pl\/wp-json\/wp\/v2\/comments?post=2523"}],"wp:featuredmedia":[{"embeddable":true,"href":"https:\/\/www.tutemetscombien.fr\/pl\/wp-json\/wp\/v2\/media\/3157"}],"wp:attachment":[{"href":"https:\/\/www.tutemetscombien.fr\/pl\/wp-json\/wp\/v2\/media?parent=2523"}],"wp:term":[{"taxonomy":"product_brand","embeddable":true,"href":"https:\/\/www.tutemetscombien.fr\/pl\/wp-json\/wp\/v2\/product_brand?post=2523"},{"taxonomy":"product_cat","embeddable":true,"href":"https:\/\/www.tutemetscombien.fr\/pl\/wp-json\/wp\/v2\/product_cat?post=2523"},{"taxonomy":"product_tag","embeddable":true,"href":"https:\/\/www.tutemetscombien.fr\/pl\/wp-json\/wp\/v2\/product_tag?post=2523"}],"curies":[{"name":"wp","href":"https:\/\/api.w.org\/{rel}","templated":true}]}}