{"id":2734,"date":"2025-10-31T16:07:22","date_gmt":"2025-10-31T15:07:22","guid":{"rendered":"https:\/\/www.tutemetscombien.fr\/?post_type=product&#038;p=2734"},"modified":"2025-12-01T15:49:15","modified_gmt":"2025-12-01T14:49:15","slug":"cdsk-usa","status":"publish","type":"product","link":"https:\/\/www.tutemetscombien.fr\/nl\/jeu-de-societe\/cdsk-usa\/","title":{"rendered":"CDSK (Curious, Delightful, Seasoned, Knowledge) \u2013 VS"},"content":{"rendered":"<p><em>TTMC \u2013 Tu Te Mets Combien ?<\/em> is een kruising tussen een algemeen kennisspel en een partyspel.<\/p>\n<p>Beoordeel uw kennis van 1 tot 10 over een groot aantal onderwerpen, van de meest klassieke tot de meest onwaarschijnlijke, en wees de eerste die het hele bord doorloopt.<\/p>\n<p>Het principe is simpel: je kiest een niveau tussen 1 (gemakkelijk) en 10 (expert) voor het gegeven onderwerp. Hoe hoger het getal, hoe moeilijker de vraag. Als je het juiste antwoord geeft, ga je het aantal vakjes omhoog dat gelijk is aan je getal. Makkelijk? Probeer niveau 8 over aardperen.<\/p>\n<p>Het is grappig, toegankelijk en compleet verslavend!<\/p>\n<p>Dus, in hoeverre schat je jezelf in als Aladdin? Als denkbeeldige dieren? Als tandenstokers?<\/p>","protected":false},"excerpt":{"rendered":"<div id=\"product-description-short-154\">\n<p>De Amerikaanse versie van ons succesvolle bordspel!<\/p>\n<\/div>","protected":false},"featured_media":3475,"comment_status":"closed","ping_status":"closed","template":"","meta":{"_acf_changed":false},"product_brand":[],"product_cat":[34],"product_tag":[],"class_list":{"0":"post-2734","1":"product","2":"type-product","3":"status-publish","4":"has-post-thumbnail","6":"product_cat-ttmc-a-linternational","8":"first","9":"instock","10":"taxable","11":"shipping-taxable","12":"product-type-external"},"acf":[],"yoast_head":"<!-- This site is optimized with the Yoast SEO plugin v27.4 - https:\/\/yoast.com\/product\/yoast-seo-wordpress\/ -->\n<title>CDSK USA : la version am\u00e9ricaine du jeu de soci\u00e9t\u00e9 TTMC<\/title>\n<meta name=\"description\" content=\"CDSK USA : version am\u00e9ricaine du jeu d\u2019ambiance TTMC, id\u00e9ale pour tester ta culture g\u00e9n\u00e9rale en t\u2019amusant entre amis ou en famille.\" \/>\n<meta name=\"robots\" content=\"index, follow, max-snippet:-1, max-image-preview:large, max-video-preview:-1\" \/>\n<link rel=\"canonical\" href=\"https:\/\/www.tutemetscombien.fr\/nl\/jeu-de-societe\/cdsk-usa\/\" \/>\n<meta property=\"og:locale\" content=\"nl_NL\" \/>\n<meta property=\"og:type\" content=\"article\" \/>\n<meta property=\"og:title\" content=\"CDSK USA : la version am\u00e9ricaine du jeu de soci\u00e9t\u00e9 TTMC\" \/>\n<meta property=\"og:description\" content=\"CDSK USA : version am\u00e9ricaine du jeu d\u2019ambiance TTMC, id\u00e9ale pour tester ta culture g\u00e9n\u00e9rale en t\u2019amusant entre amis ou en famille.\" \/>\n<meta property=\"og:url\" content=\"https:\/\/www.tutemetscombien.fr\/nl\/jeu-de-societe\/cdsk-usa\/\" \/>\n<meta property=\"og:site_name\" content=\"Tu te mets combien ?\" \/>\n<meta property=\"article:publisher\" content=\"https:\/\/www.facebook.com\/tutemetscombien\/\" \/>\n<meta property=\"article:modified_time\" content=\"2025-12-01T14:49:15+00:00\" \/>\n<meta property=\"og:image\" content=\"https:\/\/www.tutemetscombien.fr\/wp-content\/uploads\/2025\/10\/CDSK_USA.webp\" \/>\n\t<meta property=\"og:image:width\" content=\"1676\" \/>\n\t<meta property=\"og:image:height\" content=\"1676\" \/>\n\t<meta property=\"og:image:type\" content=\"image\/webp\" \/>\n<meta name=\"twitter:card\" content=\"summary_large_image\" \/>\n<meta name=\"twitter:label1\" content=\"Geschatte leestijd\" \/>\n\t<meta name=\"twitter:data1\" content=\"1 minuut\" \/>\n<script type=\"application\/ld+json\" class=\"yoast-schema-graph\">{\"@context\":\"https:\\\/\\\/schema.org\",\"@graph\":[{\"@type\":\"WebPage\",\"@id\":\"https:\\\/\\\/www.tutemetscombien.fr\\\/jeu-de-societe\\\/cdsk-usa\\\/\",\"url\":\"https:\\\/\\\/www.tutemetscombien.fr\\\/jeu-de-societe\\\/cdsk-usa\\\/\",\"name\":\"CDSK USA : la version am\u00e9ricaine du jeu de soci\u00e9t\u00e9 TTMC\",\"isPartOf\":{\"@id\":\"https:\\\/\\\/www.tutemetscombien.fr\\\/#website\"},\"primaryImageOfPage\":{\"@id\":\"https:\\\/\\\/www.tutemetscombien.fr\\\/jeu-de-societe\\\/cdsk-usa\\\/#primaryimage\"},\"image\":{\"@id\":\"https:\\\/\\\/www.tutemetscombien.fr\\\/jeu-de-societe\\\/cdsk-usa\\\/#primaryimage\"},\"thumbnailUrl\":\"https:\\\/\\\/www.tutemetscombien.fr\\\/wp-content\\\/uploads\\\/2025\\\/10\\\/CDSK_USA.webp\",\"datePublished\":\"2025-10-31T15:07:22+00:00\",\"dateModified\":\"2025-12-01T14:49:15+00:00\",\"description\":\"CDSK USA : version am\u00e9ricaine du jeu d\u2019ambiance TTMC, id\u00e9ale pour tester ta culture g\u00e9n\u00e9rale en t\u2019amusant entre amis ou en famille.\",\"breadcrumb\":{\"@id\":\"https:\\\/\\\/www.tutemetscombien.fr\\\/jeu-de-societe\\\/cdsk-usa\\\/#breadcrumb\"},\"inLanguage\":\"nl-NL\",\"potentialAction\":[{\"@type\":\"ReadAction\",\"target\":[\"https:\\\/\\\/www.tutemetscombien.fr\\\/jeu-de-societe\\\/cdsk-usa\\\/\"]}]},{\"@type\":\"ImageObject\",\"inLanguage\":\"nl-NL\",\"@id\":\"https:\\\/\\\/www.tutemetscombien.fr\\\/jeu-de-societe\\\/cdsk-usa\\\/#primaryimage\",\"url\":\"https:\\\/\\\/www.tutemetscombien.fr\\\/wp-content\\\/uploads\\\/2025\\\/10\\\/CDSK_USA.webp\",\"contentUrl\":\"https:\\\/\\\/www.tutemetscombien.fr\\\/wp-content\\\/uploads\\\/2025\\\/10\\\/CDSK_USA.webp\",\"width\":1676,\"height\":1676,\"caption\":\"Bo\u00eete du jeu CDSK USA \u2013 version am\u00e9ricaine de TTMC\"},{\"@type\":\"BreadcrumbList\",\"@id\":\"https:\\\/\\\/www.tutemetscombien.fr\\\/jeu-de-societe\\\/cdsk-usa\\\/#breadcrumb\",\"itemListElement\":[{\"@type\":\"ListItem\",\"position\":1,\"name\":\"Accueil\",\"item\":\"https:\\\/\\\/www.tutemetscombien.fr\\\/\"},{\"@type\":\"ListItem\",\"position\":2,\"name\":\"Nos jeux\",\"item\":\"https:\\\/\\\/www.tutemetscombien.fr\\\/nos-jeux\\\/\"},{\"@type\":\"ListItem\",\"position\":3,\"name\":\"CDSK (Curious, Delightful, Seasoned, Knowledge) &#8211; USA\"}]},{\"@type\":\"WebSite\",\"@id\":\"https:\\\/\\\/www.tutemetscombien.fr\\\/#website\",\"url\":\"https:\\\/\\\/www.tutemetscombien.fr\\\/\",\"name\":\"Tu te mets combien ?\",\"description\":\"Jeu de questions amusant et \u00e9ducatif - Site Officiel\",\"publisher\":{\"@id\":\"https:\\\/\\\/www.tutemetscombien.fr\\\/#organization\"},\"potentialAction\":[{\"@type\":\"SearchAction\",\"target\":{\"@type\":\"EntryPoint\",\"urlTemplate\":\"https:\\\/\\\/www.tutemetscombien.fr\\\/?s={search_term_string}\"},\"query-input\":{\"@type\":\"PropertyValueSpecification\",\"valueRequired\":true,\"valueName\":\"search_term_string\"}}],\"inLanguage\":\"nl-NL\"},{\"@type\":\"Organization\",\"@id\":\"https:\\\/\\\/www.tutemetscombien.fr\\\/#organization\",\"name\":\"Tu te mets combien ?\",\"url\":\"https:\\\/\\\/www.tutemetscombien.fr\\\/\",\"logo\":{\"@type\":\"ImageObject\",\"inLanguage\":\"nl-NL\",\"@id\":\"https:\\\/\\\/www.tutemetscombien.fr\\\/#\\\/schema\\\/logo\\\/image\\\/\",\"url\":\"https:\\\/\\\/www.tutemetscombien.fr\\\/wp-content\\\/uploads\\\/2025\\\/05\\\/Logo_TTMC_HD.png\",\"contentUrl\":\"https:\\\/\\\/www.tutemetscombien.fr\\\/wp-content\\\/uploads\\\/2025\\\/05\\\/Logo_TTMC_HD.png\",\"width\":2000,\"height\":1597,\"caption\":\"Tu te mets combien ?\"},\"image\":{\"@id\":\"https:\\\/\\\/www.tutemetscombien.fr\\\/#\\\/schema\\\/logo\\\/image\\\/\"},\"sameAs\":[\"https:\\\/\\\/www.facebook.com\\\/tutemetscombien\\\/\",\"https:\\\/\\\/www.instagram.com\\\/ttmctutemetscombien\\\/\",\"https:\\\/\\\/www.tiktok.com\\\/@ttmctutemetscombien\",\"https:\\\/\\\/www.linkedin.com\\\/showcase\\\/ttmc-tu-te-mets-combien\\\/\"]}]}<\/script>\n<!-- \/ Yoast SEO plugin. -->","yoast_head_json":{"title":"CDSK USA: de Amerikaanse versie van het TTMC-bordspel","description":"CDSK USA: Amerikaanse versie van het partyspel TTMC, ideaal om je algemene kennis te testen terwijl je plezier hebt met vrienden of familie.","robots":{"index":"index","follow":"follow","max-snippet":"max-snippet:-1","max-image-preview":"max-image-preview:large","max-video-preview":"max-video-preview:-1"},"canonical":"https:\/\/www.tutemetscombien.fr\/nl\/jeu-de-societe\/cdsk-usa\/","og_locale":"nl_NL","og_type":"article","og_title":"CDSK USA : la version am\u00e9ricaine du jeu de soci\u00e9t\u00e9 TTMC","og_description":"CDSK USA : version am\u00e9ricaine du jeu d\u2019ambiance TTMC, id\u00e9ale pour tester ta culture g\u00e9n\u00e9rale en t\u2019amusant entre amis ou en famille.","og_url":"https:\/\/www.tutemetscombien.fr\/nl\/jeu-de-societe\/cdsk-usa\/","og_site_name":"Tu te mets combien ?","article_publisher":"https:\/\/www.facebook.com\/tutemetscombien\/","article_modified_time":"2025-12-01T14:49:15+00:00","og_image":[{"width":1676,"height":1676,"url":"https:\/\/www.tutemetscombien.fr\/wp-content\/uploads\/2025\/10\/CDSK_USA.webp","type":"image\/webp"}],"twitter_card":"summary_large_image","twitter_misc":{"Geschatte leestijd":"1 minuut"},"schema":{"@context":"https:\/\/schema.org","@graph":[{"@type":"WebPage","@id":"https:\/\/www.tutemetscombien.fr\/jeu-de-societe\/cdsk-usa\/","url":"https:\/\/www.tutemetscombien.fr\/jeu-de-societe\/cdsk-usa\/","name":"CDSK USA: de Amerikaanse versie van het TTMC-bordspel","isPartOf":{"@id":"https:\/\/www.tutemetscombien.fr\/#website"},"primaryImageOfPage":{"@id":"https:\/\/www.tutemetscombien.fr\/jeu-de-societe\/cdsk-usa\/#primaryimage"},"image":{"@id":"https:\/\/www.tutemetscombien.fr\/jeu-de-societe\/cdsk-usa\/#primaryimage"},"thumbnailUrl":"https:\/\/www.tutemetscombien.fr\/wp-content\/uploads\/2025\/10\/CDSK_USA.webp","datePublished":"2025-10-31T15:07:22+00:00","dateModified":"2025-12-01T14:49:15+00:00","description":"CDSK USA: Amerikaanse versie van het partyspel TTMC, ideaal om je algemene kennis te testen terwijl je plezier hebt met vrienden of familie.","breadcrumb":{"@id":"https:\/\/www.tutemetscombien.fr\/jeu-de-societe\/cdsk-usa\/#breadcrumb"},"inLanguage":"nl-NL","potentialAction":[{"@type":"ReadAction","target":["https:\/\/www.tutemetscombien.fr\/jeu-de-societe\/cdsk-usa\/"]}]},{"@type":"ImageObject","inLanguage":"nl-NL","@id":"https:\/\/www.tutemetscombien.fr\/jeu-de-societe\/cdsk-usa\/#primaryimage","url":"https:\/\/www.tutemetscombien.fr\/wp-content\/uploads\/2025\/10\/CDSK_USA.webp","contentUrl":"https:\/\/www.tutemetscombien.fr\/wp-content\/uploads\/2025\/10\/CDSK_USA.webp","width":1676,"height":1676,"caption":"Bo\u00eete du jeu CDSK USA \u2013 version am\u00e9ricaine de TTMC"},{"@type":"BreadcrumbList","@id":"https:\/\/www.tutemetscombien.fr\/jeu-de-societe\/cdsk-usa\/#breadcrumb","itemListElement":[{"@type":"ListItem","position":1,"name":"Accueil","item":"https:\/\/www.tutemetscombien.fr\/"},{"@type":"ListItem","position":2,"name":"Nos jeux","item":"https:\/\/www.tutemetscombien.fr\/nos-jeux\/"},{"@type":"ListItem","position":3,"name":"CDSK (Curious, Delightful, Seasoned, Knowledge) &#8211; USA"}]},{"@type":"WebSite","@id":"https:\/\/www.tutemetscombien.fr\/#website","url":"https:\/\/www.tutemetscombien.fr\/","name":"Hoeveel geef je jezelf ?","description":"Leuk en leerzaam triviaspel - Offici\u00eble website","publisher":{"@id":"https:\/\/www.tutemetscombien.fr\/#organization"},"potentialAction":[{"@type":"SearchAction","target":{"@type":"EntryPoint","urlTemplate":"https:\/\/www.tutemetscombien.fr\/?s={search_term_string}"},"query-input":{"@type":"PropertyValueSpecification","valueRequired":true,"valueName":"search_term_string"}}],"inLanguage":"nl-NL"},{"@type":"Organization","@id":"https:\/\/www.tutemetscombien.fr\/#organization","name":"Hoeveel geef je jezelf ?","url":"https:\/\/www.tutemetscombien.fr\/","logo":{"@type":"ImageObject","inLanguage":"nl-NL","@id":"https:\/\/www.tutemetscombien.fr\/#\/schema\/logo\/image\/","url":"https:\/\/www.tutemetscombien.fr\/wp-content\/uploads\/2025\/05\/Logo_TTMC_HD.png","contentUrl":"https:\/\/www.tutemetscombien.fr\/wp-content\/uploads\/2025\/05\/Logo_TTMC_HD.png","width":2000,"height":1597,"caption":"Tu te mets combien ?"},"image":{"@id":"https:\/\/www.tutemetscombien.fr\/#\/schema\/logo\/image\/"},"sameAs":["https:\/\/www.facebook.com\/tutemetscombien\/","https:\/\/www.instagram.com\/ttmctutemetscombien\/","https:\/\/www.tiktok.com\/@ttmctutemetscombien","https:\/\/www.linkedin.com\/showcase\/ttmc-tu-te-mets-combien\/"]}]}},"_links":{"self":[{"href":"https:\/\/www.tutemetscombien.fr\/nl\/wp-json\/wp\/v2\/product\/2734","targetHints":{"allow":["GET"]}}],"collection":[{"href":"https:\/\/www.tutemetscombien.fr\/nl\/wp-json\/wp\/v2\/product"}],"about":[{"href":"https:\/\/www.tutemetscombien.fr\/nl\/wp-json\/wp\/v2\/types\/product"}],"replies":[{"embeddable":true,"href":"https:\/\/www.tutemetscombien.fr\/nl\/wp-json\/wp\/v2\/comments?post=2734"}],"wp:featuredmedia":[{"embeddable":true,"href":"https:\/\/www.tutemetscombien.fr\/nl\/wp-json\/wp\/v2\/media\/3475"}],"wp:attachment":[{"href":"https:\/\/www.tutemetscombien.fr\/nl\/wp-json\/wp\/v2\/media?parent=2734"}],"wp:term":[{"taxonomy":"product_brand","embeddable":true,"href":"https:\/\/www.tutemetscombien.fr\/nl\/wp-json\/wp\/v2\/product_brand?post=2734"},{"taxonomy":"product_cat","embeddable":true,"href":"https:\/\/www.tutemetscombien.fr\/nl\/wp-json\/wp\/v2\/product_cat?post=2734"},{"taxonomy":"product_tag","embeddable":true,"href":"https:\/\/www.tutemetscombien.fr\/nl\/wp-json\/wp\/v2\/product_tag?post=2734"}],"curies":[{"name":"wp","href":"https:\/\/api.w.org\/{rel}","templated":true}]}}