{"id":1594,"date":"2025-07-21T15:19:09","date_gmt":"2025-07-21T13:19:09","guid":{"rendered":"https:\/\/www.tutemetscombien.fr\/?post_type=product&#038;p=1594"},"modified":"2026-03-04T09:35:04","modified_gmt":"2026-03-04T08:35:04","slug":"ttmc-bonne-bouffe-avec-marmiton","status":"publish","type":"product","link":"https:\/\/www.tutemetscombien.fr\/nl\/jeu-de-societe\/ttmc-bonne-bouffe-avec-marmiton\/","title":{"rendered":"TTMC \u2013 Bonne Bouffe avec Marmiton"},"content":{"rendered":"<p>Een smakelijke variatie op <em>TTMC \u2013 Tu Te Mets Combien ?<\/em>, Deze speciale editie biedt je 162 kaarten en 1.157 vragen over koken.<\/p>\n<p>De formule blijft hetzelfde: je beoordeelt zelf je kennis van 1 (gemakkelijk) tot 10 (expert) over het gegeven onderwerp. Hoe hoger de score, hoe uitdagender de vraag. Een goed antwoord? Je gaat het aantal vakjes omhoog dat gelijk is aan je score. Simpel, boeiend en effectief.<\/p>\n<p>Dit spel is geschikt voor alle liefhebbers van lekker eten en kan naar hartenlust gespeeld worden.<\/p>\n<p>In samenwerking met Marmiton.<\/p>","protected":false},"excerpt":{"rendered":"<div id=\"product-description-short-2134\">\n<p>Hoeveel geef je uit aan tiramisu? Aan kookmethoden? Aan chefs met Michelinsterren?<br \/>\nEen feest van vragen, met Marmiton!<\/p>\n<\/div>","protected":false},"featured_media":1588,"comment_status":"closed","ping_status":"closed","template":"","meta":{"_acf_changed":false},"product_brand":[],"product_cat":[37],"product_tag":[],"class_list":{"0":"post-1594","1":"product","2":"type-product","3":"status-publish","4":"has-post-thumbnail","6":"product_cat-ttmc-france","8":"first","9":"instock","10":"taxable","11":"shipping-taxable","12":"purchasable","13":"product-type-simple"},"acf":[],"yoast_head":"<!-- This site is optimized with the Yoast SEO plugin v27.2 - https:\/\/yoast.com\/product\/yoast-seo-wordpress\/ -->\n<title>TTMC \u2013 Bonne Bouffe : teste ta culture culinaire en t\u2019amusant<\/title>\n<meta name=\"description\" content=\"TTMC \u2013 Bonne Bouffe avec Marmiton : le jeu de soci\u00e9t\u00e9 o\u00f9 tu auto-\u00e9values ta culture food de 1 \u00e0 10 dans une \u00e9dition sp\u00e9ciale cuisine fun et accessible !\" \/>\n<meta name=\"robots\" content=\"index, follow, max-snippet:-1, max-image-preview:large, max-video-preview:-1\" \/>\n<link rel=\"canonical\" href=\"https:\/\/www.tutemetscombien.fr\/nl\/jeu-de-societe\/ttmc-bonne-bouffe-avec-marmiton\/\" \/>\n<meta property=\"og:locale\" content=\"nl_NL\" \/>\n<meta property=\"og:type\" content=\"article\" \/>\n<meta property=\"og:title\" content=\"TTMC \u2013 Bonne Bouffe : teste ta culture culinaire en t\u2019amusant\" \/>\n<meta property=\"og:description\" content=\"TTMC \u2013 Bonne Bouffe avec Marmiton : le jeu de soci\u00e9t\u00e9 o\u00f9 tu auto-\u00e9values ta culture food de 1 \u00e0 10 dans une \u00e9dition sp\u00e9ciale cuisine fun et accessible !\" \/>\n<meta property=\"og:url\" content=\"https:\/\/www.tutemetscombien.fr\/nl\/jeu-de-societe\/ttmc-bonne-bouffe-avec-marmiton\/\" \/>\n<meta property=\"og:site_name\" content=\"Tu te mets combien ?\" \/>\n<meta property=\"article:publisher\" content=\"https:\/\/www.facebook.com\/tutemetscombien\/\" \/>\n<meta property=\"article:modified_time\" content=\"2026-03-04T08:35:04+00:00\" \/>\n<meta property=\"og:image\" content=\"https:\/\/www.tutemetscombien.fr\/wp-content\/uploads\/2025\/07\/TTMC-CUISINE-MARMITON-3Q-G-1024x1024.png\" \/>\n\t<meta property=\"og:image:width\" content=\"1024\" \/>\n\t<meta property=\"og:image:height\" content=\"1024\" \/>\n\t<meta property=\"og:image:type\" content=\"image\/png\" \/>\n<meta name=\"twitter:card\" content=\"summary_large_image\" \/>\n<meta name=\"twitter:label1\" content=\"Geschatte leestijd\" \/>\n\t<meta name=\"twitter:data1\" content=\"1 minuut\" \/>\n<script type=\"application\/ld+json\" class=\"yoast-schema-graph\">{\"@context\":\"https:\/\/schema.org\",\"@graph\":[{\"@type\":\"WebPage\",\"@id\":\"https:\/\/www.tutemetscombien.fr\/jeu-de-societe\/ttmc-bonne-bouffe-avec-marmiton\/\",\"url\":\"https:\/\/www.tutemetscombien.fr\/jeu-de-societe\/ttmc-bonne-bouffe-avec-marmiton\/\",\"name\":\"TTMC \u2013 Bonne Bouffe : teste ta culture culinaire en t\u2019amusant\",\"isPartOf\":{\"@id\":\"https:\/\/www.tutemetscombien.fr\/#website\"},\"primaryImageOfPage\":{\"@id\":\"https:\/\/www.tutemetscombien.fr\/jeu-de-societe\/ttmc-bonne-bouffe-avec-marmiton\/#primaryimage\"},\"image\":{\"@id\":\"https:\/\/www.tutemetscombien.fr\/jeu-de-societe\/ttmc-bonne-bouffe-avec-marmiton\/#primaryimage\"},\"thumbnailUrl\":\"https:\/\/www.tutemetscombien.fr\/wp-content\/uploads\/2025\/07\/TTMC-CUISINE-MARMITON-3Q-G.png\",\"datePublished\":\"2025-07-21T13:19:09+00:00\",\"dateModified\":\"2026-03-04T08:35:04+00:00\",\"description\":\"TTMC \u2013 Bonne Bouffe avec Marmiton : le jeu de soci\u00e9t\u00e9 o\u00f9 tu auto-\u00e9values ta culture food de 1 \u00e0 10 dans une \u00e9dition sp\u00e9ciale cuisine fun et accessible !\",\"breadcrumb\":{\"@id\":\"https:\/\/www.tutemetscombien.fr\/jeu-de-societe\/ttmc-bonne-bouffe-avec-marmiton\/#breadcrumb\"},\"inLanguage\":\"nl-NL\",\"potentialAction\":[{\"@type\":\"ReadAction\",\"target\":[\"https:\/\/www.tutemetscombien.fr\/jeu-de-societe\/ttmc-bonne-bouffe-avec-marmiton\/\"]}]},{\"@type\":\"ImageObject\",\"inLanguage\":\"nl-NL\",\"@id\":\"https:\/\/www.tutemetscombien.fr\/jeu-de-societe\/ttmc-bonne-bouffe-avec-marmiton\/#primaryimage\",\"url\":\"https:\/\/www.tutemetscombien.fr\/wp-content\/uploads\/2025\/07\/TTMC-CUISINE-MARMITON-3Q-G.png\",\"contentUrl\":\"https:\/\/www.tutemetscombien.fr\/wp-content\/uploads\/2025\/07\/TTMC-CUISINE-MARMITON-3Q-G.png\",\"width\":1692,\"height\":1692,\"caption\":\"Bo\u00eete du jeu TTMC \u2013 Bonne Bouffe avec Marmiton\"},{\"@type\":\"BreadcrumbList\",\"@id\":\"https:\/\/www.tutemetscombien.fr\/jeu-de-societe\/ttmc-bonne-bouffe-avec-marmiton\/#breadcrumb\",\"itemListElement\":[{\"@type\":\"ListItem\",\"position\":1,\"name\":\"Accueil\",\"item\":\"https:\/\/www.tutemetscombien.fr\/\"},{\"@type\":\"ListItem\",\"position\":2,\"name\":\"Nos jeux\",\"item\":\"https:\/\/www.tutemetscombien.fr\/nos-jeux\/\"},{\"@type\":\"ListItem\",\"position\":3,\"name\":\"TTMC &#8211; Bonne Bouffe avec Marmiton\"}]},{\"@type\":\"WebSite\",\"@id\":\"https:\/\/www.tutemetscombien.fr\/#website\",\"url\":\"https:\/\/www.tutemetscombien.fr\/\",\"name\":\"Tu te mets combien ?\",\"description\":\"Jeu de questions amusant et \u00e9ducatif - Site Officiel\",\"publisher\":{\"@id\":\"https:\/\/www.tutemetscombien.fr\/#organization\"},\"potentialAction\":[{\"@type\":\"SearchAction\",\"target\":{\"@type\":\"EntryPoint\",\"urlTemplate\":\"https:\/\/www.tutemetscombien.fr\/?s={search_term_string}\"},\"query-input\":{\"@type\":\"PropertyValueSpecification\",\"valueRequired\":true,\"valueName\":\"search_term_string\"}}],\"inLanguage\":\"nl-NL\"},{\"@type\":\"Organization\",\"@id\":\"https:\/\/www.tutemetscombien.fr\/#organization\",\"name\":\"Tu te mets combien ?\",\"url\":\"https:\/\/www.tutemetscombien.fr\/\",\"logo\":{\"@type\":\"ImageObject\",\"inLanguage\":\"nl-NL\",\"@id\":\"https:\/\/www.tutemetscombien.fr\/#\/schema\/logo\/image\/\",\"url\":\"https:\/\/www.tutemetscombien.fr\/wp-content\/uploads\/2025\/05\/Logo_TTMC_HD.png\",\"contentUrl\":\"https:\/\/www.tutemetscombien.fr\/wp-content\/uploads\/2025\/05\/Logo_TTMC_HD.png\",\"width\":2000,\"height\":1597,\"caption\":\"Tu te mets combien ?\"},\"image\":{\"@id\":\"https:\/\/www.tutemetscombien.fr\/#\/schema\/logo\/image\/\"},\"sameAs\":[\"https:\/\/www.facebook.com\/tutemetscombien\/\",\"https:\/\/www.instagram.com\/ttmctutemetscombien\/\",\"https:\/\/www.tiktok.com\/@ttmctutemetscombien\",\"https:\/\/www.linkedin.com\/showcase\/ttmc-tu-te-mets-combien\/\"]}]}<\/script>\n<!-- \/ Yoast SEO plugin. -->","yoast_head_json":{"title":"TTMC \u2013 Lekker Eten: Test je culinaire kennis terwijl je plezier hebt","description":"TTMC \u2013 Lekker Eten met Marmiton: het bordspel waarbij je je eetcultuur beoordeelt van 1 tot 10 in een speciale, leuke en toegankelijke kookeditie!","robots":{"index":"index","follow":"follow","max-snippet":"max-snippet:-1","max-image-preview":"max-image-preview:large","max-video-preview":"max-video-preview:-1"},"canonical":"https:\/\/www.tutemetscombien.fr\/nl\/jeu-de-societe\/ttmc-bonne-bouffe-avec-marmiton\/","og_locale":"nl_NL","og_type":"article","og_title":"TTMC \u2013 Bonne Bouffe : teste ta culture culinaire en t\u2019amusant","og_description":"TTMC \u2013 Bonne Bouffe avec Marmiton : le jeu de soci\u00e9t\u00e9 o\u00f9 tu auto-\u00e9values ta culture food de 1 \u00e0 10 dans une \u00e9dition sp\u00e9ciale cuisine fun et accessible !","og_url":"https:\/\/www.tutemetscombien.fr\/nl\/jeu-de-societe\/ttmc-bonne-bouffe-avec-marmiton\/","og_site_name":"Tu te mets combien ?","article_publisher":"https:\/\/www.facebook.com\/tutemetscombien\/","article_modified_time":"2026-03-04T08:35:04+00:00","og_image":[{"width":1024,"height":1024,"url":"https:\/\/www.tutemetscombien.fr\/wp-content\/uploads\/2025\/07\/TTMC-CUISINE-MARMITON-3Q-G-1024x1024.png","type":"image\/png"}],"twitter_card":"summary_large_image","twitter_misc":{"Geschatte leestijd":"1 minuut"},"schema":{"@context":"https:\/\/schema.org","@graph":[{"@type":"WebPage","@id":"https:\/\/www.tutemetscombien.fr\/jeu-de-societe\/ttmc-bonne-bouffe-avec-marmiton\/","url":"https:\/\/www.tutemetscombien.fr\/jeu-de-societe\/ttmc-bonne-bouffe-avec-marmiton\/","name":"TTMC \u2013 Lekker Eten: Test je culinaire kennis terwijl je plezier hebt","isPartOf":{"@id":"https:\/\/www.tutemetscombien.fr\/#website"},"primaryImageOfPage":{"@id":"https:\/\/www.tutemetscombien.fr\/jeu-de-societe\/ttmc-bonne-bouffe-avec-marmiton\/#primaryimage"},"image":{"@id":"https:\/\/www.tutemetscombien.fr\/jeu-de-societe\/ttmc-bonne-bouffe-avec-marmiton\/#primaryimage"},"thumbnailUrl":"https:\/\/www.tutemetscombien.fr\/wp-content\/uploads\/2025\/07\/TTMC-CUISINE-MARMITON-3Q-G.png","datePublished":"2025-07-21T13:19:09+00:00","dateModified":"2026-03-04T08:35:04+00:00","description":"TTMC \u2013 Lekker Eten met Marmiton: het bordspel waarbij je je eetcultuur beoordeelt van 1 tot 10 in een speciale, leuke en toegankelijke kookeditie!","breadcrumb":{"@id":"https:\/\/www.tutemetscombien.fr\/jeu-de-societe\/ttmc-bonne-bouffe-avec-marmiton\/#breadcrumb"},"inLanguage":"nl-NL","potentialAction":[{"@type":"ReadAction","target":["https:\/\/www.tutemetscombien.fr\/jeu-de-societe\/ttmc-bonne-bouffe-avec-marmiton\/"]}]},{"@type":"ImageObject","inLanguage":"nl-NL","@id":"https:\/\/www.tutemetscombien.fr\/jeu-de-societe\/ttmc-bonne-bouffe-avec-marmiton\/#primaryimage","url":"https:\/\/www.tutemetscombien.fr\/wp-content\/uploads\/2025\/07\/TTMC-CUISINE-MARMITON-3Q-G.png","contentUrl":"https:\/\/www.tutemetscombien.fr\/wp-content\/uploads\/2025\/07\/TTMC-CUISINE-MARMITON-3Q-G.png","width":1692,"height":1692,"caption":"Bo\u00eete du jeu TTMC \u2013 Bonne Bouffe avec Marmiton"},{"@type":"BreadcrumbList","@id":"https:\/\/www.tutemetscombien.fr\/jeu-de-societe\/ttmc-bonne-bouffe-avec-marmiton\/#breadcrumb","itemListElement":[{"@type":"ListItem","position":1,"name":"Accueil","item":"https:\/\/www.tutemetscombien.fr\/"},{"@type":"ListItem","position":2,"name":"Nos jeux","item":"https:\/\/www.tutemetscombien.fr\/nos-jeux\/"},{"@type":"ListItem","position":3,"name":"TTMC &#8211; Bonne Bouffe avec Marmiton"}]},{"@type":"WebSite","@id":"https:\/\/www.tutemetscombien.fr\/#website","url":"https:\/\/www.tutemetscombien.fr\/","name":"Hoeveel geef je jezelf ?","description":"Leuk en leerzaam triviaspel - Offici\u00eble website","publisher":{"@id":"https:\/\/www.tutemetscombien.fr\/#organization"},"potentialAction":[{"@type":"SearchAction","target":{"@type":"EntryPoint","urlTemplate":"https:\/\/www.tutemetscombien.fr\/?s={search_term_string}"},"query-input":{"@type":"PropertyValueSpecification","valueRequired":true,"valueName":"search_term_string"}}],"inLanguage":"nl-NL"},{"@type":"Organization","@id":"https:\/\/www.tutemetscombien.fr\/#organization","name":"Hoeveel geef je jezelf ?","url":"https:\/\/www.tutemetscombien.fr\/","logo":{"@type":"ImageObject","inLanguage":"nl-NL","@id":"https:\/\/www.tutemetscombien.fr\/#\/schema\/logo\/image\/","url":"https:\/\/www.tutemetscombien.fr\/wp-content\/uploads\/2025\/05\/Logo_TTMC_HD.png","contentUrl":"https:\/\/www.tutemetscombien.fr\/wp-content\/uploads\/2025\/05\/Logo_TTMC_HD.png","width":2000,"height":1597,"caption":"Tu te mets combien ?"},"image":{"@id":"https:\/\/www.tutemetscombien.fr\/#\/schema\/logo\/image\/"},"sameAs":["https:\/\/www.facebook.com\/tutemetscombien\/","https:\/\/www.instagram.com\/ttmctutemetscombien\/","https:\/\/www.tiktok.com\/@ttmctutemetscombien","https:\/\/www.linkedin.com\/showcase\/ttmc-tu-te-mets-combien\/"]}]}},"_links":{"self":[{"href":"https:\/\/www.tutemetscombien.fr\/nl\/wp-json\/wp\/v2\/product\/1594","targetHints":{"allow":["GET"]}}],"collection":[{"href":"https:\/\/www.tutemetscombien.fr\/nl\/wp-json\/wp\/v2\/product"}],"about":[{"href":"https:\/\/www.tutemetscombien.fr\/nl\/wp-json\/wp\/v2\/types\/product"}],"replies":[{"embeddable":true,"href":"https:\/\/www.tutemetscombien.fr\/nl\/wp-json\/wp\/v2\/comments?post=1594"}],"wp:featuredmedia":[{"embeddable":true,"href":"https:\/\/www.tutemetscombien.fr\/nl\/wp-json\/wp\/v2\/media\/1588"}],"wp:attachment":[{"href":"https:\/\/www.tutemetscombien.fr\/nl\/wp-json\/wp\/v2\/media?parent=1594"}],"wp:term":[{"taxonomy":"product_brand","embeddable":true,"href":"https:\/\/www.tutemetscombien.fr\/nl\/wp-json\/wp\/v2\/product_brand?post=1594"},{"taxonomy":"product_cat","embeddable":true,"href":"https:\/\/www.tutemetscombien.fr\/nl\/wp-json\/wp\/v2\/product_cat?post=1594"},{"taxonomy":"product_tag","embeddable":true,"href":"https:\/\/www.tutemetscombien.fr\/nl\/wp-json\/wp\/v2\/product_tag?post=1594"}],"curies":[{"name":"wp","href":"https:\/\/api.w.org\/{rel}","templated":true}]}}