{"id":1538,"date":"2025-07-16T11:39:04","date_gmt":"2025-07-16T09:39:04","guid":{"rendered":"https:\/\/www.tutemetscombien.fr\/?post_type=product&#038;p=1538"},"modified":"2026-05-01T02:00:24","modified_gmt":"2026-05-01T00:00:24","slug":"ttmc-2-tu-te-remets-combien","status":"publish","type":"product","link":"https:\/\/www.tutemetscombien.fr\/nl\/jeu-de-societe\/ttmc-2-tu-te-remets-combien\/","title":{"rendered":"TTMC 2 \u2013 Tu Te (Re)Mets Combien ?"},"content":{"rendered":"<p style=\"font-weight: 400;\"><em>TTMC 2 \u2013 Tu Te (Re)Mets Combien ?<\/em> Het blaast het populaire quizprincipe nieuw leven in, waarbij je je kennis zelf kunt beoordelen op een schaal van 1 tot 10, met een flinke dosis nieuwe functies!<\/p>\n<p style=\"font-weight: 400;\">Ontdek 540 kaarten en 4028 nieuwe vragen over een breed scala aan onderwerpen, van de meest serieuze tot de meest onwaarschijnlijke.<\/p>\n<p style=\"font-weight: 400;\">Er is zelfs een grote, onafhankelijke en zelfstandige ontsnappingsdoos ingebouwd, zodat er overal gespeeld kan worden (behalve in de douche).<\/p>\n<p style=\"font-weight: 400;\">Nieuwe &quot;onverschrokken&quot; speciale kaarten, meer teaminteractie, aanpasbare spelduur... maar hetzelfde principe blijft: je kiest een waardering tussen 1 (gemakkelijk) en 10 (expert) voor het gekozen onderwerp. Hoe hoger de waardering, hoe moeilijker de vraag. Als je het juiste antwoord geeft, ga je het aantal vakjes omhoog dat door je waardering wordt aangegeven.<\/p>","protected":false},"excerpt":{"rendered":"<div id=\"product-description-short-4524\">\n<p>Wat zijn je scores bij Otters? Bij 5G? Bij algebra?<br \/>\nHet vervolg op het algemene kennisspel, waarbij je zelf je kennis van 1 tot 10 test over een heleboel nieuwe onderwerpen!<\/p>\n<\/div>","protected":false},"featured_media":3138,"comment_status":"closed","ping_status":"closed","template":"","meta":{"_acf_changed":false},"product_brand":[],"product_cat":[37],"product_tag":[],"class_list":{"0":"post-1538","1":"product","2":"type-product","3":"status-publish","4":"has-post-thumbnail","6":"product_cat-ttmc-france","8":"first","9":"instock","10":"featured","11":"taxable","12":"shipping-taxable","13":"purchasable","14":"product-type-simple"},"acf":[],"yoast_head":"<!-- This site is optimized with the Yoast SEO plugin v27.4 - https:\/\/yoast.com\/product\/yoast-seo-wordpress\/ -->\n<title>TTMC 2 \u2013 Tu Te (Re)Mets Combien ? : jeu pour ados et adultes<\/title>\n<meta name=\"description\" content=\"TTMC 2 \u2013 Tu Te (Re)Mets Combien ? : le jeu de soci\u00e9t\u00e9 de culture g\u00e9n\u00e9rale o\u00f9 tu auto-\u00e9values tes connaissances de 1 \u00e0 10, entre amis ou en famille !\" \/>\n<meta name=\"robots\" content=\"index, follow, max-snippet:-1, max-image-preview:large, max-video-preview:-1\" \/>\n<link rel=\"canonical\" href=\"https:\/\/www.tutemetscombien.fr\/nl\/jeu-de-societe\/ttmc-2-tu-te-remets-combien\/\" \/>\n<meta property=\"og:locale\" content=\"nl_NL\" \/>\n<meta property=\"og:type\" content=\"article\" \/>\n<meta property=\"og:title\" content=\"TTMC 2 \u2013 Tu Te (Re)Mets Combien ? : jeu pour ados et adultes\" \/>\n<meta property=\"og:description\" content=\"TTMC 2 \u2013 Tu Te (Re)Mets Combien ? : le jeu de soci\u00e9t\u00e9 de culture g\u00e9n\u00e9rale o\u00f9 tu auto-\u00e9values tes connaissances de 1 \u00e0 10, entre amis ou en famille !\" \/>\n<meta property=\"og:url\" content=\"https:\/\/www.tutemetscombien.fr\/nl\/jeu-de-societe\/ttmc-2-tu-te-remets-combien\/\" \/>\n<meta property=\"og:site_name\" content=\"Tu te mets combien ?\" \/>\n<meta property=\"article:publisher\" content=\"https:\/\/www.facebook.com\/tutemetscombien\/\" \/>\n<meta property=\"article:modified_time\" content=\"2026-05-01T00:00:24+00:00\" \/>\n<meta property=\"og:image\" content=\"https:\/\/www.tutemetscombien.fr\/wp-content\/uploads\/2025\/07\/PIXIEGAMES_TTMC2_3quart-GAUCHE-scaled.jpg\" \/>\n\t<meta property=\"og:image:width\" content=\"2560\" \/>\n\t<meta property=\"og:image:height\" content=\"2560\" \/>\n\t<meta property=\"og:image:type\" content=\"image\/jpeg\" \/>\n<meta name=\"twitter:card\" content=\"summary_large_image\" \/>\n<meta name=\"twitter:label1\" content=\"Geschatte leestijd\" \/>\n\t<meta name=\"twitter:data1\" content=\"1 minuut\" \/>\n<script type=\"application\/ld+json\" class=\"yoast-schema-graph\">{\"@context\":\"https:\\\/\\\/schema.org\",\"@graph\":[{\"@type\":\"WebPage\",\"@id\":\"https:\\\/\\\/www.tutemetscombien.fr\\\/jeu-de-societe\\\/ttmc-2-tu-te-remets-combien\\\/\",\"url\":\"https:\\\/\\\/www.tutemetscombien.fr\\\/jeu-de-societe\\\/ttmc-2-tu-te-remets-combien\\\/\",\"name\":\"TTMC 2 \u2013 Tu Te (Re)Mets Combien ? : jeu pour ados et adultes\",\"isPartOf\":{\"@id\":\"https:\\\/\\\/www.tutemetscombien.fr\\\/#website\"},\"primaryImageOfPage\":{\"@id\":\"https:\\\/\\\/www.tutemetscombien.fr\\\/jeu-de-societe\\\/ttmc-2-tu-te-remets-combien\\\/#primaryimage\"},\"image\":{\"@id\":\"https:\\\/\\\/www.tutemetscombien.fr\\\/jeu-de-societe\\\/ttmc-2-tu-te-remets-combien\\\/#primaryimage\"},\"thumbnailUrl\":\"https:\\\/\\\/www.tutemetscombien.fr\\\/wp-content\\\/uploads\\\/2025\\\/07\\\/PIXIEGAMES_TTMC2_3quart-GAUCHE-scaled.jpg\",\"datePublished\":\"2025-07-16T09:39:04+00:00\",\"dateModified\":\"2026-05-01T00:00:24+00:00\",\"description\":\"TTMC 2 \u2013 Tu Te (Re)Mets Combien ? : le jeu de soci\u00e9t\u00e9 de culture g\u00e9n\u00e9rale o\u00f9 tu auto-\u00e9values tes connaissances de 1 \u00e0 10, entre amis ou en famille !\",\"breadcrumb\":{\"@id\":\"https:\\\/\\\/www.tutemetscombien.fr\\\/jeu-de-societe\\\/ttmc-2-tu-te-remets-combien\\\/#breadcrumb\"},\"inLanguage\":\"nl-NL\",\"potentialAction\":[{\"@type\":\"ReadAction\",\"target\":[\"https:\\\/\\\/www.tutemetscombien.fr\\\/jeu-de-societe\\\/ttmc-2-tu-te-remets-combien\\\/\"]}]},{\"@type\":\"ImageObject\",\"inLanguage\":\"nl-NL\",\"@id\":\"https:\\\/\\\/www.tutemetscombien.fr\\\/jeu-de-societe\\\/ttmc-2-tu-te-remets-combien\\\/#primaryimage\",\"url\":\"https:\\\/\\\/www.tutemetscombien.fr\\\/wp-content\\\/uploads\\\/2025\\\/07\\\/PIXIEGAMES_TTMC2_3quart-GAUCHE-scaled.jpg\",\"contentUrl\":\"https:\\\/\\\/www.tutemetscombien.fr\\\/wp-content\\\/uploads\\\/2025\\\/07\\\/PIXIEGAMES_TTMC2_3quart-GAUCHE-scaled.jpg\",\"width\":2560,\"height\":2560,\"caption\":\"Bo\u00eete du jeu TTMC 2 \u2013 Tu Te (Re)Mets Combien ?\"},{\"@type\":\"BreadcrumbList\",\"@id\":\"https:\\\/\\\/www.tutemetscombien.fr\\\/jeu-de-societe\\\/ttmc-2-tu-te-remets-combien\\\/#breadcrumb\",\"itemListElement\":[{\"@type\":\"ListItem\",\"position\":1,\"name\":\"Accueil\",\"item\":\"https:\\\/\\\/www.tutemetscombien.fr\\\/\"},{\"@type\":\"ListItem\",\"position\":2,\"name\":\"Nos jeux\",\"item\":\"https:\\\/\\\/www.tutemetscombien.fr\\\/nos-jeux\\\/\"},{\"@type\":\"ListItem\",\"position\":3,\"name\":\"TTMC 2 &#8211; Tu Te (Re)Mets Combien ?\"}]},{\"@type\":\"WebSite\",\"@id\":\"https:\\\/\\\/www.tutemetscombien.fr\\\/#website\",\"url\":\"https:\\\/\\\/www.tutemetscombien.fr\\\/\",\"name\":\"Tu te mets combien ?\",\"description\":\"Jeu de questions amusant et \u00e9ducatif - Site Officiel\",\"publisher\":{\"@id\":\"https:\\\/\\\/www.tutemetscombien.fr\\\/#organization\"},\"potentialAction\":[{\"@type\":\"SearchAction\",\"target\":{\"@type\":\"EntryPoint\",\"urlTemplate\":\"https:\\\/\\\/www.tutemetscombien.fr\\\/?s={search_term_string}\"},\"query-input\":{\"@type\":\"PropertyValueSpecification\",\"valueRequired\":true,\"valueName\":\"search_term_string\"}}],\"inLanguage\":\"nl-NL\"},{\"@type\":\"Organization\",\"@id\":\"https:\\\/\\\/www.tutemetscombien.fr\\\/#organization\",\"name\":\"Tu te mets combien ?\",\"url\":\"https:\\\/\\\/www.tutemetscombien.fr\\\/\",\"logo\":{\"@type\":\"ImageObject\",\"inLanguage\":\"nl-NL\",\"@id\":\"https:\\\/\\\/www.tutemetscombien.fr\\\/#\\\/schema\\\/logo\\\/image\\\/\",\"url\":\"https:\\\/\\\/www.tutemetscombien.fr\\\/wp-content\\\/uploads\\\/2025\\\/05\\\/Logo_TTMC_HD.png\",\"contentUrl\":\"https:\\\/\\\/www.tutemetscombien.fr\\\/wp-content\\\/uploads\\\/2025\\\/05\\\/Logo_TTMC_HD.png\",\"width\":2000,\"height\":1597,\"caption\":\"Tu te mets combien ?\"},\"image\":{\"@id\":\"https:\\\/\\\/www.tutemetscombien.fr\\\/#\\\/schema\\\/logo\\\/image\\\/\"},\"sameAs\":[\"https:\\\/\\\/www.facebook.com\\\/tutemetscombien\\\/\",\"https:\\\/\\\/www.instagram.com\\\/ttmctutemetscombien\\\/\",\"https:\\\/\\\/www.tiktok.com\\\/@ttmctutemetscombien\",\"https:\\\/\\\/www.linkedin.com\\\/showcase\\\/ttmc-tu-te-mets-combien\\\/\"]}]}<\/script>\n<!-- \/ Yoast SEO plugin. -->","yoast_head_json":{"title":"TTMC 2 \u2013 Hoeveel heb je (weer) ontmoet?: een spel voor tieners en volwassenen","description":"TTMC 2 \u2013 Tu Te (Re)Mets Combien? : het algemene kennisbordspel waarbij je samen met vrienden of familie je kennis test van 1 tot 10!","robots":{"index":"index","follow":"follow","max-snippet":"max-snippet:-1","max-image-preview":"max-image-preview:large","max-video-preview":"max-video-preview:-1"},"canonical":"https:\/\/www.tutemetscombien.fr\/nl\/jeu-de-societe\/ttmc-2-tu-te-remets-combien\/","og_locale":"nl_NL","og_type":"article","og_title":"TTMC 2 \u2013 Tu Te (Re)Mets Combien ? : jeu pour ados et adultes","og_description":"TTMC 2 \u2013 Tu Te (Re)Mets Combien ? : le jeu de soci\u00e9t\u00e9 de culture g\u00e9n\u00e9rale o\u00f9 tu auto-\u00e9values tes connaissances de 1 \u00e0 10, entre amis ou en famille !","og_url":"https:\/\/www.tutemetscombien.fr\/nl\/jeu-de-societe\/ttmc-2-tu-te-remets-combien\/","og_site_name":"Tu te mets combien ?","article_publisher":"https:\/\/www.facebook.com\/tutemetscombien\/","article_modified_time":"2026-05-01T00:00:24+00:00","og_image":[{"width":2560,"height":2560,"url":"https:\/\/www.tutemetscombien.fr\/wp-content\/uploads\/2025\/07\/PIXIEGAMES_TTMC2_3quart-GAUCHE-scaled.jpg","type":"image\/jpeg"}],"twitter_card":"summary_large_image","twitter_misc":{"Geschatte leestijd":"1 minuut"},"schema":{"@context":"https:\/\/schema.org","@graph":[{"@type":"WebPage","@id":"https:\/\/www.tutemetscombien.fr\/jeu-de-societe\/ttmc-2-tu-te-remets-combien\/","url":"https:\/\/www.tutemetscombien.fr\/jeu-de-societe\/ttmc-2-tu-te-remets-combien\/","name":"TTMC 2 \u2013 Hoeveel heb je (weer) ontmoet?: een spel voor tieners en volwassenen","isPartOf":{"@id":"https:\/\/www.tutemetscombien.fr\/#website"},"primaryImageOfPage":{"@id":"https:\/\/www.tutemetscombien.fr\/jeu-de-societe\/ttmc-2-tu-te-remets-combien\/#primaryimage"},"image":{"@id":"https:\/\/www.tutemetscombien.fr\/jeu-de-societe\/ttmc-2-tu-te-remets-combien\/#primaryimage"},"thumbnailUrl":"https:\/\/www.tutemetscombien.fr\/wp-content\/uploads\/2025\/07\/PIXIEGAMES_TTMC2_3quart-GAUCHE-scaled.jpg","datePublished":"2025-07-16T09:39:04+00:00","dateModified":"2026-05-01T00:00:24+00:00","description":"TTMC 2 \u2013 Tu Te (Re)Mets Combien? : het algemene kennisbordspel waarbij je samen met vrienden of familie je kennis test van 1 tot 10!","breadcrumb":{"@id":"https:\/\/www.tutemetscombien.fr\/jeu-de-societe\/ttmc-2-tu-te-remets-combien\/#breadcrumb"},"inLanguage":"nl-NL","potentialAction":[{"@type":"ReadAction","target":["https:\/\/www.tutemetscombien.fr\/jeu-de-societe\/ttmc-2-tu-te-remets-combien\/"]}]},{"@type":"ImageObject","inLanguage":"nl-NL","@id":"https:\/\/www.tutemetscombien.fr\/jeu-de-societe\/ttmc-2-tu-te-remets-combien\/#primaryimage","url":"https:\/\/www.tutemetscombien.fr\/wp-content\/uploads\/2025\/07\/PIXIEGAMES_TTMC2_3quart-GAUCHE-scaled.jpg","contentUrl":"https:\/\/www.tutemetscombien.fr\/wp-content\/uploads\/2025\/07\/PIXIEGAMES_TTMC2_3quart-GAUCHE-scaled.jpg","width":2560,"height":2560,"caption":"Bo\u00eete du jeu TTMC 2 \u2013 Tu Te (Re)Mets Combien ?"},{"@type":"BreadcrumbList","@id":"https:\/\/www.tutemetscombien.fr\/jeu-de-societe\/ttmc-2-tu-te-remets-combien\/#breadcrumb","itemListElement":[{"@type":"ListItem","position":1,"name":"Accueil","item":"https:\/\/www.tutemetscombien.fr\/"},{"@type":"ListItem","position":2,"name":"Nos jeux","item":"https:\/\/www.tutemetscombien.fr\/nos-jeux\/"},{"@type":"ListItem","position":3,"name":"TTMC 2 &#8211; Tu Te (Re)Mets Combien ?"}]},{"@type":"WebSite","@id":"https:\/\/www.tutemetscombien.fr\/#website","url":"https:\/\/www.tutemetscombien.fr\/","name":"Hoeveel geef je jezelf ?","description":"Leuk en leerzaam triviaspel - Offici\u00eble website","publisher":{"@id":"https:\/\/www.tutemetscombien.fr\/#organization"},"potentialAction":[{"@type":"SearchAction","target":{"@type":"EntryPoint","urlTemplate":"https:\/\/www.tutemetscombien.fr\/?s={search_term_string}"},"query-input":{"@type":"PropertyValueSpecification","valueRequired":true,"valueName":"search_term_string"}}],"inLanguage":"nl-NL"},{"@type":"Organization","@id":"https:\/\/www.tutemetscombien.fr\/#organization","name":"Hoeveel geef je jezelf ?","url":"https:\/\/www.tutemetscombien.fr\/","logo":{"@type":"ImageObject","inLanguage":"nl-NL","@id":"https:\/\/www.tutemetscombien.fr\/#\/schema\/logo\/image\/","url":"https:\/\/www.tutemetscombien.fr\/wp-content\/uploads\/2025\/05\/Logo_TTMC_HD.png","contentUrl":"https:\/\/www.tutemetscombien.fr\/wp-content\/uploads\/2025\/05\/Logo_TTMC_HD.png","width":2000,"height":1597,"caption":"Tu te mets combien ?"},"image":{"@id":"https:\/\/www.tutemetscombien.fr\/#\/schema\/logo\/image\/"},"sameAs":["https:\/\/www.facebook.com\/tutemetscombien\/","https:\/\/www.instagram.com\/ttmctutemetscombien\/","https:\/\/www.tiktok.com\/@ttmctutemetscombien","https:\/\/www.linkedin.com\/showcase\/ttmc-tu-te-mets-combien\/"]}]}},"_links":{"self":[{"href":"https:\/\/www.tutemetscombien.fr\/nl\/wp-json\/wp\/v2\/product\/1538","targetHints":{"allow":["GET"]}}],"collection":[{"href":"https:\/\/www.tutemetscombien.fr\/nl\/wp-json\/wp\/v2\/product"}],"about":[{"href":"https:\/\/www.tutemetscombien.fr\/nl\/wp-json\/wp\/v2\/types\/product"}],"replies":[{"embeddable":true,"href":"https:\/\/www.tutemetscombien.fr\/nl\/wp-json\/wp\/v2\/comments?post=1538"}],"wp:featuredmedia":[{"embeddable":true,"href":"https:\/\/www.tutemetscombien.fr\/nl\/wp-json\/wp\/v2\/media\/3138"}],"wp:attachment":[{"href":"https:\/\/www.tutemetscombien.fr\/nl\/wp-json\/wp\/v2\/media?parent=1538"}],"wp:term":[{"taxonomy":"product_brand","embeddable":true,"href":"https:\/\/www.tutemetscombien.fr\/nl\/wp-json\/wp\/v2\/product_brand?post=1538"},{"taxonomy":"product_cat","embeddable":true,"href":"https:\/\/www.tutemetscombien.fr\/nl\/wp-json\/wp\/v2\/product_cat?post=1538"},{"taxonomy":"product_tag","embeddable":true,"href":"https:\/\/www.tutemetscombien.fr\/nl\/wp-json\/wp\/v2\/product_tag?post=1538"}],"curies":[{"name":"wp","href":"https:\/\/api.w.org\/{rel}","templated":true}]}}