{"id":2147,"date":"2025-09-15T17:12:12","date_gmt":"2025-09-15T15:12:12","guid":{"rendered":"https:\/\/www.tutemetscombien.fr\/?page_id=2147"},"modified":"2025-09-15T17:24:47","modified_gmt":"2025-09-15T15:24:47","slug":"commande-confirmee","status":"publish","type":"page","link":"https:\/\/www.tutemetscombien.fr\/nl\/commande-confirmee\/","title":{"rendered":"Bestelling bevestigd"},"content":{"rendered":"<div data-elementor-type=\"wp-page\" data-elementor-id=\"2147\" class=\"elementor elementor-2147\" data-elementor-post-type=\"page\">\n\t\t\t\t<div class=\"elementor-element elementor-element-42a82da e-flex e-con-boxed e-con e-parent\" data-id=\"42a82da\" data-element_type=\"container\" data-e-type=\"container\">\n\t\t\t\t\t<div class=\"e-con-inner\">\n\t\t<div class=\"elementor-element elementor-element-862ced6 e-con-full e-flex e-con e-child\" data-id=\"862ced6\" data-element_type=\"container\" data-e-type=\"container\" data-settings=\"{&quot;background_background&quot;:&quot;classic&quot;}\">\n\t\t\t\t<div class=\"elementor-element elementor-element-d94f59b elementor-widget elementor-widget-heading\" data-id=\"d94f59b\" data-element_type=\"widget\" data-e-type=\"widget\" data-widget_type=\"heading.default\">\n\t\t\t\t<div class=\"elementor-widget-container\">\n\t\t\t\t\t<h1 class=\"elementor-heading-title elementor-size-default\">Volgorde<br>bevestigd<\/h1>\t\t\t\t<\/div>\n\t\t\t\t<\/div>\n\t\t\t\t<\/div>\n\t\t\t\t<div class=\"elementor-element elementor-element-cc76052 elementor-widget elementor-widget-heading\" data-id=\"cc76052\" data-element_type=\"widget\" data-e-type=\"widget\" data-widget_type=\"heading.default\">\n\t\t\t\t<div class=\"elementor-widget-container\">\n\t\t\t\t\t<h2 class=\"elementor-heading-title elementor-size-default\">Houd uw brievenbus in de gaten, uw bestelling wordt binnen 4 tot 5 werkdagen bezorgd.<\/h2>\t\t\t\t<\/div>\n\t\t\t\t<\/div>\n\t\t\t\t\t<\/div>\n\t\t\t\t<\/div>\n\t\t\t\t<\/div>","protected":false},"excerpt":{"rendered":"<p>Bestelling bevestigd. Houd uw brievenbus in de gaten, uw bestelling wordt binnen 4 tot 5 werkdagen bezorgd.<\/p>","protected":false},"author":1,"featured_media":0,"parent":0,"menu_order":0,"comment_status":"closed","ping_status":"closed","template":"","meta":{"_acf_changed":false,"footnotes":""},"class_list":["post-2147","page","type-page","status-publish","hentry"],"acf":[],"yoast_head":"<!-- This site is optimized with the Yoast SEO plugin v27.4 - https:\/\/yoast.com\/product\/yoast-seo-wordpress\/ -->\n<title>Commande confirm\u00e9e - Tu te mets combien ?<\/title>\n<meta name=\"robots\" content=\"index, follow, max-snippet:-1, max-image-preview:large, max-video-preview:-1\" \/>\n<link rel=\"canonical\" href=\"https:\/\/www.tutemetscombien.fr\/nl\/commande-confirmee\/\" \/>\n<meta property=\"og:locale\" content=\"nl_NL\" \/>\n<meta property=\"og:type\" content=\"article\" \/>\n<meta property=\"og:title\" content=\"Commande confirm\u00e9e - Tu te mets combien ?\" \/>\n<meta property=\"og:description\" content=\"Commandeconfirm\u00e9e Surveille ta bo\u00eete aux lettres, ta commande arrivera sous 4 \u00e0 5 jours ouvr\u00e9s.\" \/>\n<meta property=\"og:url\" content=\"https:\/\/www.tutemetscombien.fr\/nl\/commande-confirmee\/\" \/>\n<meta property=\"og:site_name\" content=\"Tu te mets combien ?\" \/>\n<meta property=\"article:publisher\" content=\"https:\/\/www.facebook.com\/tutemetscombien\/\" \/>\n<meta property=\"article:modified_time\" content=\"2025-09-15T15:24:47+00:00\" \/>\n<meta name=\"twitter:card\" content=\"summary_large_image\" \/>\n<script type=\"application\/ld+json\" class=\"yoast-schema-graph\">{\"@context\":\"https:\\\/\\\/schema.org\",\"@graph\":[{\"@type\":\"WebPage\",\"@id\":\"https:\\\/\\\/www.tutemetscombien.fr\\\/commande-confirmee\\\/\",\"url\":\"https:\\\/\\\/www.tutemetscombien.fr\\\/commande-confirmee\\\/\",\"name\":\"Commande confirm\u00e9e - Tu te mets combien ?\",\"isPartOf\":{\"@id\":\"https:\\\/\\\/www.tutemetscombien.fr\\\/#website\"},\"datePublished\":\"2025-09-15T15:12:12+00:00\",\"dateModified\":\"2025-09-15T15:24:47+00:00\",\"breadcrumb\":{\"@id\":\"https:\\\/\\\/www.tutemetscombien.fr\\\/commande-confirmee\\\/#breadcrumb\"},\"inLanguage\":\"nl-NL\",\"potentialAction\":[{\"@type\":\"ReadAction\",\"target\":[\"https:\\\/\\\/www.tutemetscombien.fr\\\/commande-confirmee\\\/\"]}]},{\"@type\":\"BreadcrumbList\",\"@id\":\"https:\\\/\\\/www.tutemetscombien.fr\\\/commande-confirmee\\\/#breadcrumb\",\"itemListElement\":[{\"@type\":\"ListItem\",\"position\":1,\"name\":\"Accueil\",\"item\":\"https:\\\/\\\/www.tutemetscombien.fr\\\/\"},{\"@type\":\"ListItem\",\"position\":2,\"name\":\"Commande confirm\u00e9e\"}]},{\"@type\":\"WebSite\",\"@id\":\"https:\\\/\\\/www.tutemetscombien.fr\\\/#website\",\"url\":\"https:\\\/\\\/www.tutemetscombien.fr\\\/\",\"name\":\"Tu te mets combien ?\",\"description\":\"Jeu de questions amusant et \u00e9ducatif - Site Officiel\",\"publisher\":{\"@id\":\"https:\\\/\\\/www.tutemetscombien.fr\\\/#organization\"},\"potentialAction\":[{\"@type\":\"SearchAction\",\"target\":{\"@type\":\"EntryPoint\",\"urlTemplate\":\"https:\\\/\\\/www.tutemetscombien.fr\\\/?s={search_term_string}\"},\"query-input\":{\"@type\":\"PropertyValueSpecification\",\"valueRequired\":true,\"valueName\":\"search_term_string\"}}],\"inLanguage\":\"nl-NL\"},{\"@type\":\"Organization\",\"@id\":\"https:\\\/\\\/www.tutemetscombien.fr\\\/#organization\",\"name\":\"Tu te mets combien ?\",\"url\":\"https:\\\/\\\/www.tutemetscombien.fr\\\/\",\"logo\":{\"@type\":\"ImageObject\",\"inLanguage\":\"nl-NL\",\"@id\":\"https:\\\/\\\/www.tutemetscombien.fr\\\/#\\\/schema\\\/logo\\\/image\\\/\",\"url\":\"https:\\\/\\\/www.tutemetscombien.fr\\\/wp-content\\\/uploads\\\/2025\\\/05\\\/Logo_TTMC_HD.png\",\"contentUrl\":\"https:\\\/\\\/www.tutemetscombien.fr\\\/wp-content\\\/uploads\\\/2025\\\/05\\\/Logo_TTMC_HD.png\",\"width\":2000,\"height\":1597,\"caption\":\"Tu te mets combien ?\"},\"image\":{\"@id\":\"https:\\\/\\\/www.tutemetscombien.fr\\\/#\\\/schema\\\/logo\\\/image\\\/\"},\"sameAs\":[\"https:\\\/\\\/www.facebook.com\\\/tutemetscombien\\\/\",\"https:\\\/\\\/www.instagram.com\\\/ttmctutemetscombien\\\/\",\"https:\\\/\\\/www.tiktok.com\\\/@ttmctutemetscombien\",\"https:\\\/\\\/www.linkedin.com\\\/showcase\\\/ttmc-tu-te-mets-combien\\\/\"]}]}<\/script>\n<!-- \/ Yoast SEO plugin. -->","yoast_head_json":{"title":"Bestelling bevestigd - Hoeveel ga je inleggen?","robots":{"index":"index","follow":"follow","max-snippet":"max-snippet:-1","max-image-preview":"max-image-preview:large","max-video-preview":"max-video-preview:-1"},"canonical":"https:\/\/www.tutemetscombien.fr\/nl\/commande-confirmee\/","og_locale":"nl_NL","og_type":"article","og_title":"Commande confirm\u00e9e - Tu te mets combien ?","og_description":"Commandeconfirm\u00e9e Surveille ta bo\u00eete aux lettres, ta commande arrivera sous 4 \u00e0 5 jours ouvr\u00e9s.","og_url":"https:\/\/www.tutemetscombien.fr\/nl\/commande-confirmee\/","og_site_name":"Tu te mets combien ?","article_publisher":"https:\/\/www.facebook.com\/tutemetscombien\/","article_modified_time":"2025-09-15T15:24:47+00:00","twitter_card":"summary_large_image","schema":{"@context":"https:\/\/schema.org","@graph":[{"@type":"WebPage","@id":"https:\/\/www.tutemetscombien.fr\/commande-confirmee\/","url":"https:\/\/www.tutemetscombien.fr\/commande-confirmee\/","name":"Bestelling bevestigd - Hoeveel ga je inleggen?","isPartOf":{"@id":"https:\/\/www.tutemetscombien.fr\/#website"},"datePublished":"2025-09-15T15:12:12+00:00","dateModified":"2025-09-15T15:24:47+00:00","breadcrumb":{"@id":"https:\/\/www.tutemetscombien.fr\/commande-confirmee\/#breadcrumb"},"inLanguage":"nl-NL","potentialAction":[{"@type":"ReadAction","target":["https:\/\/www.tutemetscombien.fr\/commande-confirmee\/"]}]},{"@type":"BreadcrumbList","@id":"https:\/\/www.tutemetscombien.fr\/commande-confirmee\/#breadcrumb","itemListElement":[{"@type":"ListItem","position":1,"name":"Accueil","item":"https:\/\/www.tutemetscombien.fr\/"},{"@type":"ListItem","position":2,"name":"Commande confirm\u00e9e"}]},{"@type":"WebSite","@id":"https:\/\/www.tutemetscombien.fr\/#website","url":"https:\/\/www.tutemetscombien.fr\/","name":"Hoeveel geef je jezelf ?","description":"Leuk en leerzaam triviaspel - Offici\u00eble website","publisher":{"@id":"https:\/\/www.tutemetscombien.fr\/#organization"},"potentialAction":[{"@type":"SearchAction","target":{"@type":"EntryPoint","urlTemplate":"https:\/\/www.tutemetscombien.fr\/?s={search_term_string}"},"query-input":{"@type":"PropertyValueSpecification","valueRequired":true,"valueName":"search_term_string"}}],"inLanguage":"nl-NL"},{"@type":"Organization","@id":"https:\/\/www.tutemetscombien.fr\/#organization","name":"Hoeveel geef je jezelf ?","url":"https:\/\/www.tutemetscombien.fr\/","logo":{"@type":"ImageObject","inLanguage":"nl-NL","@id":"https:\/\/www.tutemetscombien.fr\/#\/schema\/logo\/image\/","url":"https:\/\/www.tutemetscombien.fr\/wp-content\/uploads\/2025\/05\/Logo_TTMC_HD.png","contentUrl":"https:\/\/www.tutemetscombien.fr\/wp-content\/uploads\/2025\/05\/Logo_TTMC_HD.png","width":2000,"height":1597,"caption":"Tu te mets combien ?"},"image":{"@id":"https:\/\/www.tutemetscombien.fr\/#\/schema\/logo\/image\/"},"sameAs":["https:\/\/www.facebook.com\/tutemetscombien\/","https:\/\/www.instagram.com\/ttmctutemetscombien\/","https:\/\/www.tiktok.com\/@ttmctutemetscombien","https:\/\/www.linkedin.com\/showcase\/ttmc-tu-te-mets-combien\/"]}]}},"_links":{"self":[{"href":"https:\/\/www.tutemetscombien.fr\/nl\/wp-json\/wp\/v2\/pages\/2147","targetHints":{"allow":["GET"]}}],"collection":[{"href":"https:\/\/www.tutemetscombien.fr\/nl\/wp-json\/wp\/v2\/pages"}],"about":[{"href":"https:\/\/www.tutemetscombien.fr\/nl\/wp-json\/wp\/v2\/types\/page"}],"author":[{"embeddable":true,"href":"https:\/\/www.tutemetscombien.fr\/nl\/wp-json\/wp\/v2\/users\/1"}],"replies":[{"embeddable":true,"href":"https:\/\/www.tutemetscombien.fr\/nl\/wp-json\/wp\/v2\/comments?post=2147"}],"version-history":[{"count":16,"href":"https:\/\/www.tutemetscombien.fr\/nl\/wp-json\/wp\/v2\/pages\/2147\/revisions"}],"predecessor-version":[{"id":2169,"href":"https:\/\/www.tutemetscombien.fr\/nl\/wp-json\/wp\/v2\/pages\/2147\/revisions\/2169"}],"wp:attachment":[{"href":"https:\/\/www.tutemetscombien.fr\/nl\/wp-json\/wp\/v2\/media?parent=2147"}],"curies":[{"name":"wp","href":"https:\/\/api.w.org\/{rel}","templated":true}]}}