{"id":1572,"date":"2025-07-21T12:11:16","date_gmt":"2025-07-21T10:11:16","guid":{"rendered":"https:\/\/www.tutemetscombien.fr\/?post_type=product&#038;p=1572"},"modified":"2026-04-30T12:10:25","modified_gmt":"2026-04-30T10:10:25","slug":"ttmc-tu-te-mets-combien","status":"publish","type":"product","link":"https:\/\/www.tutemetscombien.fr\/hu\/jeu-de-societe\/ttmc-tu-te-mets-combien\/","title":{"rendered":"TTMC \u2013 Tu Te Mets Combien ?"},"content":{"rendered":"<p><em>TTMC \u2013 Tu Te Mets Combien ?<\/em> f\u00e9l\u00faton van egy \u00e1ltal\u00e1nos tud\u00e1st fejleszt\u0151 kv\u00edz \u00e9s egy t\u00e1rsasj\u00e1t\u00e9k k\u00f6z\u00f6tt.<\/p>\n<p>\u00c9rt\u00e9keld tud\u00e1sodat 1-t\u0151l 10-ig sz\u00e1mos t\u00e9m\u00e1ban, a legklasszikusabbakt\u00f3l a legk\u00fcl\u00f6nlegesebbekig, \u00e9s l\u00e9gy az els\u0151, aki...<br \/>\n\u00e1tszelni az eg\u00e9sz fenns\u00edkot.<\/p>\n<p>Az elv egyszer\u0171: 1 (k\u00f6nny\u0171) \u00e9s 10 (szak\u00e9rt\u0151) k\u00f6z\u00f6tt v\u00e1lasztasz egy szintet az adott t\u00e9m\u00e1ban. Min\u00e9l nagyobb a sz\u00e1m, ann\u00e1l nehezebb a k\u00e9rd\u00e9s. Ha helyesen v\u00e1laszolsz, annyi mez\u0151t l\u00e9psz el\u0151re, amennyi a sz\u00e1mod. K\u00f6nny\u0171? Pr\u00f3b\u00e1ld ki a 8. szintet csics\u00f3k\u00e1n.<\/p>\n<p>Vicces, k\u00f6nnyen \u00e9rthet\u0151 \u00e9s teljesen addikt\u00edv: 540 k\u00e1rtya, 4132 k\u00e9rd\u00e9s \u00e9s n\u00e9h\u00e1ny k\u00fcl\u00f6nleges k\u00e1rtya, hogy feldobja a j\u00e1t\u00e9kot.<\/p>","protected":false},"excerpt":{"rendered":"<div id=\"product-description-short-154\">\n<p>Mennyire tartod magad Aladdinnak? K\u00e9pzeletbeli \u00e1llatoknak? Fogpiszk\u00e1l\u00f3knak?<br \/>\nAz \u00e1ltal\u00e1nos tud\u00e1s j\u00e1t\u00e9k, ahol 1-t\u0151l 10-ig \u00e9rt\u00e9kelheted a tud\u00e1sodat klasszikus \u00e9s val\u00f3sz\u00edn\u0171tlen t\u00e9m\u00e1kban egyar\u00e1nt!<\/p>\n<\/div>","protected":false},"featured_media":3143,"comment_status":"closed","ping_status":"closed","template":"","meta":{"_acf_changed":false},"product_brand":[],"product_cat":[37],"product_tag":[],"class_list":{"0":"post-1572","1":"product","2":"type-product","3":"status-publish","4":"has-post-thumbnail","6":"product_cat-ttmc-france","8":"first","9":"instock","10":"featured","11":"taxable","12":"shipping-taxable","13":"purchasable","14":"product-type-simple"},"acf":[],"yoast_head":"<!-- This site is optimized with the Yoast SEO plugin v27.4 - https:\/\/yoast.com\/product\/yoast-seo-wordpress\/ -->\n<title>TTMC \u2013 Tu Te Mets Combien ? : jeu de soci\u00e9t\u00e9 de culture g\u00e9n\u00e9rale<\/title>\n<meta name=\"description\" content=\"TTMC \u2013 Tu Te Mets Combien ? : un jeu de soci\u00e9t\u00e9 d&#039;ambiance o\u00f9 tu auto-\u00e9values tes connaissances de 1 \u00e0 10 pour t&#039;amuser entre amis ou en famille !\" \/>\n<meta name=\"robots\" content=\"index, follow, max-snippet:-1, max-image-preview:large, max-video-preview:-1\" \/>\n<link rel=\"canonical\" href=\"https:\/\/www.tutemetscombien.fr\/hu\/jeu-de-societe\/ttmc-tu-te-mets-combien\/\" \/>\n<meta property=\"og:locale\" content=\"hu_HU\" \/>\n<meta property=\"og:type\" content=\"article\" \/>\n<meta property=\"og:title\" content=\"TTMC \u2013 Tu Te Mets Combien ? : jeu de soci\u00e9t\u00e9 de culture g\u00e9n\u00e9rale\" \/>\n<meta property=\"og:description\" content=\"TTMC \u2013 Tu Te Mets Combien ? : un jeu de soci\u00e9t\u00e9 d&#039;ambiance o\u00f9 tu auto-\u00e9values tes connaissances de 1 \u00e0 10 pour t&#039;amuser entre amis ou en famille !\" \/>\n<meta property=\"og:url\" content=\"https:\/\/www.tutemetscombien.fr\/hu\/jeu-de-societe\/ttmc-tu-te-mets-combien\/\" \/>\n<meta property=\"og:site_name\" content=\"Tu te mets combien ?\" \/>\n<meta property=\"article:publisher\" content=\"https:\/\/www.facebook.com\/tutemetscombien\/\" \/>\n<meta property=\"article:modified_time\" content=\"2026-04-30T10:10:25+00:00\" \/>\n<meta property=\"og:image\" content=\"https:\/\/www.tutemetscombien.fr\/wp-content\/uploads\/2025\/07\/PIXIEGAMES_TTMC1_3quart-GAUCHE-scaled.jpg\" \/>\n\t<meta property=\"og:image:width\" content=\"2560\" \/>\n\t<meta property=\"og:image:height\" content=\"2560\" \/>\n\t<meta property=\"og:image:type\" content=\"image\/jpeg\" \/>\n<meta name=\"twitter:card\" content=\"summary_large_image\" \/>\n<meta name=\"twitter:label1\" content=\"Becs\u00fclt olvas\u00e1si id\u0151\" \/>\n\t<meta name=\"twitter:data1\" content=\"1 perc\" \/>\n<script type=\"application\/ld+json\" class=\"yoast-schema-graph\">{\"@context\":\"https:\\\/\\\/schema.org\",\"@graph\":[{\"@type\":\"WebPage\",\"@id\":\"https:\\\/\\\/www.tutemetscombien.fr\\\/jeu-de-societe\\\/ttmc-tu-te-mets-combien\\\/\",\"url\":\"https:\\\/\\\/www.tutemetscombien.fr\\\/jeu-de-societe\\\/ttmc-tu-te-mets-combien\\\/\",\"name\":\"TTMC \u2013 Tu Te Mets Combien ? : jeu de soci\u00e9t\u00e9 de culture g\u00e9n\u00e9rale\",\"isPartOf\":{\"@id\":\"https:\\\/\\\/www.tutemetscombien.fr\\\/#website\"},\"primaryImageOfPage\":{\"@id\":\"https:\\\/\\\/www.tutemetscombien.fr\\\/jeu-de-societe\\\/ttmc-tu-te-mets-combien\\\/#primaryimage\"},\"image\":{\"@id\":\"https:\\\/\\\/www.tutemetscombien.fr\\\/jeu-de-societe\\\/ttmc-tu-te-mets-combien\\\/#primaryimage\"},\"thumbnailUrl\":\"https:\\\/\\\/www.tutemetscombien.fr\\\/wp-content\\\/uploads\\\/2025\\\/07\\\/PIXIEGAMES_TTMC1_3quart-GAUCHE-scaled.jpg\",\"datePublished\":\"2025-07-21T10:11:16+00:00\",\"dateModified\":\"2026-04-30T10:10:25+00:00\",\"description\":\"TTMC \u2013 Tu Te Mets Combien ? : un jeu de soci\u00e9t\u00e9 d'ambiance o\u00f9 tu auto-\u00e9values tes connaissances de 1 \u00e0 10 pour t'amuser entre amis ou en famille !\",\"breadcrumb\":{\"@id\":\"https:\\\/\\\/www.tutemetscombien.fr\\\/jeu-de-societe\\\/ttmc-tu-te-mets-combien\\\/#breadcrumb\"},\"inLanguage\":\"hu\",\"potentialAction\":[{\"@type\":\"ReadAction\",\"target\":[\"https:\\\/\\\/www.tutemetscombien.fr\\\/jeu-de-societe\\\/ttmc-tu-te-mets-combien\\\/\"]}]},{\"@type\":\"ImageObject\",\"inLanguage\":\"hu\",\"@id\":\"https:\\\/\\\/www.tutemetscombien.fr\\\/jeu-de-societe\\\/ttmc-tu-te-mets-combien\\\/#primaryimage\",\"url\":\"https:\\\/\\\/www.tutemetscombien.fr\\\/wp-content\\\/uploads\\\/2025\\\/07\\\/PIXIEGAMES_TTMC1_3quart-GAUCHE-scaled.jpg\",\"contentUrl\":\"https:\\\/\\\/www.tutemetscombien.fr\\\/wp-content\\\/uploads\\\/2025\\\/07\\\/PIXIEGAMES_TTMC1_3quart-GAUCHE-scaled.jpg\",\"width\":2560,\"height\":2560,\"caption\":\"Bo\u00eete du jeu TTMC \u2013 Tu Te Mets Combien ?\"},{\"@type\":\"BreadcrumbList\",\"@id\":\"https:\\\/\\\/www.tutemetscombien.fr\\\/jeu-de-societe\\\/ttmc-tu-te-mets-combien\\\/#breadcrumb\",\"itemListElement\":[{\"@type\":\"ListItem\",\"position\":1,\"name\":\"Accueil\",\"item\":\"https:\\\/\\\/www.tutemetscombien.fr\\\/\"},{\"@type\":\"ListItem\",\"position\":2,\"name\":\"Nos jeux\",\"item\":\"https:\\\/\\\/www.tutemetscombien.fr\\\/nos-jeux\\\/\"},{\"@type\":\"ListItem\",\"position\":3,\"name\":\"TTMC &#8211; Tu Te Mets Combien ?\"}]},{\"@type\":\"WebSite\",\"@id\":\"https:\\\/\\\/www.tutemetscombien.fr\\\/#website\",\"url\":\"https:\\\/\\\/www.tutemetscombien.fr\\\/\",\"name\":\"Tu te mets combien ?\",\"description\":\"Jeu de questions amusant et \u00e9ducatif - Site Officiel\",\"publisher\":{\"@id\":\"https:\\\/\\\/www.tutemetscombien.fr\\\/#organization\"},\"potentialAction\":[{\"@type\":\"SearchAction\",\"target\":{\"@type\":\"EntryPoint\",\"urlTemplate\":\"https:\\\/\\\/www.tutemetscombien.fr\\\/?s={search_term_string}\"},\"query-input\":{\"@type\":\"PropertyValueSpecification\",\"valueRequired\":true,\"valueName\":\"search_term_string\"}}],\"inLanguage\":\"hu\"},{\"@type\":\"Organization\",\"@id\":\"https:\\\/\\\/www.tutemetscombien.fr\\\/#organization\",\"name\":\"Tu te mets combien ?\",\"url\":\"https:\\\/\\\/www.tutemetscombien.fr\\\/\",\"logo\":{\"@type\":\"ImageObject\",\"inLanguage\":\"hu\",\"@id\":\"https:\\\/\\\/www.tutemetscombien.fr\\\/#\\\/schema\\\/logo\\\/image\\\/\",\"url\":\"https:\\\/\\\/www.tutemetscombien.fr\\\/wp-content\\\/uploads\\\/2025\\\/05\\\/Logo_TTMC_HD.png\",\"contentUrl\":\"https:\\\/\\\/www.tutemetscombien.fr\\\/wp-content\\\/uploads\\\/2025\\\/05\\\/Logo_TTMC_HD.png\",\"width\":2000,\"height\":1597,\"caption\":\"Tu te mets combien ?\"},\"image\":{\"@id\":\"https:\\\/\\\/www.tutemetscombien.fr\\\/#\\\/schema\\\/logo\\\/image\\\/\"},\"sameAs\":[\"https:\\\/\\\/www.facebook.com\\\/tutemetscombien\\\/\",\"https:\\\/\\\/www.instagram.com\\\/ttmctutemetscombien\\\/\",\"https:\\\/\\\/www.tiktok.com\\\/@ttmctutemetscombien\",\"https:\\\/\\\/www.linkedin.com\\\/showcase\\\/ttmc-tu-te-mets-combien\\\/\"]}]}<\/script>\n<!-- \/ Yoast SEO plugin. -->","yoast_head_json":{"title":"TTMC \u2013 Tu Te Mets Combien? : \u00e1ltal\u00e1nos tud\u00e1s\u00fa t\u00e1rsasj\u00e1t\u00e9k","description":"TTMC \u2013 Tu Te Mets Combien? : egy t\u00e1rsasj\u00e1t\u00e9k, ahol 1-t\u0151l 10-ig \u00e9rt\u00e9kelheted a tud\u00e1sodat, hogy j\u00f3l \u00e9rezd magad bar\u00e1taiddal vagy csal\u00e1doddal!","robots":{"index":"index","follow":"follow","max-snippet":"max-snippet:-1","max-image-preview":"max-image-preview:large","max-video-preview":"max-video-preview:-1"},"canonical":"https:\/\/www.tutemetscombien.fr\/hu\/jeu-de-societe\/ttmc-tu-te-mets-combien\/","og_locale":"hu_HU","og_type":"article","og_title":"TTMC \u2013 Tu Te Mets Combien ? : jeu de soci\u00e9t\u00e9 de culture g\u00e9n\u00e9rale","og_description":"TTMC \u2013 Tu Te Mets Combien ? : un jeu de soci\u00e9t\u00e9 d'ambiance o\u00f9 tu auto-\u00e9values tes connaissances de 1 \u00e0 10 pour t'amuser entre amis ou en famille !","og_url":"https:\/\/www.tutemetscombien.fr\/hu\/jeu-de-societe\/ttmc-tu-te-mets-combien\/","og_site_name":"Tu te mets combien ?","article_publisher":"https:\/\/www.facebook.com\/tutemetscombien\/","article_modified_time":"2026-04-30T10:10:25+00:00","og_image":[{"width":2560,"height":2560,"url":"https:\/\/www.tutemetscombien.fr\/wp-content\/uploads\/2025\/07\/PIXIEGAMES_TTMC1_3quart-GAUCHE-scaled.jpg","type":"image\/jpeg"}],"twitter_card":"summary_large_image","twitter_misc":{"Becs\u00fclt olvas\u00e1si id\u0151":"1 perc"},"schema":{"@context":"https:\/\/schema.org","@graph":[{"@type":"WebPage","@id":"https:\/\/www.tutemetscombien.fr\/jeu-de-societe\/ttmc-tu-te-mets-combien\/","url":"https:\/\/www.tutemetscombien.fr\/jeu-de-societe\/ttmc-tu-te-mets-combien\/","name":"TTMC \u2013 Tu Te Mets Combien? : \u00e1ltal\u00e1nos tud\u00e1s\u00fa t\u00e1rsasj\u00e1t\u00e9k","isPartOf":{"@id":"https:\/\/www.tutemetscombien.fr\/#website"},"primaryImageOfPage":{"@id":"https:\/\/www.tutemetscombien.fr\/jeu-de-societe\/ttmc-tu-te-mets-combien\/#primaryimage"},"image":{"@id":"https:\/\/www.tutemetscombien.fr\/jeu-de-societe\/ttmc-tu-te-mets-combien\/#primaryimage"},"thumbnailUrl":"https:\/\/www.tutemetscombien.fr\/wp-content\/uploads\/2025\/07\/PIXIEGAMES_TTMC1_3quart-GAUCHE-scaled.jpg","datePublished":"2025-07-21T10:11:16+00:00","dateModified":"2026-04-30T10:10:25+00:00","description":"TTMC \u2013 Tu Te Mets Combien? : egy t\u00e1rsasj\u00e1t\u00e9k, ahol 1-t\u0151l 10-ig \u00e9rt\u00e9kelheted a tud\u00e1sodat, hogy j\u00f3l \u00e9rezd magad bar\u00e1taiddal vagy csal\u00e1doddal!","breadcrumb":{"@id":"https:\/\/www.tutemetscombien.fr\/jeu-de-societe\/ttmc-tu-te-mets-combien\/#breadcrumb"},"inLanguage":"hu","potentialAction":[{"@type":"ReadAction","target":["https:\/\/www.tutemetscombien.fr\/jeu-de-societe\/ttmc-tu-te-mets-combien\/"]}]},{"@type":"ImageObject","inLanguage":"hu","@id":"https:\/\/www.tutemetscombien.fr\/jeu-de-societe\/ttmc-tu-te-mets-combien\/#primaryimage","url":"https:\/\/www.tutemetscombien.fr\/wp-content\/uploads\/2025\/07\/PIXIEGAMES_TTMC1_3quart-GAUCHE-scaled.jpg","contentUrl":"https:\/\/www.tutemetscombien.fr\/wp-content\/uploads\/2025\/07\/PIXIEGAMES_TTMC1_3quart-GAUCHE-scaled.jpg","width":2560,"height":2560,"caption":"Bo\u00eete du jeu TTMC \u2013 Tu Te Mets Combien ?"},{"@type":"BreadcrumbList","@id":"https:\/\/www.tutemetscombien.fr\/jeu-de-societe\/ttmc-tu-te-mets-combien\/#breadcrumb","itemListElement":[{"@type":"ListItem","position":1,"name":"Accueil","item":"https:\/\/www.tutemetscombien.fr\/"},{"@type":"ListItem","position":2,"name":"Nos jeux","item":"https:\/\/www.tutemetscombien.fr\/nos-jeux\/"},{"@type":"ListItem","position":3,"name":"TTMC &#8211; Tu Te Mets Combien ?"}]},{"@type":"WebSite","@id":"https:\/\/www.tutemetscombien.fr\/#website","url":"https:\/\/www.tutemetscombien.fr\/","name":"Kv\u00edzm\u00e9rt\u00e9k","description":"Sz\u00f3rakoztat\u00f3 \u00e9s oktat\u00f3 jelleg\u0171 kv\u00edzj\u00e1t\u00e9k - Hivatalos weboldal","publisher":{"@id":"https:\/\/www.tutemetscombien.fr\/#organization"},"potentialAction":[{"@type":"SearchAction","target":{"@type":"EntryPoint","urlTemplate":"https:\/\/www.tutemetscombien.fr\/?s={search_term_string}"},"query-input":{"@type":"PropertyValueSpecification","valueRequired":true,"valueName":"search_term_string"}}],"inLanguage":"hu"},{"@type":"Organization","@id":"https:\/\/www.tutemetscombien.fr\/#organization","name":"Kv\u00edzm\u00e9rt\u00e9k","url":"https:\/\/www.tutemetscombien.fr\/","logo":{"@type":"ImageObject","inLanguage":"hu","@id":"https:\/\/www.tutemetscombien.fr\/#\/schema\/logo\/image\/","url":"https:\/\/www.tutemetscombien.fr\/wp-content\/uploads\/2025\/05\/Logo_TTMC_HD.png","contentUrl":"https:\/\/www.tutemetscombien.fr\/wp-content\/uploads\/2025\/05\/Logo_TTMC_HD.png","width":2000,"height":1597,"caption":"Tu te mets combien ?"},"image":{"@id":"https:\/\/www.tutemetscombien.fr\/#\/schema\/logo\/image\/"},"sameAs":["https:\/\/www.facebook.com\/tutemetscombien\/","https:\/\/www.instagram.com\/ttmctutemetscombien\/","https:\/\/www.tiktok.com\/@ttmctutemetscombien","https:\/\/www.linkedin.com\/showcase\/ttmc-tu-te-mets-combien\/"]}]}},"_links":{"self":[{"href":"https:\/\/www.tutemetscombien.fr\/hu\/wp-json\/wp\/v2\/product\/1572","targetHints":{"allow":["GET"]}}],"collection":[{"href":"https:\/\/www.tutemetscombien.fr\/hu\/wp-json\/wp\/v2\/product"}],"about":[{"href":"https:\/\/www.tutemetscombien.fr\/hu\/wp-json\/wp\/v2\/types\/product"}],"replies":[{"embeddable":true,"href":"https:\/\/www.tutemetscombien.fr\/hu\/wp-json\/wp\/v2\/comments?post=1572"}],"wp:featuredmedia":[{"embeddable":true,"href":"https:\/\/www.tutemetscombien.fr\/hu\/wp-json\/wp\/v2\/media\/3143"}],"wp:attachment":[{"href":"https:\/\/www.tutemetscombien.fr\/hu\/wp-json\/wp\/v2\/media?parent=1572"}],"wp:term":[{"taxonomy":"product_brand","embeddable":true,"href":"https:\/\/www.tutemetscombien.fr\/hu\/wp-json\/wp\/v2\/product_brand?post=1572"},{"taxonomy":"product_cat","embeddable":true,"href":"https:\/\/www.tutemetscombien.fr\/hu\/wp-json\/wp\/v2\/product_cat?post=1572"},{"taxonomy":"product_tag","embeddable":true,"href":"https:\/\/www.tutemetscombien.fr\/hu\/wp-json\/wp\/v2\/product_tag?post=1572"}],"curies":[{"name":"munkaf\u00fczet","href":"https:\/\/api.w.org\/{rel}","templated":true}]}}