{"id":1538,"date":"2025-07-16T11:39:04","date_gmt":"2025-07-16T09:39:04","guid":{"rendered":"https:\/\/www.tutemetscombien.fr\/?post_type=product&#038;p=1538"},"modified":"2026-05-01T02:00:24","modified_gmt":"2026-05-01T00:00:24","slug":"ttmc-2-tu-te-remets-combien","status":"publish","type":"product","link":"https:\/\/www.tutemetscombien.fr\/hu\/jeu-de-societe\/ttmc-2-tu-te-remets-combien\/","title":{"rendered":"TTMC 2 \u2013 Tu Te (Re)Mets Combien ?"},"content":{"rendered":"<p style=\"font-weight: 400;\"><em>TTMC 2 \u2013 Tu Te (Re)Mets Combien ?<\/em> \u00dajra\u00e9leszti a kultikus kv\u00edz elv\u00e9t, ahol 1-t\u0151l 10-ig \u00e9rt\u00e9kelheted a tud\u00e1sodat, egy j\u00f3 adag \u00faj funkci\u00f3val kieg\u00e9sz\u00edtve!<\/p>\n<p style=\"font-weight: 400;\">Fedezz fel 540 k\u00e1rty\u00e1t \u00e9s 4028 \u00faj k\u00e9rd\u00e9st sz\u00e1mos t\u00e9m\u00e1ban, a legkomolyabbt\u00f3l a legval\u00f3sz\u00edn\u0171tlenebbig.<\/p>\n<p style=\"font-weight: 400;\">Egy menek\u00fcl\u00e9si m\u00e9ret\u0171, f\u00fcggetlen \u00e9s emancip\u00e1lt doboz is be van cs\u00fasztatva a belsej\u00e9be, \u00edgy b\u00e1rhol j\u00e1tszhat\u00f3 (kiv\u00e9ve a zuhany alatt).<\/p>\n<p style=\"font-weight: 400;\">\u00daj &quot;rettenthetetlen&quot; k\u00fcl\u00f6nleges k\u00e1rty\u00e1k, t\u00f6bb csapatinterakci\u00f3, \u00e1ll\u00edthat\u00f3 j\u00e1t\u00e9khossz\u2026 de ugyanaz az elv marad: 1 (k\u00f6nny\u0171) \u00e9s 10 (szak\u00e9rt\u0151) k\u00f6z\u00f6tt v\u00e1lasztasz egy \u00e9rt\u00e9kel\u00e9st a kih\u00fazott t\u00e9m\u00e1ban. Min\u00e9l magasabb az \u00e9rt\u00e9kel\u00e9s, ann\u00e1l nehezebb a k\u00e9rd\u00e9s. Ha helyesen v\u00e1laszolsz, annyi mez\u0151t l\u00e9psz el\u0151re, amennyit az \u00e9rt\u00e9kel\u00e9sed mutat.<\/p>","protected":false},"excerpt":{"rendered":"<div id=\"product-description-short-4524\">\n<p>Milyen eredm\u00e9nyeid vannak vidr\u00e1kb\u00f3l? 5G-b\u0151l? Algebr\u00e1b\u00f3l?<br \/>\nAz \u00e1ltal\u00e1nos tud\u00e1sj\u00e1t\u00e9k folytat\u00e1sa, ahol 1-t\u0151l 10-ig \u00e9rt\u00e9kelheted a tud\u00e1sodat sz\u00e1mos \u00faj t\u00e9m\u00e1ban!<\/p>\n<\/div>","protected":false},"featured_media":3138,"comment_status":"closed","ping_status":"closed","template":"","meta":{"_acf_changed":false},"product_brand":[],"product_cat":[37],"product_tag":[],"class_list":{"0":"post-1538","1":"product","2":"type-product","3":"status-publish","4":"has-post-thumbnail","6":"product_cat-ttmc-france","8":"first","9":"instock","10":"featured","11":"taxable","12":"shipping-taxable","13":"purchasable","14":"product-type-simple"},"acf":[],"yoast_head":"<!-- This site is optimized with the Yoast SEO plugin v27.4 - https:\/\/yoast.com\/product\/yoast-seo-wordpress\/ -->\n<title>TTMC 2 \u2013 Tu Te (Re)Mets Combien ? : jeu pour ados et adultes<\/title>\n<meta name=\"description\" content=\"TTMC 2 \u2013 Tu Te (Re)Mets Combien ? : le jeu de soci\u00e9t\u00e9 de culture g\u00e9n\u00e9rale o\u00f9 tu auto-\u00e9values tes connaissances de 1 \u00e0 10, entre amis ou en famille !\" \/>\n<meta name=\"robots\" content=\"index, follow, max-snippet:-1, max-image-preview:large, max-video-preview:-1\" \/>\n<link rel=\"canonical\" href=\"https:\/\/www.tutemetscombien.fr\/hu\/jeu-de-societe\/ttmc-2-tu-te-remets-combien\/\" \/>\n<meta property=\"og:locale\" content=\"hu_HU\" \/>\n<meta property=\"og:type\" content=\"article\" \/>\n<meta property=\"og:title\" content=\"TTMC 2 \u2013 Tu Te (Re)Mets Combien ? : jeu pour ados et adultes\" \/>\n<meta property=\"og:description\" content=\"TTMC 2 \u2013 Tu Te (Re)Mets Combien ? : le jeu de soci\u00e9t\u00e9 de culture g\u00e9n\u00e9rale o\u00f9 tu auto-\u00e9values tes connaissances de 1 \u00e0 10, entre amis ou en famille !\" \/>\n<meta property=\"og:url\" content=\"https:\/\/www.tutemetscombien.fr\/hu\/jeu-de-societe\/ttmc-2-tu-te-remets-combien\/\" \/>\n<meta property=\"og:site_name\" content=\"Tu te mets combien ?\" \/>\n<meta property=\"article:publisher\" content=\"https:\/\/www.facebook.com\/tutemetscombien\/\" \/>\n<meta property=\"article:modified_time\" content=\"2026-05-01T00:00:24+00:00\" \/>\n<meta property=\"og:image\" content=\"https:\/\/www.tutemetscombien.fr\/wp-content\/uploads\/2025\/07\/PIXIEGAMES_TTMC2_3quart-GAUCHE-scaled.jpg\" \/>\n\t<meta property=\"og:image:width\" content=\"2560\" \/>\n\t<meta property=\"og:image:height\" content=\"2560\" \/>\n\t<meta property=\"og:image:type\" content=\"image\/jpeg\" \/>\n<meta name=\"twitter:card\" content=\"summary_large_image\" \/>\n<meta name=\"twitter:label1\" content=\"Becs\u00fclt olvas\u00e1si id\u0151\" \/>\n\t<meta name=\"twitter:data1\" content=\"1 perc\" \/>\n<script type=\"application\/ld+json\" class=\"yoast-schema-graph\">{\"@context\":\"https:\\\/\\\/schema.org\",\"@graph\":[{\"@type\":\"WebPage\",\"@id\":\"https:\\\/\\\/www.tutemetscombien.fr\\\/jeu-de-societe\\\/ttmc-2-tu-te-remets-combien\\\/\",\"url\":\"https:\\\/\\\/www.tutemetscombien.fr\\\/jeu-de-societe\\\/ttmc-2-tu-te-remets-combien\\\/\",\"name\":\"TTMC 2 \u2013 Tu Te (Re)Mets Combien ? : jeu pour ados et adultes\",\"isPartOf\":{\"@id\":\"https:\\\/\\\/www.tutemetscombien.fr\\\/#website\"},\"primaryImageOfPage\":{\"@id\":\"https:\\\/\\\/www.tutemetscombien.fr\\\/jeu-de-societe\\\/ttmc-2-tu-te-remets-combien\\\/#primaryimage\"},\"image\":{\"@id\":\"https:\\\/\\\/www.tutemetscombien.fr\\\/jeu-de-societe\\\/ttmc-2-tu-te-remets-combien\\\/#primaryimage\"},\"thumbnailUrl\":\"https:\\\/\\\/www.tutemetscombien.fr\\\/wp-content\\\/uploads\\\/2025\\\/07\\\/PIXIEGAMES_TTMC2_3quart-GAUCHE-scaled.jpg\",\"datePublished\":\"2025-07-16T09:39:04+00:00\",\"dateModified\":\"2026-05-01T00:00:24+00:00\",\"description\":\"TTMC 2 \u2013 Tu Te (Re)Mets Combien ? : le jeu de soci\u00e9t\u00e9 de culture g\u00e9n\u00e9rale o\u00f9 tu auto-\u00e9values tes connaissances de 1 \u00e0 10, entre amis ou en famille !\",\"breadcrumb\":{\"@id\":\"https:\\\/\\\/www.tutemetscombien.fr\\\/jeu-de-societe\\\/ttmc-2-tu-te-remets-combien\\\/#breadcrumb\"},\"inLanguage\":\"hu\",\"potentialAction\":[{\"@type\":\"ReadAction\",\"target\":[\"https:\\\/\\\/www.tutemetscombien.fr\\\/jeu-de-societe\\\/ttmc-2-tu-te-remets-combien\\\/\"]}]},{\"@type\":\"ImageObject\",\"inLanguage\":\"hu\",\"@id\":\"https:\\\/\\\/www.tutemetscombien.fr\\\/jeu-de-societe\\\/ttmc-2-tu-te-remets-combien\\\/#primaryimage\",\"url\":\"https:\\\/\\\/www.tutemetscombien.fr\\\/wp-content\\\/uploads\\\/2025\\\/07\\\/PIXIEGAMES_TTMC2_3quart-GAUCHE-scaled.jpg\",\"contentUrl\":\"https:\\\/\\\/www.tutemetscombien.fr\\\/wp-content\\\/uploads\\\/2025\\\/07\\\/PIXIEGAMES_TTMC2_3quart-GAUCHE-scaled.jpg\",\"width\":2560,\"height\":2560,\"caption\":\"Bo\u00eete du jeu TTMC 2 \u2013 Tu Te (Re)Mets Combien ?\"},{\"@type\":\"BreadcrumbList\",\"@id\":\"https:\\\/\\\/www.tutemetscombien.fr\\\/jeu-de-societe\\\/ttmc-2-tu-te-remets-combien\\\/#breadcrumb\",\"itemListElement\":[{\"@type\":\"ListItem\",\"position\":1,\"name\":\"Accueil\",\"item\":\"https:\\\/\\\/www.tutemetscombien.fr\\\/\"},{\"@type\":\"ListItem\",\"position\":2,\"name\":\"Nos jeux\",\"item\":\"https:\\\/\\\/www.tutemetscombien.fr\\\/nos-jeux\\\/\"},{\"@type\":\"ListItem\",\"position\":3,\"name\":\"TTMC 2 &#8211; Tu Te (Re)Mets Combien ?\"}]},{\"@type\":\"WebSite\",\"@id\":\"https:\\\/\\\/www.tutemetscombien.fr\\\/#website\",\"url\":\"https:\\\/\\\/www.tutemetscombien.fr\\\/\",\"name\":\"Tu te mets combien ?\",\"description\":\"Jeu de questions amusant et \u00e9ducatif - Site Officiel\",\"publisher\":{\"@id\":\"https:\\\/\\\/www.tutemetscombien.fr\\\/#organization\"},\"potentialAction\":[{\"@type\":\"SearchAction\",\"target\":{\"@type\":\"EntryPoint\",\"urlTemplate\":\"https:\\\/\\\/www.tutemetscombien.fr\\\/?s={search_term_string}\"},\"query-input\":{\"@type\":\"PropertyValueSpecification\",\"valueRequired\":true,\"valueName\":\"search_term_string\"}}],\"inLanguage\":\"hu\"},{\"@type\":\"Organization\",\"@id\":\"https:\\\/\\\/www.tutemetscombien.fr\\\/#organization\",\"name\":\"Tu te mets combien ?\",\"url\":\"https:\\\/\\\/www.tutemetscombien.fr\\\/\",\"logo\":{\"@type\":\"ImageObject\",\"inLanguage\":\"hu\",\"@id\":\"https:\\\/\\\/www.tutemetscombien.fr\\\/#\\\/schema\\\/logo\\\/image\\\/\",\"url\":\"https:\\\/\\\/www.tutemetscombien.fr\\\/wp-content\\\/uploads\\\/2025\\\/05\\\/Logo_TTMC_HD.png\",\"contentUrl\":\"https:\\\/\\\/www.tutemetscombien.fr\\\/wp-content\\\/uploads\\\/2025\\\/05\\\/Logo_TTMC_HD.png\",\"width\":2000,\"height\":1597,\"caption\":\"Tu te mets combien ?\"},\"image\":{\"@id\":\"https:\\\/\\\/www.tutemetscombien.fr\\\/#\\\/schema\\\/logo\\\/image\\\/\"},\"sameAs\":[\"https:\\\/\\\/www.facebook.com\\\/tutemetscombien\\\/\",\"https:\\\/\\\/www.instagram.com\\\/ttmctutemetscombien\\\/\",\"https:\\\/\\\/www.tiktok.com\\\/@ttmctutemetscombien\",\"https:\\\/\\\/www.linkedin.com\\\/showcase\\\/ttmc-tu-te-mets-combien\\\/\"]}]}<\/script>\n<!-- \/ Yoast SEO plugin. -->","yoast_head_json":{"title":"TTMC 2 \u2013 H\u00e1nyszor tal\u00e1lkozt\u00e1l (\u00fajra)?: j\u00e1t\u00e9k tin\u00e9dzsereknek \u00e9s feln\u0151tteknek","description":"TTMC 2 \u2013 Tu Te (Re)Mets Combien? : az \u00e1ltal\u00e1nos tud\u00e1st fejleszt\u0151 t\u00e1rsasj\u00e1t\u00e9k, ahol 1-t\u0151l 10-ig \u00e9rt\u00e9kelheted a tud\u00e1sodat bar\u00e1taiddal vagy csal\u00e1doddal!","robots":{"index":"index","follow":"follow","max-snippet":"max-snippet:-1","max-image-preview":"max-image-preview:large","max-video-preview":"max-video-preview:-1"},"canonical":"https:\/\/www.tutemetscombien.fr\/hu\/jeu-de-societe\/ttmc-2-tu-te-remets-combien\/","og_locale":"hu_HU","og_type":"article","og_title":"TTMC 2 \u2013 Tu Te (Re)Mets Combien ? : jeu pour ados et adultes","og_description":"TTMC 2 \u2013 Tu Te (Re)Mets Combien ? : le jeu de soci\u00e9t\u00e9 de culture g\u00e9n\u00e9rale o\u00f9 tu auto-\u00e9values tes connaissances de 1 \u00e0 10, entre amis ou en famille !","og_url":"https:\/\/www.tutemetscombien.fr\/hu\/jeu-de-societe\/ttmc-2-tu-te-remets-combien\/","og_site_name":"Tu te mets combien ?","article_publisher":"https:\/\/www.facebook.com\/tutemetscombien\/","article_modified_time":"2026-05-01T00:00:24+00:00","og_image":[{"width":2560,"height":2560,"url":"https:\/\/www.tutemetscombien.fr\/wp-content\/uploads\/2025\/07\/PIXIEGAMES_TTMC2_3quart-GAUCHE-scaled.jpg","type":"image\/jpeg"}],"twitter_card":"summary_large_image","twitter_misc":{"Becs\u00fclt olvas\u00e1si id\u0151":"1 perc"},"schema":{"@context":"https:\/\/schema.org","@graph":[{"@type":"WebPage","@id":"https:\/\/www.tutemetscombien.fr\/jeu-de-societe\/ttmc-2-tu-te-remets-combien\/","url":"https:\/\/www.tutemetscombien.fr\/jeu-de-societe\/ttmc-2-tu-te-remets-combien\/","name":"TTMC 2 \u2013 H\u00e1nyszor tal\u00e1lkozt\u00e1l (\u00fajra)?: j\u00e1t\u00e9k tin\u00e9dzsereknek \u00e9s feln\u0151tteknek","isPartOf":{"@id":"https:\/\/www.tutemetscombien.fr\/#website"},"primaryImageOfPage":{"@id":"https:\/\/www.tutemetscombien.fr\/jeu-de-societe\/ttmc-2-tu-te-remets-combien\/#primaryimage"},"image":{"@id":"https:\/\/www.tutemetscombien.fr\/jeu-de-societe\/ttmc-2-tu-te-remets-combien\/#primaryimage"},"thumbnailUrl":"https:\/\/www.tutemetscombien.fr\/wp-content\/uploads\/2025\/07\/PIXIEGAMES_TTMC2_3quart-GAUCHE-scaled.jpg","datePublished":"2025-07-16T09:39:04+00:00","dateModified":"2026-05-01T00:00:24+00:00","description":"TTMC 2 \u2013 Tu Te (Re)Mets Combien? : az \u00e1ltal\u00e1nos tud\u00e1st fejleszt\u0151 t\u00e1rsasj\u00e1t\u00e9k, ahol 1-t\u0151l 10-ig \u00e9rt\u00e9kelheted a tud\u00e1sodat bar\u00e1taiddal vagy csal\u00e1doddal!","breadcrumb":{"@id":"https:\/\/www.tutemetscombien.fr\/jeu-de-societe\/ttmc-2-tu-te-remets-combien\/#breadcrumb"},"inLanguage":"hu","potentialAction":[{"@type":"ReadAction","target":["https:\/\/www.tutemetscombien.fr\/jeu-de-societe\/ttmc-2-tu-te-remets-combien\/"]}]},{"@type":"ImageObject","inLanguage":"hu","@id":"https:\/\/www.tutemetscombien.fr\/jeu-de-societe\/ttmc-2-tu-te-remets-combien\/#primaryimage","url":"https:\/\/www.tutemetscombien.fr\/wp-content\/uploads\/2025\/07\/PIXIEGAMES_TTMC2_3quart-GAUCHE-scaled.jpg","contentUrl":"https:\/\/www.tutemetscombien.fr\/wp-content\/uploads\/2025\/07\/PIXIEGAMES_TTMC2_3quart-GAUCHE-scaled.jpg","width":2560,"height":2560,"caption":"Bo\u00eete du jeu TTMC 2 \u2013 Tu Te (Re)Mets Combien ?"},{"@type":"BreadcrumbList","@id":"https:\/\/www.tutemetscombien.fr\/jeu-de-societe\/ttmc-2-tu-te-remets-combien\/#breadcrumb","itemListElement":[{"@type":"ListItem","position":1,"name":"Accueil","item":"https:\/\/www.tutemetscombien.fr\/"},{"@type":"ListItem","position":2,"name":"Nos jeux","item":"https:\/\/www.tutemetscombien.fr\/nos-jeux\/"},{"@type":"ListItem","position":3,"name":"TTMC 2 &#8211; Tu Te (Re)Mets Combien ?"}]},{"@type":"WebSite","@id":"https:\/\/www.tutemetscombien.fr\/#website","url":"https:\/\/www.tutemetscombien.fr\/","name":"Kv\u00edzm\u00e9rt\u00e9k","description":"Sz\u00f3rakoztat\u00f3 \u00e9s oktat\u00f3 jelleg\u0171 kv\u00edzj\u00e1t\u00e9k - Hivatalos weboldal","publisher":{"@id":"https:\/\/www.tutemetscombien.fr\/#organization"},"potentialAction":[{"@type":"SearchAction","target":{"@type":"EntryPoint","urlTemplate":"https:\/\/www.tutemetscombien.fr\/?s={search_term_string}"},"query-input":{"@type":"PropertyValueSpecification","valueRequired":true,"valueName":"search_term_string"}}],"inLanguage":"hu"},{"@type":"Organization","@id":"https:\/\/www.tutemetscombien.fr\/#organization","name":"Kv\u00edzm\u00e9rt\u00e9k","url":"https:\/\/www.tutemetscombien.fr\/","logo":{"@type":"ImageObject","inLanguage":"hu","@id":"https:\/\/www.tutemetscombien.fr\/#\/schema\/logo\/image\/","url":"https:\/\/www.tutemetscombien.fr\/wp-content\/uploads\/2025\/05\/Logo_TTMC_HD.png","contentUrl":"https:\/\/www.tutemetscombien.fr\/wp-content\/uploads\/2025\/05\/Logo_TTMC_HD.png","width":2000,"height":1597,"caption":"Tu te mets combien ?"},"image":{"@id":"https:\/\/www.tutemetscombien.fr\/#\/schema\/logo\/image\/"},"sameAs":["https:\/\/www.facebook.com\/tutemetscombien\/","https:\/\/www.instagram.com\/ttmctutemetscombien\/","https:\/\/www.tiktok.com\/@ttmctutemetscombien","https:\/\/www.linkedin.com\/showcase\/ttmc-tu-te-mets-combien\/"]}]}},"_links":{"self":[{"href":"https:\/\/www.tutemetscombien.fr\/hu\/wp-json\/wp\/v2\/product\/1538","targetHints":{"allow":["GET"]}}],"collection":[{"href":"https:\/\/www.tutemetscombien.fr\/hu\/wp-json\/wp\/v2\/product"}],"about":[{"href":"https:\/\/www.tutemetscombien.fr\/hu\/wp-json\/wp\/v2\/types\/product"}],"replies":[{"embeddable":true,"href":"https:\/\/www.tutemetscombien.fr\/hu\/wp-json\/wp\/v2\/comments?post=1538"}],"wp:featuredmedia":[{"embeddable":true,"href":"https:\/\/www.tutemetscombien.fr\/hu\/wp-json\/wp\/v2\/media\/3138"}],"wp:attachment":[{"href":"https:\/\/www.tutemetscombien.fr\/hu\/wp-json\/wp\/v2\/media?parent=1538"}],"wp:term":[{"taxonomy":"product_brand","embeddable":true,"href":"https:\/\/www.tutemetscombien.fr\/hu\/wp-json\/wp\/v2\/product_brand?post=1538"},{"taxonomy":"product_cat","embeddable":true,"href":"https:\/\/www.tutemetscombien.fr\/hu\/wp-json\/wp\/v2\/product_cat?post=1538"},{"taxonomy":"product_tag","embeddable":true,"href":"https:\/\/www.tutemetscombien.fr\/hu\/wp-json\/wp\/v2\/product_tag?post=1538"}],"curies":[{"name":"munkaf\u00fczet","href":"https:\/\/api.w.org\/{rel}","templated":true}]}}