{"id":2523,"date":"2025-10-21T12:23:59","date_gmt":"2025-10-21T10:23:59","guid":{"rendered":"https:\/\/www.tutemetscombien.fr\/?post_type=product&#038;p=2523"},"modified":"2026-04-30T11:11:40","modified_gmt":"2026-04-30T09:11:40","slug":"ttmc-access-tu-te-mets-combien","status":"publish","type":"product","link":"https:\/\/www.tutemetscombien.fr\/es\/jeu-de-societe\/ttmc-access-tu-te-mets-combien\/","title":{"rendered":"TTMC Access \u2013 Tu Te Mets Combien ?"},"content":{"rendered":"<p>La misma jugabilidad, el mismo humor poco convencional, pero en una versi\u00f3n dise\u00f1ada para que todos puedan jugar. <em>TTMC<\/em>.<br \/>\nCon <em>TTMC Access<\/em>, descubre una adaptaci\u00f3n de <em>TTMC 1<\/em> Especialmente dise\u00f1ado para personas ciegas y con discapacidad visual.<\/p>\n<p>El principio sigue siendo el mismo: autoeval\u00faas tus conocimientos del 1 (f\u00e1cil) al 10 (experto) sobre el tema elegido. Cuanto mayor sea la puntuaci\u00f3n, m\u00e1s...<br \/>\nLa pregunta es dif\u00edcil. \u00bfUna buena respuesta? Avanzas tantos espacios como tu puntuaci\u00f3n.<\/p>\n<p><strong>Una pantalla t\u00e1ctil<\/strong><br \/>\nEl tablero de juego ha sido redise\u00f1ado para ofrecer una experiencia fluida e intuitiva.<br \/>\nUna l\u00ednea gu\u00eda hecha de barniz grueso conduce a los jugadores desde la casilla inicial hasta la \u00faltima casilla, siguiendo una espiral t\u00e1ctil que permite<br \/>\npara saber siempre hacia d\u00f3nde mover tu pieza.<br \/>\nCada categor\u00eda est\u00e1 asociada a una forma ahuecada distintiva en la bandeja para facilitar su identificaci\u00f3n.<\/p>\n<p><strong>Mapas conectados<\/strong><br \/>\nLas diferentes categor\u00edas de preguntas est\u00e1n representadas por fichas de cart\u00f3n de la misma forma que las del tablero, equipadas con chips NFC.<br \/>\nSimplemente escan\u00e9elos con un tel\u00e9fono inteligente usando la aplicaci\u00f3n. <em>TTMC Access<\/em>, quien lee la pregunta en voz alta.<br \/>\nUna tecnolog\u00eda sencilla, sin punter\u00eda y m\u00e1s fluida que un c\u00f3digo QR.<\/p>\n<p><strong>Una aplicaci\u00f3n dedicada<\/strong><br \/>\nDisponible en iPhone y Android, la aplicaci\u00f3n <em>TTMC Access<\/em> es totalmente compatible con las herramientas de accesibilidad TalkBack y<br \/>\nVoz en off.<br \/>\nSe puede ajustar seg\u00fan las necesidades de cada jugador (s\u00edntesis de voz, velocidad de lectura, tama\u00f1o de fuente, etc.).<br \/>\nEl manual de instrucciones est\u00e1 accesible en cualquier momento a trav\u00e9s de la pesta\u00f1a Ayuda, para guiar a los jugadores paso a paso durante el juego.<\/p>\n<p>En colaboraci\u00f3n con AccessiGames.<\/p>","protected":false},"excerpt":{"rendered":"<div id=\"product-description-short-4524\">\n<p>\u00bfQu\u00e9 tan bien te consideras como Aladino? \u00bfComo animales imaginarios? \u00bfComo palillos?<br \/>\nLa versi\u00f3n de <em>TTMC<\/em> dise\u00f1ado para personas ciegas y con discapacidad visual, en colaboraci\u00f3n con AccessiGames.<\/p>\n<\/div>","protected":false},"featured_media":3157,"comment_status":"closed","ping_status":"closed","template":"","meta":{"_acf_changed":false},"product_brand":[],"product_cat":[37],"product_tag":[],"class_list":{"0":"post-2523","1":"product","2":"type-product","3":"status-publish","4":"has-post-thumbnail","6":"product_cat-ttmc-france","8":"first","9":"instock","10":"taxable","11":"shipping-taxable","12":"purchasable","13":"product-type-simple"},"acf":[],"yoast_head":"<!-- This site is optimized with the Yoast SEO plugin v27.4 - https:\/\/yoast.com\/product\/yoast-seo-wordpress\/ -->\n<title>TTMC Access : l\u2019\u00e9dition inclusive du jeu d\u2019ambiance TTMC<\/title>\n<meta name=\"description\" content=\"TTMC Access \u2013 Tu Te Mets Combien ? : l\u2019\u00e9dition pens\u00e9e pour les personnes malvoyantes\/non-voyantes, avec plateau tactile, cartes NFC et appli accessible.\" \/>\n<meta name=\"robots\" content=\"index, follow, max-snippet:-1, max-image-preview:large, max-video-preview:-1\" \/>\n<link rel=\"canonical\" href=\"https:\/\/www.tutemetscombien.fr\/es\/jeu-de-societe\/ttmc-access-tu-te-mets-combien\/\" \/>\n<meta property=\"og:locale\" content=\"es_ES\" \/>\n<meta property=\"og:type\" content=\"article\" \/>\n<meta property=\"og:title\" content=\"TTMC Access : l\u2019\u00e9dition inclusive du jeu d\u2019ambiance TTMC\" \/>\n<meta property=\"og:description\" content=\"TTMC Access \u2013 Tu Te Mets Combien ? : l\u2019\u00e9dition pens\u00e9e pour les personnes malvoyantes\/non-voyantes, avec plateau tactile, cartes NFC et appli accessible.\" \/>\n<meta property=\"og:url\" content=\"https:\/\/www.tutemetscombien.fr\/es\/jeu-de-societe\/ttmc-access-tu-te-mets-combien\/\" \/>\n<meta property=\"og:site_name\" content=\"Tu te mets combien ?\" \/>\n<meta property=\"article:publisher\" content=\"https:\/\/www.facebook.com\/tutemetscombien\/\" \/>\n<meta property=\"article:modified_time\" content=\"2026-04-30T09:11:40+00:00\" \/>\n<meta property=\"og:image\" content=\"https:\/\/www.tutemetscombien.fr\/wp-content\/uploads\/2025\/10\/PIXIEGAMES_TTMC-ACCESSI_3quart-GAUCHE-scaled.jpg\" \/>\n\t<meta property=\"og:image:width\" content=\"2560\" \/>\n\t<meta property=\"og:image:height\" content=\"2560\" \/>\n\t<meta property=\"og:image:type\" content=\"image\/jpeg\" \/>\n<meta name=\"twitter:card\" content=\"summary_large_image\" \/>\n<meta name=\"twitter:label1\" content=\"Tiempo de lectura\" \/>\n\t<meta name=\"twitter:data1\" content=\"2 minutos\" \/>\n<script type=\"application\/ld+json\" class=\"yoast-schema-graph\">{\"@context\":\"https:\\\/\\\/schema.org\",\"@graph\":[{\"@type\":\"WebPage\",\"@id\":\"https:\\\/\\\/www.tutemetscombien.fr\\\/jeu-de-societe\\\/ttmc-access-tu-te-mets-combien\\\/\",\"url\":\"https:\\\/\\\/www.tutemetscombien.fr\\\/jeu-de-societe\\\/ttmc-access-tu-te-mets-combien\\\/\",\"name\":\"TTMC Access : l\u2019\u00e9dition inclusive du jeu d\u2019ambiance TTMC\",\"isPartOf\":{\"@id\":\"https:\\\/\\\/www.tutemetscombien.fr\\\/#website\"},\"primaryImageOfPage\":{\"@id\":\"https:\\\/\\\/www.tutemetscombien.fr\\\/jeu-de-societe\\\/ttmc-access-tu-te-mets-combien\\\/#primaryimage\"},\"image\":{\"@id\":\"https:\\\/\\\/www.tutemetscombien.fr\\\/jeu-de-societe\\\/ttmc-access-tu-te-mets-combien\\\/#primaryimage\"},\"thumbnailUrl\":\"https:\\\/\\\/www.tutemetscombien.fr\\\/wp-content\\\/uploads\\\/2025\\\/10\\\/PIXIEGAMES_TTMC-ACCESSI_3quart-GAUCHE-scaled.jpg\",\"datePublished\":\"2025-10-21T10:23:59+00:00\",\"dateModified\":\"2026-04-30T09:11:40+00:00\",\"description\":\"TTMC Access \u2013 Tu Te Mets Combien ? : l\u2019\u00e9dition pens\u00e9e pour les personnes malvoyantes\\\/non-voyantes, avec plateau tactile, cartes NFC et appli accessible.\",\"breadcrumb\":{\"@id\":\"https:\\\/\\\/www.tutemetscombien.fr\\\/jeu-de-societe\\\/ttmc-access-tu-te-mets-combien\\\/#breadcrumb\"},\"inLanguage\":\"es\",\"potentialAction\":[{\"@type\":\"ReadAction\",\"target\":[\"https:\\\/\\\/www.tutemetscombien.fr\\\/jeu-de-societe\\\/ttmc-access-tu-te-mets-combien\\\/\"]}]},{\"@type\":\"ImageObject\",\"inLanguage\":\"es\",\"@id\":\"https:\\\/\\\/www.tutemetscombien.fr\\\/jeu-de-societe\\\/ttmc-access-tu-te-mets-combien\\\/#primaryimage\",\"url\":\"https:\\\/\\\/www.tutemetscombien.fr\\\/wp-content\\\/uploads\\\/2025\\\/10\\\/PIXIEGAMES_TTMC-ACCESSI_3quart-GAUCHE-scaled.jpg\",\"contentUrl\":\"https:\\\/\\\/www.tutemetscombien.fr\\\/wp-content\\\/uploads\\\/2025\\\/10\\\/PIXIEGAMES_TTMC-ACCESSI_3quart-GAUCHE-scaled.jpg\",\"width\":2560,\"height\":2560,\"caption\":\"Bo\u00eete du jeu TTMC Access \u2013 Tu Te Mets Combien ?\"},{\"@type\":\"BreadcrumbList\",\"@id\":\"https:\\\/\\\/www.tutemetscombien.fr\\\/jeu-de-societe\\\/ttmc-access-tu-te-mets-combien\\\/#breadcrumb\",\"itemListElement\":[{\"@type\":\"ListItem\",\"position\":1,\"name\":\"Accueil\",\"item\":\"https:\\\/\\\/www.tutemetscombien.fr\\\/\"},{\"@type\":\"ListItem\",\"position\":2,\"name\":\"Nos jeux\",\"item\":\"https:\\\/\\\/www.tutemetscombien.fr\\\/nos-jeux\\\/\"},{\"@type\":\"ListItem\",\"position\":3,\"name\":\"TTMC Access \u2013 Tu Te Mets Combien ?\"}]},{\"@type\":\"WebSite\",\"@id\":\"https:\\\/\\\/www.tutemetscombien.fr\\\/#website\",\"url\":\"https:\\\/\\\/www.tutemetscombien.fr\\\/\",\"name\":\"Tu te mets combien ?\",\"description\":\"Jeu de questions amusant et \u00e9ducatif - Site Officiel\",\"publisher\":{\"@id\":\"https:\\\/\\\/www.tutemetscombien.fr\\\/#organization\"},\"potentialAction\":[{\"@type\":\"SearchAction\",\"target\":{\"@type\":\"EntryPoint\",\"urlTemplate\":\"https:\\\/\\\/www.tutemetscombien.fr\\\/?s={search_term_string}\"},\"query-input\":{\"@type\":\"PropertyValueSpecification\",\"valueRequired\":true,\"valueName\":\"search_term_string\"}}],\"inLanguage\":\"es\"},{\"@type\":\"Organization\",\"@id\":\"https:\\\/\\\/www.tutemetscombien.fr\\\/#organization\",\"name\":\"Tu te mets combien ?\",\"url\":\"https:\\\/\\\/www.tutemetscombien.fr\\\/\",\"logo\":{\"@type\":\"ImageObject\",\"inLanguage\":\"es\",\"@id\":\"https:\\\/\\\/www.tutemetscombien.fr\\\/#\\\/schema\\\/logo\\\/image\\\/\",\"url\":\"https:\\\/\\\/www.tutemetscombien.fr\\\/wp-content\\\/uploads\\\/2025\\\/05\\\/Logo_TTMC_HD.png\",\"contentUrl\":\"https:\\\/\\\/www.tutemetscombien.fr\\\/wp-content\\\/uploads\\\/2025\\\/05\\\/Logo_TTMC_HD.png\",\"width\":2000,\"height\":1597,\"caption\":\"Tu te mets combien ?\"},\"image\":{\"@id\":\"https:\\\/\\\/www.tutemetscombien.fr\\\/#\\\/schema\\\/logo\\\/image\\\/\"},\"sameAs\":[\"https:\\\/\\\/www.facebook.com\\\/tutemetscombien\\\/\",\"https:\\\/\\\/www.instagram.com\\\/ttmctutemetscombien\\\/\",\"https:\\\/\\\/www.tiktok.com\\\/@ttmctutemetscombien\",\"https:\\\/\\\/www.linkedin.com\\\/showcase\\\/ttmc-tu-te-mets-combien\\\/\"]}]}<\/script>\n<!-- \/ Yoast SEO plugin. -->","yoast_head_json":{"title":"TTMC Access: la edici\u00f3n inclusiva del juego de fiesta TTMC","description":"TTMC Access \u2013 Tu Te Mets Combien?: la edici\u00f3n dise\u00f1ada para personas con discapacidad visual\/ciegas, con una pizarra t\u00e1ctil, tarjetas NFC y una aplicaci\u00f3n accesible.","robots":{"index":"index","follow":"follow","max-snippet":"max-snippet:-1","max-image-preview":"max-image-preview:large","max-video-preview":"max-video-preview:-1"},"canonical":"https:\/\/www.tutemetscombien.fr\/es\/jeu-de-societe\/ttmc-access-tu-te-mets-combien\/","og_locale":"es_ES","og_type":"article","og_title":"TTMC Access : l\u2019\u00e9dition inclusive du jeu d\u2019ambiance TTMC","og_description":"TTMC Access \u2013 Tu Te Mets Combien ? : l\u2019\u00e9dition pens\u00e9e pour les personnes malvoyantes\/non-voyantes, avec plateau tactile, cartes NFC et appli accessible.","og_url":"https:\/\/www.tutemetscombien.fr\/es\/jeu-de-societe\/ttmc-access-tu-te-mets-combien\/","og_site_name":"Tu te mets combien ?","article_publisher":"https:\/\/www.facebook.com\/tutemetscombien\/","article_modified_time":"2026-04-30T09:11:40+00:00","og_image":[{"width":2560,"height":2560,"url":"https:\/\/www.tutemetscombien.fr\/wp-content\/uploads\/2025\/10\/PIXIEGAMES_TTMC-ACCESSI_3quart-GAUCHE-scaled.jpg","type":"image\/jpeg"}],"twitter_card":"summary_large_image","twitter_misc":{"Tiempo de lectura":"2 minutos"},"schema":{"@context":"https:\/\/schema.org","@graph":[{"@type":"WebPage","@id":"https:\/\/www.tutemetscombien.fr\/jeu-de-societe\/ttmc-access-tu-te-mets-combien\/","url":"https:\/\/www.tutemetscombien.fr\/jeu-de-societe\/ttmc-access-tu-te-mets-combien\/","name":"TTMC Access: la edici\u00f3n inclusiva del juego de fiesta TTMC","isPartOf":{"@id":"https:\/\/www.tutemetscombien.fr\/#website"},"primaryImageOfPage":{"@id":"https:\/\/www.tutemetscombien.fr\/jeu-de-societe\/ttmc-access-tu-te-mets-combien\/#primaryimage"},"image":{"@id":"https:\/\/www.tutemetscombien.fr\/jeu-de-societe\/ttmc-access-tu-te-mets-combien\/#primaryimage"},"thumbnailUrl":"https:\/\/www.tutemetscombien.fr\/wp-content\/uploads\/2025\/10\/PIXIEGAMES_TTMC-ACCESSI_3quart-GAUCHE-scaled.jpg","datePublished":"2025-10-21T10:23:59+00:00","dateModified":"2026-04-30T09:11:40+00:00","description":"TTMC Access \u2013 Tu Te Mets Combien?: la edici\u00f3n dise\u00f1ada para personas con discapacidad visual\/ciegas, con una pizarra t\u00e1ctil, tarjetas NFC y una aplicaci\u00f3n accesible.","breadcrumb":{"@id":"https:\/\/www.tutemetscombien.fr\/jeu-de-societe\/ttmc-access-tu-te-mets-combien\/#breadcrumb"},"inLanguage":"es","potentialAction":[{"@type":"ReadAction","target":["https:\/\/www.tutemetscombien.fr\/jeu-de-societe\/ttmc-access-tu-te-mets-combien\/"]}]},{"@type":"ImageObject","inLanguage":"es","@id":"https:\/\/www.tutemetscombien.fr\/jeu-de-societe\/ttmc-access-tu-te-mets-combien\/#primaryimage","url":"https:\/\/www.tutemetscombien.fr\/wp-content\/uploads\/2025\/10\/PIXIEGAMES_TTMC-ACCESSI_3quart-GAUCHE-scaled.jpg","contentUrl":"https:\/\/www.tutemetscombien.fr\/wp-content\/uploads\/2025\/10\/PIXIEGAMES_TTMC-ACCESSI_3quart-GAUCHE-scaled.jpg","width":2560,"height":2560,"caption":"Bo\u00eete du jeu TTMC Access \u2013 Tu Te Mets Combien ?"},{"@type":"BreadcrumbList","@id":"https:\/\/www.tutemetscombien.fr\/jeu-de-societe\/ttmc-access-tu-te-mets-combien\/#breadcrumb","itemListElement":[{"@type":"ListItem","position":1,"name":"Accueil","item":"https:\/\/www.tutemetscombien.fr\/"},{"@type":"ListItem","position":2,"name":"Nos jeux","item":"https:\/\/www.tutemetscombien.fr\/nos-jeux\/"},{"@type":"ListItem","position":3,"name":"TTMC Access \u2013 Tu Te Mets Combien ?"}]},{"@type":"WebSite","@id":"https:\/\/www.tutemetscombien.fr\/#website","url":"https:\/\/www.tutemetscombien.fr\/","name":"\u00bfQu\u00e9 nota te pones?","description":"Juego de trivia divertido y educativo - Sitio web oficial","publisher":{"@id":"https:\/\/www.tutemetscombien.fr\/#organization"},"potentialAction":[{"@type":"SearchAction","target":{"@type":"EntryPoint","urlTemplate":"https:\/\/www.tutemetscombien.fr\/?s={search_term_string}"},"query-input":{"@type":"PropertyValueSpecification","valueRequired":true,"valueName":"search_term_string"}}],"inLanguage":"es"},{"@type":"Organization","@id":"https:\/\/www.tutemetscombien.fr\/#organization","name":"\u00bfQu\u00e9 nota te pones?","url":"https:\/\/www.tutemetscombien.fr\/","logo":{"@type":"ImageObject","inLanguage":"es","@id":"https:\/\/www.tutemetscombien.fr\/#\/schema\/logo\/image\/","url":"https:\/\/www.tutemetscombien.fr\/wp-content\/uploads\/2025\/05\/Logo_TTMC_HD.png","contentUrl":"https:\/\/www.tutemetscombien.fr\/wp-content\/uploads\/2025\/05\/Logo_TTMC_HD.png","width":2000,"height":1597,"caption":"Tu te mets combien ?"},"image":{"@id":"https:\/\/www.tutemetscombien.fr\/#\/schema\/logo\/image\/"},"sameAs":["https:\/\/www.facebook.com\/tutemetscombien\/","https:\/\/www.instagram.com\/ttmctutemetscombien\/","https:\/\/www.tiktok.com\/@ttmctutemetscombien","https:\/\/www.linkedin.com\/showcase\/ttmc-tu-te-mets-combien\/"]}]}},"_links":{"self":[{"href":"https:\/\/www.tutemetscombien.fr\/es\/wp-json\/wp\/v2\/product\/2523","targetHints":{"allow":["GET"]}}],"collection":[{"href":"https:\/\/www.tutemetscombien.fr\/es\/wp-json\/wp\/v2\/product"}],"about":[{"href":"https:\/\/www.tutemetscombien.fr\/es\/wp-json\/wp\/v2\/types\/product"}],"replies":[{"embeddable":true,"href":"https:\/\/www.tutemetscombien.fr\/es\/wp-json\/wp\/v2\/comments?post=2523"}],"wp:featuredmedia":[{"embeddable":true,"href":"https:\/\/www.tutemetscombien.fr\/es\/wp-json\/wp\/v2\/media\/3157"}],"wp:attachment":[{"href":"https:\/\/www.tutemetscombien.fr\/es\/wp-json\/wp\/v2\/media?parent=2523"}],"wp:term":[{"taxonomy":"product_brand","embeddable":true,"href":"https:\/\/www.tutemetscombien.fr\/es\/wp-json\/wp\/v2\/product_brand?post=2523"},{"taxonomy":"product_cat","embeddable":true,"href":"https:\/\/www.tutemetscombien.fr\/es\/wp-json\/wp\/v2\/product_cat?post=2523"},{"taxonomy":"product_tag","embeddable":true,"href":"https:\/\/www.tutemetscombien.fr\/es\/wp-json\/wp\/v2\/product_tag?post=2523"}],"curies":[{"name":"wp","href":"https:\/\/api.w.org\/{rel}","templated":true}]}}