{"id":2522,"date":"2025-10-21T12:22:09","date_gmt":"2025-10-21T10:22:09","guid":{"rendered":"https:\/\/www.tutemetscombien.fr\/?post_type=product&#038;p=2522"},"modified":"2026-04-27T10:18:23","modified_gmt":"2026-04-27T08:18:23","slug":"ttmc-paris-2024-jeux-olympiques-paralympiques","status":"publish","type":"product","link":"https:\/\/www.tutemetscombien.fr\/es\/jeu-de-societe\/ttmc-paris-2024-jeux-olympiques-paralympiques\/","title":{"rendered":"TTMC - Paris 2024"},"content":{"rendered":"<div id=\"TheTexte\" class=\"Texte\" lang=\"zxx\">\n<p>Variante deportiva de <em>TTMC \u2013 Tu Te Mets Combien ?<\/em>, Esta edici\u00f3n especial te ofrece 280 tarjetas y 2.024 preguntas sobre los Juegos Ol\u00edmpicos y Paral\u00edmpicos de Par\u00eds 2024.<\/p>\n<p>Es la misma prueba: eval\u00faas tus conocimientos del 1 (f\u00e1cil) al 10 (experto) sobre el tema. Cuanto mayor sea la puntuaci\u00f3n, m\u00e1s dif\u00edcil ser\u00e1 la pregunta. \u00bfLa respuesta correcta? Avanzas la misma cantidad de casillas que tu puntuaci\u00f3n.<\/p>\n<p>Accesible para todos los amantes del deporte, esta versi\u00f3n te permitir\u00e1 revivir el evento que nos emocion\u00f3 a todos y poner a prueba tus conocimientos deportivos sin sudar la gota gorda (o casi).<\/p>\n<p>Producto oficial autorizado por Par\u00eds 2024.<\/p>\n<\/div>","protected":false},"excerpt":{"rendered":"<p>\u00bfA qu\u00e9 velocidad te pondr\u00edas en una patineta? \u00bfComo Usain Bolt? \u00bfComo las villas ol\u00edmpicas?<br \/>\n\u00a1Un marat\u00f3n de nuevas preguntas!<\/p>","protected":false},"featured_media":3154,"comment_status":"closed","ping_status":"closed","template":"","meta":{"_acf_changed":false},"product_brand":[],"product_cat":[37],"product_tag":[],"class_list":{"0":"post-2522","1":"product","2":"type-product","3":"status-publish","4":"has-post-thumbnail","6":"product_cat-ttmc-france","8":"first","9":"instock","10":"taxable","11":"shipping-taxable","12":"purchasable","13":"product-type-simple"},"acf":[],"yoast_head":"<!-- This site is optimized with the Yoast SEO plugin v27.4 - https:\/\/yoast.com\/product\/yoast-seo-wordpress\/ -->\n<title>TTMC \u2013 Paris 2024 : teste ta culture sportive en t\u2019amusant<\/title>\n<meta name=\"description\" content=\"TTMC \u2013 Paris 2024 : Jeux Olympiques &amp; Paralympiques : \u00e9dition sportive du jeu de soci\u00e9t\u00e9 TTMC o\u00f9 tu auto-\u00e9values tes connaissances de 1 \u00e0 10 !\" \/>\n<meta name=\"robots\" content=\"index, follow, max-snippet:-1, max-image-preview:large, max-video-preview:-1\" \/>\n<link rel=\"canonical\" href=\"https:\/\/www.tutemetscombien.fr\/es\/jeu-de-societe\/ttmc-paris-2024-jeux-olympiques-paralympiques\/\" \/>\n<meta property=\"og:locale\" content=\"es_ES\" \/>\n<meta property=\"og:type\" content=\"article\" \/>\n<meta property=\"og:title\" content=\"TTMC \u2013 Paris 2024 : teste ta culture sportive en t\u2019amusant\" \/>\n<meta property=\"og:description\" content=\"TTMC \u2013 Paris 2024 : Jeux Olympiques &amp; Paralympiques : \u00e9dition sportive du jeu de soci\u00e9t\u00e9 TTMC o\u00f9 tu auto-\u00e9values tes connaissances de 1 \u00e0 10 !\" \/>\n<meta property=\"og:url\" content=\"https:\/\/www.tutemetscombien.fr\/es\/jeu-de-societe\/ttmc-paris-2024-jeux-olympiques-paralympiques\/\" \/>\n<meta property=\"og:site_name\" content=\"Tu te mets combien ?\" \/>\n<meta property=\"article:publisher\" content=\"https:\/\/www.facebook.com\/tutemetscombien\/\" \/>\n<meta property=\"article:modified_time\" content=\"2026-04-27T08:18:23+00:00\" \/>\n<meta property=\"og:image\" content=\"https:\/\/www.tutemetscombien.fr\/wp-content\/uploads\/2025\/10\/PIXIEGAMES_TTMC-JO_3quart-GAUCHE-scaled.jpg\" \/>\n\t<meta property=\"og:image:width\" content=\"2560\" \/>\n\t<meta property=\"og:image:height\" content=\"2560\" \/>\n\t<meta property=\"og:image:type\" content=\"image\/jpeg\" \/>\n<meta name=\"twitter:card\" content=\"summary_large_image\" \/>\n<meta name=\"twitter:label1\" content=\"Tiempo de lectura\" \/>\n\t<meta name=\"twitter:data1\" content=\"1 minuto\" \/>\n<script type=\"application\/ld+json\" class=\"yoast-schema-graph\">{\"@context\":\"https:\\\/\\\/schema.org\",\"@graph\":[{\"@type\":\"WebPage\",\"@id\":\"https:\\\/\\\/www.tutemetscombien.fr\\\/jeu-de-societe\\\/ttmc-paris-2024-jeux-olympiques-paralympiques\\\/\",\"url\":\"https:\\\/\\\/www.tutemetscombien.fr\\\/jeu-de-societe\\\/ttmc-paris-2024-jeux-olympiques-paralympiques\\\/\",\"name\":\"TTMC \u2013 Paris 2024 : teste ta culture sportive en t\u2019amusant\",\"isPartOf\":{\"@id\":\"https:\\\/\\\/www.tutemetscombien.fr\\\/#website\"},\"primaryImageOfPage\":{\"@id\":\"https:\\\/\\\/www.tutemetscombien.fr\\\/jeu-de-societe\\\/ttmc-paris-2024-jeux-olympiques-paralympiques\\\/#primaryimage\"},\"image\":{\"@id\":\"https:\\\/\\\/www.tutemetscombien.fr\\\/jeu-de-societe\\\/ttmc-paris-2024-jeux-olympiques-paralympiques\\\/#primaryimage\"},\"thumbnailUrl\":\"https:\\\/\\\/www.tutemetscombien.fr\\\/wp-content\\\/uploads\\\/2025\\\/10\\\/PIXIEGAMES_TTMC-JO_3quart-GAUCHE-scaled.jpg\",\"datePublished\":\"2025-10-21T10:22:09+00:00\",\"dateModified\":\"2026-04-27T08:18:23+00:00\",\"description\":\"TTMC \u2013 Paris 2024 : Jeux Olympiques & Paralympiques : \u00e9dition sportive du jeu de soci\u00e9t\u00e9 TTMC o\u00f9 tu auto-\u00e9values tes connaissances de 1 \u00e0 10 !\",\"breadcrumb\":{\"@id\":\"https:\\\/\\\/www.tutemetscombien.fr\\\/jeu-de-societe\\\/ttmc-paris-2024-jeux-olympiques-paralympiques\\\/#breadcrumb\"},\"inLanguage\":\"es\",\"potentialAction\":[{\"@type\":\"ReadAction\",\"target\":[\"https:\\\/\\\/www.tutemetscombien.fr\\\/jeu-de-societe\\\/ttmc-paris-2024-jeux-olympiques-paralympiques\\\/\"]}]},{\"@type\":\"ImageObject\",\"inLanguage\":\"es\",\"@id\":\"https:\\\/\\\/www.tutemetscombien.fr\\\/jeu-de-societe\\\/ttmc-paris-2024-jeux-olympiques-paralympiques\\\/#primaryimage\",\"url\":\"https:\\\/\\\/www.tutemetscombien.fr\\\/wp-content\\\/uploads\\\/2025\\\/10\\\/PIXIEGAMES_TTMC-JO_3quart-GAUCHE-scaled.jpg\",\"contentUrl\":\"https:\\\/\\\/www.tutemetscombien.fr\\\/wp-content\\\/uploads\\\/2025\\\/10\\\/PIXIEGAMES_TTMC-JO_3quart-GAUCHE-scaled.jpg\",\"width\":2560,\"height\":2560,\"caption\":\"Bo\u00eete du jeu TTMC \u2013 Paris 2024 : Jeux Olympiques & Paralympiques\"},{\"@type\":\"BreadcrumbList\",\"@id\":\"https:\\\/\\\/www.tutemetscombien.fr\\\/jeu-de-societe\\\/ttmc-paris-2024-jeux-olympiques-paralympiques\\\/#breadcrumb\",\"itemListElement\":[{\"@type\":\"ListItem\",\"position\":1,\"name\":\"Accueil\",\"item\":\"https:\\\/\\\/www.tutemetscombien.fr\\\/\"},{\"@type\":\"ListItem\",\"position\":2,\"name\":\"Nos jeux\",\"item\":\"https:\\\/\\\/www.tutemetscombien.fr\\\/nos-jeux\\\/\"},{\"@type\":\"ListItem\",\"position\":3,\"name\":\"TTMC &#8211; Paris 2024\"}]},{\"@type\":\"WebSite\",\"@id\":\"https:\\\/\\\/www.tutemetscombien.fr\\\/#website\",\"url\":\"https:\\\/\\\/www.tutemetscombien.fr\\\/\",\"name\":\"Tu te mets combien ?\",\"description\":\"Jeu de questions amusant et \u00e9ducatif - Site Officiel\",\"publisher\":{\"@id\":\"https:\\\/\\\/www.tutemetscombien.fr\\\/#organization\"},\"potentialAction\":[{\"@type\":\"SearchAction\",\"target\":{\"@type\":\"EntryPoint\",\"urlTemplate\":\"https:\\\/\\\/www.tutemetscombien.fr\\\/?s={search_term_string}\"},\"query-input\":{\"@type\":\"PropertyValueSpecification\",\"valueRequired\":true,\"valueName\":\"search_term_string\"}}],\"inLanguage\":\"es\"},{\"@type\":\"Organization\",\"@id\":\"https:\\\/\\\/www.tutemetscombien.fr\\\/#organization\",\"name\":\"Tu te mets combien ?\",\"url\":\"https:\\\/\\\/www.tutemetscombien.fr\\\/\",\"logo\":{\"@type\":\"ImageObject\",\"inLanguage\":\"es\",\"@id\":\"https:\\\/\\\/www.tutemetscombien.fr\\\/#\\\/schema\\\/logo\\\/image\\\/\",\"url\":\"https:\\\/\\\/www.tutemetscombien.fr\\\/wp-content\\\/uploads\\\/2025\\\/05\\\/Logo_TTMC_HD.png\",\"contentUrl\":\"https:\\\/\\\/www.tutemetscombien.fr\\\/wp-content\\\/uploads\\\/2025\\\/05\\\/Logo_TTMC_HD.png\",\"width\":2000,\"height\":1597,\"caption\":\"Tu te mets combien ?\"},\"image\":{\"@id\":\"https:\\\/\\\/www.tutemetscombien.fr\\\/#\\\/schema\\\/logo\\\/image\\\/\"},\"sameAs\":[\"https:\\\/\\\/www.facebook.com\\\/tutemetscombien\\\/\",\"https:\\\/\\\/www.instagram.com\\\/ttmctutemetscombien\\\/\",\"https:\\\/\\\/www.tiktok.com\\\/@ttmctutemetscombien\",\"https:\\\/\\\/www.linkedin.com\\\/showcase\\\/ttmc-tu-te-mets-combien\\\/\"]}]}<\/script>\n<!-- \/ Yoast SEO plugin. -->","yoast_head_json":{"title":"TTMC \u2013 Par\u00eds 2024: Pon a prueba tus conocimientos deportivos mientras te diviertes","description":"TTMC \u2013 Par\u00eds 2024: Juegos Ol\u00edmpicos y Paral\u00edmpicos: \u00a1edici\u00f3n deportiva del juego de mesa TTMC en el que autoeval\u00faas tus conocimientos del 1 al 10!","robots":{"index":"index","follow":"follow","max-snippet":"max-snippet:-1","max-image-preview":"max-image-preview:large","max-video-preview":"max-video-preview:-1"},"canonical":"https:\/\/www.tutemetscombien.fr\/es\/jeu-de-societe\/ttmc-paris-2024-jeux-olympiques-paralympiques\/","og_locale":"es_ES","og_type":"article","og_title":"TTMC \u2013 Paris 2024 : teste ta culture sportive en t\u2019amusant","og_description":"TTMC \u2013 Paris 2024 : Jeux Olympiques & Paralympiques : \u00e9dition sportive du jeu de soci\u00e9t\u00e9 TTMC o\u00f9 tu auto-\u00e9values tes connaissances de 1 \u00e0 10 !","og_url":"https:\/\/www.tutemetscombien.fr\/es\/jeu-de-societe\/ttmc-paris-2024-jeux-olympiques-paralympiques\/","og_site_name":"Tu te mets combien ?","article_publisher":"https:\/\/www.facebook.com\/tutemetscombien\/","article_modified_time":"2026-04-27T08:18:23+00:00","og_image":[{"width":2560,"height":2560,"url":"https:\/\/www.tutemetscombien.fr\/wp-content\/uploads\/2025\/10\/PIXIEGAMES_TTMC-JO_3quart-GAUCHE-scaled.jpg","type":"image\/jpeg"}],"twitter_card":"summary_large_image","twitter_misc":{"Tiempo de lectura":"1 minuto"},"schema":{"@context":"https:\/\/schema.org","@graph":[{"@type":"WebPage","@id":"https:\/\/www.tutemetscombien.fr\/jeu-de-societe\/ttmc-paris-2024-jeux-olympiques-paralympiques\/","url":"https:\/\/www.tutemetscombien.fr\/jeu-de-societe\/ttmc-paris-2024-jeux-olympiques-paralympiques\/","name":"TTMC \u2013 Par\u00eds 2024: Pon a prueba tus conocimientos deportivos mientras te diviertes","isPartOf":{"@id":"https:\/\/www.tutemetscombien.fr\/#website"},"primaryImageOfPage":{"@id":"https:\/\/www.tutemetscombien.fr\/jeu-de-societe\/ttmc-paris-2024-jeux-olympiques-paralympiques\/#primaryimage"},"image":{"@id":"https:\/\/www.tutemetscombien.fr\/jeu-de-societe\/ttmc-paris-2024-jeux-olympiques-paralympiques\/#primaryimage"},"thumbnailUrl":"https:\/\/www.tutemetscombien.fr\/wp-content\/uploads\/2025\/10\/PIXIEGAMES_TTMC-JO_3quart-GAUCHE-scaled.jpg","datePublished":"2025-10-21T10:22:09+00:00","dateModified":"2026-04-27T08:18:23+00:00","description":"TTMC \u2013 Par\u00eds 2024: Juegos Ol\u00edmpicos y Paral\u00edmpicos: \u00a1edici\u00f3n deportiva del juego de mesa TTMC en el que autoeval\u00faas tus conocimientos del 1 al 10!","breadcrumb":{"@id":"https:\/\/www.tutemetscombien.fr\/jeu-de-societe\/ttmc-paris-2024-jeux-olympiques-paralympiques\/#breadcrumb"},"inLanguage":"es","potentialAction":[{"@type":"ReadAction","target":["https:\/\/www.tutemetscombien.fr\/jeu-de-societe\/ttmc-paris-2024-jeux-olympiques-paralympiques\/"]}]},{"@type":"ImageObject","inLanguage":"es","@id":"https:\/\/www.tutemetscombien.fr\/jeu-de-societe\/ttmc-paris-2024-jeux-olympiques-paralympiques\/#primaryimage","url":"https:\/\/www.tutemetscombien.fr\/wp-content\/uploads\/2025\/10\/PIXIEGAMES_TTMC-JO_3quart-GAUCHE-scaled.jpg","contentUrl":"https:\/\/www.tutemetscombien.fr\/wp-content\/uploads\/2025\/10\/PIXIEGAMES_TTMC-JO_3quart-GAUCHE-scaled.jpg","width":2560,"height":2560,"caption":"Bo\u00eete du jeu TTMC \u2013 Paris 2024 : Jeux Olympiques & Paralympiques"},{"@type":"BreadcrumbList","@id":"https:\/\/www.tutemetscombien.fr\/jeu-de-societe\/ttmc-paris-2024-jeux-olympiques-paralympiques\/#breadcrumb","itemListElement":[{"@type":"ListItem","position":1,"name":"Accueil","item":"https:\/\/www.tutemetscombien.fr\/"},{"@type":"ListItem","position":2,"name":"Nos jeux","item":"https:\/\/www.tutemetscombien.fr\/nos-jeux\/"},{"@type":"ListItem","position":3,"name":"TTMC &#8211; Paris 2024"}]},{"@type":"WebSite","@id":"https:\/\/www.tutemetscombien.fr\/#website","url":"https:\/\/www.tutemetscombien.fr\/","name":"\u00bfQu\u00e9 nota te pones?","description":"Juego de trivia divertido y educativo - Sitio web oficial","publisher":{"@id":"https:\/\/www.tutemetscombien.fr\/#organization"},"potentialAction":[{"@type":"SearchAction","target":{"@type":"EntryPoint","urlTemplate":"https:\/\/www.tutemetscombien.fr\/?s={search_term_string}"},"query-input":{"@type":"PropertyValueSpecification","valueRequired":true,"valueName":"search_term_string"}}],"inLanguage":"es"},{"@type":"Organization","@id":"https:\/\/www.tutemetscombien.fr\/#organization","name":"\u00bfQu\u00e9 nota te pones?","url":"https:\/\/www.tutemetscombien.fr\/","logo":{"@type":"ImageObject","inLanguage":"es","@id":"https:\/\/www.tutemetscombien.fr\/#\/schema\/logo\/image\/","url":"https:\/\/www.tutemetscombien.fr\/wp-content\/uploads\/2025\/05\/Logo_TTMC_HD.png","contentUrl":"https:\/\/www.tutemetscombien.fr\/wp-content\/uploads\/2025\/05\/Logo_TTMC_HD.png","width":2000,"height":1597,"caption":"Tu te mets combien ?"},"image":{"@id":"https:\/\/www.tutemetscombien.fr\/#\/schema\/logo\/image\/"},"sameAs":["https:\/\/www.facebook.com\/tutemetscombien\/","https:\/\/www.instagram.com\/ttmctutemetscombien\/","https:\/\/www.tiktok.com\/@ttmctutemetscombien","https:\/\/www.linkedin.com\/showcase\/ttmc-tu-te-mets-combien\/"]}]}},"_links":{"self":[{"href":"https:\/\/www.tutemetscombien.fr\/es\/wp-json\/wp\/v2\/product\/2522","targetHints":{"allow":["GET"]}}],"collection":[{"href":"https:\/\/www.tutemetscombien.fr\/es\/wp-json\/wp\/v2\/product"}],"about":[{"href":"https:\/\/www.tutemetscombien.fr\/es\/wp-json\/wp\/v2\/types\/product"}],"replies":[{"embeddable":true,"href":"https:\/\/www.tutemetscombien.fr\/es\/wp-json\/wp\/v2\/comments?post=2522"}],"wp:featuredmedia":[{"embeddable":true,"href":"https:\/\/www.tutemetscombien.fr\/es\/wp-json\/wp\/v2\/media\/3154"}],"wp:attachment":[{"href":"https:\/\/www.tutemetscombien.fr\/es\/wp-json\/wp\/v2\/media?parent=2522"}],"wp:term":[{"taxonomy":"product_brand","embeddable":true,"href":"https:\/\/www.tutemetscombien.fr\/es\/wp-json\/wp\/v2\/product_brand?post=2522"},{"taxonomy":"product_cat","embeddable":true,"href":"https:\/\/www.tutemetscombien.fr\/es\/wp-json\/wp\/v2\/product_cat?post=2522"},{"taxonomy":"product_tag","embeddable":true,"href":"https:\/\/www.tutemetscombien.fr\/es\/wp-json\/wp\/v2\/product_tag?post=2522"}],"curies":[{"name":"wp","href":"https:\/\/api.w.org\/{rel}","templated":true}]}}