{"id":1572,"date":"2025-07-21T12:11:16","date_gmt":"2025-07-21T10:11:16","guid":{"rendered":"https:\/\/www.tutemetscombien.fr\/?post_type=product&#038;p=1572"},"modified":"2026-04-30T12:10:25","modified_gmt":"2026-04-30T10:10:25","slug":"ttmc-tu-te-mets-combien","status":"publish","type":"product","link":"https:\/\/www.tutemetscombien.fr\/en\/jeu-de-societe\/ttmc-tu-te-mets-combien\/","title":{"rendered":"TTMC \u2013 Tu Te Mets Combien ?"},"content":{"rendered":"<p><em>TTMC \u2013 Tu Te Mets Combien ?<\/em> is halfway between a general knowledge quiz and a party game.<\/p>\n<p>Rate your knowledge from 1 to 10 on a wide range of topics, from the most classic to the most unusual, and be the first to<br \/>\ntraverse the entire plateau.<\/p>\n<p>The principle is simple: you choose a level between 1 (easy) and 10 (expert) on the given topic. The higher the number, the harder the question. If you answer correctly, you advance the number of spaces equal to your number. Easy? Try level 8 on Jerusalem artichokes.<\/p>\n<p>It&#039;s funny, accessible and completely addictive: 540 cards, 4,132 questions and a few special cards to spice up the game.<\/p>","protected":false},"excerpt":{"rendered":"<div id=\"product-description-short-154\">\n<p>How much do you rate yourself as Aladdin? As imaginary animals? As toothpicks?<br \/>\nThe general knowledge game where you self-assess your knowledge from 1 to 10 on topics both classic and improbable!<\/p>\n<\/div>","protected":false},"featured_media":3143,"comment_status":"closed","ping_status":"closed","template":"","meta":{"_acf_changed":false},"product_brand":[],"product_cat":[37],"product_tag":[],"class_list":{"0":"post-1572","1":"product","2":"type-product","3":"status-publish","4":"has-post-thumbnail","6":"product_cat-ttmc-france","8":"first","9":"instock","10":"featured","11":"taxable","12":"shipping-taxable","13":"purchasable","14":"product-type-simple"},"acf":[],"yoast_head":"<!-- This site is optimized with the Yoast SEO plugin v27.4 - https:\/\/yoast.com\/product\/yoast-seo-wordpress\/ -->\n<title>TTMC \u2013 Tu Te Mets Combien ? : jeu de soci\u00e9t\u00e9 de culture g\u00e9n\u00e9rale<\/title>\n<meta name=\"description\" content=\"TTMC \u2013 Tu Te Mets Combien ? : un jeu de soci\u00e9t\u00e9 d&#039;ambiance o\u00f9 tu auto-\u00e9values tes connaissances de 1 \u00e0 10 pour t&#039;amuser entre amis ou en famille !\" \/>\n<meta name=\"robots\" content=\"index, follow, max-snippet:-1, max-image-preview:large, max-video-preview:-1\" \/>\n<link rel=\"canonical\" href=\"https:\/\/www.tutemetscombien.fr\/en\/jeu-de-societe\/ttmc-tu-te-mets-combien\/\" \/>\n<meta property=\"og:locale\" content=\"en_GB\" \/>\n<meta property=\"og:type\" content=\"article\" \/>\n<meta property=\"og:title\" content=\"TTMC \u2013 Tu Te Mets Combien ? : jeu de soci\u00e9t\u00e9 de culture g\u00e9n\u00e9rale\" \/>\n<meta property=\"og:description\" content=\"TTMC \u2013 Tu Te Mets Combien ? : un jeu de soci\u00e9t\u00e9 d&#039;ambiance o\u00f9 tu auto-\u00e9values tes connaissances de 1 \u00e0 10 pour t&#039;amuser entre amis ou en famille !\" \/>\n<meta property=\"og:url\" content=\"https:\/\/www.tutemetscombien.fr\/en\/jeu-de-societe\/ttmc-tu-te-mets-combien\/\" \/>\n<meta property=\"og:site_name\" content=\"Tu te mets combien ?\" \/>\n<meta property=\"article:publisher\" content=\"https:\/\/www.facebook.com\/tutemetscombien\/\" \/>\n<meta property=\"article:modified_time\" content=\"2026-04-30T10:10:25+00:00\" \/>\n<meta property=\"og:image\" content=\"https:\/\/www.tutemetscombien.fr\/wp-content\/uploads\/2025\/07\/PIXIEGAMES_TTMC1_3quart-GAUCHE-scaled.jpg\" \/>\n\t<meta property=\"og:image:width\" content=\"2560\" \/>\n\t<meta property=\"og:image:height\" content=\"2560\" \/>\n\t<meta property=\"og:image:type\" content=\"image\/jpeg\" \/>\n<meta name=\"twitter:card\" content=\"summary_large_image\" \/>\n<meta name=\"twitter:label1\" content=\"Estimated reading time\" \/>\n\t<meta name=\"twitter:data1\" content=\"1 minute\" \/>\n<script type=\"application\/ld+json\" class=\"yoast-schema-graph\">{\"@context\":\"https:\\\/\\\/schema.org\",\"@graph\":[{\"@type\":\"WebPage\",\"@id\":\"https:\\\/\\\/www.tutemetscombien.fr\\\/jeu-de-societe\\\/ttmc-tu-te-mets-combien\\\/\",\"url\":\"https:\\\/\\\/www.tutemetscombien.fr\\\/jeu-de-societe\\\/ttmc-tu-te-mets-combien\\\/\",\"name\":\"TTMC \u2013 Tu Te Mets Combien ? : jeu de soci\u00e9t\u00e9 de culture g\u00e9n\u00e9rale\",\"isPartOf\":{\"@id\":\"https:\\\/\\\/www.tutemetscombien.fr\\\/#website\"},\"primaryImageOfPage\":{\"@id\":\"https:\\\/\\\/www.tutemetscombien.fr\\\/jeu-de-societe\\\/ttmc-tu-te-mets-combien\\\/#primaryimage\"},\"image\":{\"@id\":\"https:\\\/\\\/www.tutemetscombien.fr\\\/jeu-de-societe\\\/ttmc-tu-te-mets-combien\\\/#primaryimage\"},\"thumbnailUrl\":\"https:\\\/\\\/www.tutemetscombien.fr\\\/wp-content\\\/uploads\\\/2025\\\/07\\\/PIXIEGAMES_TTMC1_3quart-GAUCHE-scaled.jpg\",\"datePublished\":\"2025-07-21T10:11:16+00:00\",\"dateModified\":\"2026-04-30T10:10:25+00:00\",\"description\":\"TTMC \u2013 Tu Te Mets Combien ? : un jeu de soci\u00e9t\u00e9 d'ambiance o\u00f9 tu auto-\u00e9values tes connaissances de 1 \u00e0 10 pour t'amuser entre amis ou en famille !\",\"breadcrumb\":{\"@id\":\"https:\\\/\\\/www.tutemetscombien.fr\\\/jeu-de-societe\\\/ttmc-tu-te-mets-combien\\\/#breadcrumb\"},\"inLanguage\":\"en-GB\",\"potentialAction\":[{\"@type\":\"ReadAction\",\"target\":[\"https:\\\/\\\/www.tutemetscombien.fr\\\/jeu-de-societe\\\/ttmc-tu-te-mets-combien\\\/\"]}]},{\"@type\":\"ImageObject\",\"inLanguage\":\"en-GB\",\"@id\":\"https:\\\/\\\/www.tutemetscombien.fr\\\/jeu-de-societe\\\/ttmc-tu-te-mets-combien\\\/#primaryimage\",\"url\":\"https:\\\/\\\/www.tutemetscombien.fr\\\/wp-content\\\/uploads\\\/2025\\\/07\\\/PIXIEGAMES_TTMC1_3quart-GAUCHE-scaled.jpg\",\"contentUrl\":\"https:\\\/\\\/www.tutemetscombien.fr\\\/wp-content\\\/uploads\\\/2025\\\/07\\\/PIXIEGAMES_TTMC1_3quart-GAUCHE-scaled.jpg\",\"width\":2560,\"height\":2560,\"caption\":\"Bo\u00eete du jeu TTMC \u2013 Tu Te Mets Combien ?\"},{\"@type\":\"BreadcrumbList\",\"@id\":\"https:\\\/\\\/www.tutemetscombien.fr\\\/jeu-de-societe\\\/ttmc-tu-te-mets-combien\\\/#breadcrumb\",\"itemListElement\":[{\"@type\":\"ListItem\",\"position\":1,\"name\":\"Accueil\",\"item\":\"https:\\\/\\\/www.tutemetscombien.fr\\\/\"},{\"@type\":\"ListItem\",\"position\":2,\"name\":\"Nos jeux\",\"item\":\"https:\\\/\\\/www.tutemetscombien.fr\\\/nos-jeux\\\/\"},{\"@type\":\"ListItem\",\"position\":3,\"name\":\"TTMC &#8211; Tu Te Mets Combien ?\"}]},{\"@type\":\"WebSite\",\"@id\":\"https:\\\/\\\/www.tutemetscombien.fr\\\/#website\",\"url\":\"https:\\\/\\\/www.tutemetscombien.fr\\\/\",\"name\":\"Tu te mets combien ?\",\"description\":\"Jeu de questions amusant et \u00e9ducatif - Site Officiel\",\"publisher\":{\"@id\":\"https:\\\/\\\/www.tutemetscombien.fr\\\/#organization\"},\"potentialAction\":[{\"@type\":\"SearchAction\",\"target\":{\"@type\":\"EntryPoint\",\"urlTemplate\":\"https:\\\/\\\/www.tutemetscombien.fr\\\/?s={search_term_string}\"},\"query-input\":{\"@type\":\"PropertyValueSpecification\",\"valueRequired\":true,\"valueName\":\"search_term_string\"}}],\"inLanguage\":\"en-GB\"},{\"@type\":\"Organization\",\"@id\":\"https:\\\/\\\/www.tutemetscombien.fr\\\/#organization\",\"name\":\"Tu te mets combien ?\",\"url\":\"https:\\\/\\\/www.tutemetscombien.fr\\\/\",\"logo\":{\"@type\":\"ImageObject\",\"inLanguage\":\"en-GB\",\"@id\":\"https:\\\/\\\/www.tutemetscombien.fr\\\/#\\\/schema\\\/logo\\\/image\\\/\",\"url\":\"https:\\\/\\\/www.tutemetscombien.fr\\\/wp-content\\\/uploads\\\/2025\\\/05\\\/Logo_TTMC_HD.png\",\"contentUrl\":\"https:\\\/\\\/www.tutemetscombien.fr\\\/wp-content\\\/uploads\\\/2025\\\/05\\\/Logo_TTMC_HD.png\",\"width\":2000,\"height\":1597,\"caption\":\"Tu te mets combien ?\"},\"image\":{\"@id\":\"https:\\\/\\\/www.tutemetscombien.fr\\\/#\\\/schema\\\/logo\\\/image\\\/\"},\"sameAs\":[\"https:\\\/\\\/www.facebook.com\\\/tutemetscombien\\\/\",\"https:\\\/\\\/www.instagram.com\\\/ttmctutemetscombien\\\/\",\"https:\\\/\\\/www.tiktok.com\\\/@ttmctutemetscombien\",\"https:\\\/\\\/www.linkedin.com\\\/showcase\\\/ttmc-tu-te-mets-combien\\\/\"]}]}<\/script>\n<!-- \/ Yoast SEO plugin. -->","yoast_head_json":{"title":"TTMC \u2013 Tu Te Mets Combien? : a general knowledge board game","description":"TTMC \u2013 Tu Te Mets Combien? : a party game where you self-assess your knowledge from 1 to 10 to have fun with friends or family!","robots":{"index":"index","follow":"follow","max-snippet":"max-snippet:-1","max-image-preview":"max-image-preview:large","max-video-preview":"max-video-preview:-1"},"canonical":"https:\/\/www.tutemetscombien.fr\/en\/jeu-de-societe\/ttmc-tu-te-mets-combien\/","og_locale":"en_GB","og_type":"article","og_title":"TTMC \u2013 Tu Te Mets Combien ? : jeu de soci\u00e9t\u00e9 de culture g\u00e9n\u00e9rale","og_description":"TTMC \u2013 Tu Te Mets Combien ? : un jeu de soci\u00e9t\u00e9 d'ambiance o\u00f9 tu auto-\u00e9values tes connaissances de 1 \u00e0 10 pour t'amuser entre amis ou en famille !","og_url":"https:\/\/www.tutemetscombien.fr\/en\/jeu-de-societe\/ttmc-tu-te-mets-combien\/","og_site_name":"Tu te mets combien ?","article_publisher":"https:\/\/www.facebook.com\/tutemetscombien\/","article_modified_time":"2026-04-30T10:10:25+00:00","og_image":[{"width":2560,"height":2560,"url":"https:\/\/www.tutemetscombien.fr\/wp-content\/uploads\/2025\/07\/PIXIEGAMES_TTMC1_3quart-GAUCHE-scaled.jpg","type":"image\/jpeg"}],"twitter_card":"summary_large_image","twitter_misc":{"Estimated reading time":"1 minute"},"schema":{"@context":"https:\/\/schema.org","@graph":[{"@type":"WebPage","@id":"https:\/\/www.tutemetscombien.fr\/jeu-de-societe\/ttmc-tu-te-mets-combien\/","url":"https:\/\/www.tutemetscombien.fr\/jeu-de-societe\/ttmc-tu-te-mets-combien\/","name":"TTMC \u2013 Tu Te Mets Combien? : a general knowledge board game","isPartOf":{"@id":"https:\/\/www.tutemetscombien.fr\/#website"},"primaryImageOfPage":{"@id":"https:\/\/www.tutemetscombien.fr\/jeu-de-societe\/ttmc-tu-te-mets-combien\/#primaryimage"},"image":{"@id":"https:\/\/www.tutemetscombien.fr\/jeu-de-societe\/ttmc-tu-te-mets-combien\/#primaryimage"},"thumbnailUrl":"https:\/\/www.tutemetscombien.fr\/wp-content\/uploads\/2025\/07\/PIXIEGAMES_TTMC1_3quart-GAUCHE-scaled.jpg","datePublished":"2025-07-21T10:11:16+00:00","dateModified":"2026-04-30T10:10:25+00:00","description":"TTMC \u2013 Tu Te Mets Combien? : a party game where you self-assess your knowledge from 1 to 10 to have fun with friends or family!","breadcrumb":{"@id":"https:\/\/www.tutemetscombien.fr\/jeu-de-societe\/ttmc-tu-te-mets-combien\/#breadcrumb"},"inLanguage":"en-GB","potentialAction":[{"@type":"ReadAction","target":["https:\/\/www.tutemetscombien.fr\/jeu-de-societe\/ttmc-tu-te-mets-combien\/"]}]},{"@type":"ImageObject","inLanguage":"en-GB","@id":"https:\/\/www.tutemetscombien.fr\/jeu-de-societe\/ttmc-tu-te-mets-combien\/#primaryimage","url":"https:\/\/www.tutemetscombien.fr\/wp-content\/uploads\/2025\/07\/PIXIEGAMES_TTMC1_3quart-GAUCHE-scaled.jpg","contentUrl":"https:\/\/www.tutemetscombien.fr\/wp-content\/uploads\/2025\/07\/PIXIEGAMES_TTMC1_3quart-GAUCHE-scaled.jpg","width":2560,"height":2560,"caption":"Bo\u00eete du jeu TTMC \u2013 Tu Te Mets Combien ?"},{"@type":"BreadcrumbList","@id":"https:\/\/www.tutemetscombien.fr\/jeu-de-societe\/ttmc-tu-te-mets-combien\/#breadcrumb","itemListElement":[{"@type":"ListItem","position":1,"name":"Accueil","item":"https:\/\/www.tutemetscombien.fr\/"},{"@type":"ListItem","position":2,"name":"Nos jeux","item":"https:\/\/www.tutemetscombien.fr\/nos-jeux\/"},{"@type":"ListItem","position":3,"name":"TTMC &#8211; Tu Te Mets Combien ?"}]},{"@type":"WebSite","@id":"https:\/\/www.tutemetscombien.fr\/#website","url":"https:\/\/www.tutemetscombien.fr\/","name":"CDSK","description":"Fun and educational trivia game - Official Website","publisher":{"@id":"https:\/\/www.tutemetscombien.fr\/#organization"},"potentialAction":[{"@type":"SearchAction","target":{"@type":"EntryPoint","urlTemplate":"https:\/\/www.tutemetscombien.fr\/?s={search_term_string}"},"query-input":{"@type":"PropertyValueSpecification","valueRequired":true,"valueName":"search_term_string"}}],"inLanguage":"en-GB"},{"@type":"Organization","@id":"https:\/\/www.tutemetscombien.fr\/#organization","name":"CDSK","url":"https:\/\/www.tutemetscombien.fr\/","logo":{"@type":"ImageObject","inLanguage":"en-GB","@id":"https:\/\/www.tutemetscombien.fr\/#\/schema\/logo\/image\/","url":"https:\/\/www.tutemetscombien.fr\/wp-content\/uploads\/2025\/05\/Logo_TTMC_HD.png","contentUrl":"https:\/\/www.tutemetscombien.fr\/wp-content\/uploads\/2025\/05\/Logo_TTMC_HD.png","width":2000,"height":1597,"caption":"Tu te mets combien ?"},"image":{"@id":"https:\/\/www.tutemetscombien.fr\/#\/schema\/logo\/image\/"},"sameAs":["https:\/\/www.facebook.com\/tutemetscombien\/","https:\/\/www.instagram.com\/ttmctutemetscombien\/","https:\/\/www.tiktok.com\/@ttmctutemetscombien","https:\/\/www.linkedin.com\/showcase\/ttmc-tu-te-mets-combien\/"]}]}},"_links":{"self":[{"href":"https:\/\/www.tutemetscombien.fr\/en\/wp-json\/wp\/v2\/product\/1572","targetHints":{"allow":["GET"]}}],"collection":[{"href":"https:\/\/www.tutemetscombien.fr\/en\/wp-json\/wp\/v2\/product"}],"about":[{"href":"https:\/\/www.tutemetscombien.fr\/en\/wp-json\/wp\/v2\/types\/product"}],"replies":[{"embeddable":true,"href":"https:\/\/www.tutemetscombien.fr\/en\/wp-json\/wp\/v2\/comments?post=1572"}],"wp:featuredmedia":[{"embeddable":true,"href":"https:\/\/www.tutemetscombien.fr\/en\/wp-json\/wp\/v2\/media\/3143"}],"wp:attachment":[{"href":"https:\/\/www.tutemetscombien.fr\/en\/wp-json\/wp\/v2\/media?parent=1572"}],"wp:term":[{"taxonomy":"product_brand","embeddable":true,"href":"https:\/\/www.tutemetscombien.fr\/en\/wp-json\/wp\/v2\/product_brand?post=1572"},{"taxonomy":"product_cat","embeddable":true,"href":"https:\/\/www.tutemetscombien.fr\/en\/wp-json\/wp\/v2\/product_cat?post=1572"},{"taxonomy":"product_tag","embeddable":true,"href":"https:\/\/www.tutemetscombien.fr\/en\/wp-json\/wp\/v2\/product_tag?post=1572"}],"curies":[{"name":"wp","href":"https:\/\/api.w.org\/{rel}","templated":true}]}}