{"id":2818,"date":"2025-11-06T09:50:12","date_gmt":"2025-11-06T08:50:12","guid":{"rendered":"https:\/\/www.tutemetscombien.fr\/?post_type=product&#038;p=2818"},"modified":"2025-12-01T15:32:53","modified_gmt":"2025-12-01T14:32:53","slug":"extension-quebec-2","status":"publish","type":"product","link":"https:\/\/www.tutemetscombien.fr\/de\/jeu-de-societe\/extension-quebec-2\/","title":{"rendered":"TTMC Quebec \u2013 Reiseformat Band 2"},"content":{"rendered":"<p><em>TTMC \u2013 Tu Te Mets Combien ?<\/em> ist eine Mischung aus Allgemeinwissensspiel und Partyspiel.<\/p>\n<p>Sch\u00e4tzen Sie Ihr Wissen in einer Vielzahl von Themenbereichen auf einer Skala von 1 bis 10 ein \u2013 von den klassischen bis zu den ungew\u00f6hnlichsten \u2013 und seien Sie der Erste, der das gesamte Spektrum abdeckt.<\/p>\n<p>Das Prinzip ist einfach: Sie w\u00e4hlen einen Schwierigkeitsgrad zwischen 1 (leicht) und 10 (Experte) f\u00fcr das jeweilige Thema. Je h\u00f6her die Zahl, desto schwieriger die Frage. Bei richtiger Antwort r\u00fccken Sie entsprechend Ihrer Zahl vor. Leicht? Versuchen Sie es mit Schwierigkeitsgrad 8 zum Thema Topinambur.<\/p>\n<p>Es ist witzig, leicht verst\u00e4ndlich und macht absolut s\u00fcchtig!<\/p>\n<p>Wie sehr w\u00fcrden Sie sich selbst als Aladdin einsch\u00e4tzen? Als Fantasietiere? Als Zahnstocher?<\/p>","protected":false},"excerpt":{"rendered":"<div id=\"product-description-short-154\">\n<p>Die lokale Version unseres \u00e4u\u00dferst beliebten Brettspiels, im kleineren Format!<\/p>\n<\/div>","protected":false},"featured_media":2819,"comment_status":"closed","ping_status":"closed","template":"","meta":{"_acf_changed":false},"product_brand":[],"product_cat":[34],"product_tag":[],"class_list":{"0":"post-2818","1":"product","2":"type-product","3":"status-publish","4":"has-post-thumbnail","6":"product_cat-ttmc-a-linternational","8":"first","9":"instock","10":"taxable","11":"shipping-taxable","12":"product-type-external"},"acf":[],"yoast_head":"<!-- This site is optimized with the Yoast SEO plugin v27.2 - https:\/\/yoast.com\/product\/yoast-seo-wordpress\/ -->\n<title>TTMC \u2013 \u00c9dition Qu\u00e9bec : Format de voyage Volume 2<\/title>\n<meta name=\"description\" content=\"TTMC \u2013 \u00c9dition Qu\u00e9bec : Format de voyage Vol. 2 \u2013 le format voyage du jeu TTMC pour tester votre culture g\u00e9n\u00e9rale locale entre amis ou en famille.\" \/>\n<meta name=\"robots\" content=\"index, follow, max-snippet:-1, max-image-preview:large, max-video-preview:-1\" \/>\n<link rel=\"canonical\" href=\"https:\/\/www.tutemetscombien.fr\/de\/jeu-de-societe\/extension-quebec-2\/\" \/>\n<meta property=\"og:locale\" content=\"de_DE\" \/>\n<meta property=\"og:type\" content=\"article\" \/>\n<meta property=\"og:title\" content=\"TTMC \u2013 \u00c9dition Qu\u00e9bec : Format de voyage Volume 2\" \/>\n<meta property=\"og:description\" content=\"TTMC \u2013 \u00c9dition Qu\u00e9bec : Format de voyage Vol. 2 \u2013 le format voyage du jeu TTMC pour tester votre culture g\u00e9n\u00e9rale locale entre amis ou en famille.\" \/>\n<meta property=\"og:url\" content=\"https:\/\/www.tutemetscombien.fr\/de\/jeu-de-societe\/extension-quebec-2\/\" \/>\n<meta property=\"og:site_name\" content=\"Tu te mets combien ?\" \/>\n<meta property=\"article:publisher\" content=\"https:\/\/www.facebook.com\/tutemetscombien\/\" \/>\n<meta property=\"article:modified_time\" content=\"2025-12-01T14:32:53+00:00\" \/>\n<meta property=\"og:image\" content=\"https:\/\/www.tutemetscombien.fr\/wp-content\/uploads\/2025\/11\/ttmc-quebec-2.jpg\" \/>\n\t<meta property=\"og:image:width\" content=\"1500\" \/>\n\t<meta property=\"og:image:height\" content=\"1417\" \/>\n\t<meta property=\"og:image:type\" content=\"image\/jpeg\" \/>\n<meta name=\"twitter:card\" content=\"summary_large_image\" \/>\n<meta name=\"twitter:label1\" content=\"Gesch\u00e4tzte Lesezeit\" \/>\n\t<meta name=\"twitter:data1\" content=\"1\u00a0Minute\" \/>\n<script type=\"application\/ld+json\" class=\"yoast-schema-graph\">{\"@context\":\"https:\/\/schema.org\",\"@graph\":[{\"@type\":\"WebPage\",\"@id\":\"https:\/\/www.tutemetscombien.fr\/jeu-de-societe\/extension-quebec-2\/\",\"url\":\"https:\/\/www.tutemetscombien.fr\/jeu-de-societe\/extension-quebec-2\/\",\"name\":\"TTMC \u2013 \u00c9dition Qu\u00e9bec : Format de voyage Volume 2\",\"isPartOf\":{\"@id\":\"https:\/\/www.tutemetscombien.fr\/#website\"},\"primaryImageOfPage\":{\"@id\":\"https:\/\/www.tutemetscombien.fr\/jeu-de-societe\/extension-quebec-2\/#primaryimage\"},\"image\":{\"@id\":\"https:\/\/www.tutemetscombien.fr\/jeu-de-societe\/extension-quebec-2\/#primaryimage\"},\"thumbnailUrl\":\"https:\/\/www.tutemetscombien.fr\/wp-content\/uploads\/2025\/11\/ttmc-quebec-2.jpg\",\"datePublished\":\"2025-11-06T08:50:12+00:00\",\"dateModified\":\"2025-12-01T14:32:53+00:00\",\"description\":\"TTMC \u2013 \u00c9dition Qu\u00e9bec : Format de voyage Vol. 2 \u2013 le format voyage du jeu TTMC pour tester votre culture g\u00e9n\u00e9rale locale entre amis ou en famille.\",\"breadcrumb\":{\"@id\":\"https:\/\/www.tutemetscombien.fr\/jeu-de-societe\/extension-quebec-2\/#breadcrumb\"},\"inLanguage\":\"de\",\"potentialAction\":[{\"@type\":\"ReadAction\",\"target\":[\"https:\/\/www.tutemetscombien.fr\/jeu-de-societe\/extension-quebec-2\/\"]}]},{\"@type\":\"ImageObject\",\"inLanguage\":\"de\",\"@id\":\"https:\/\/www.tutemetscombien.fr\/jeu-de-societe\/extension-quebec-2\/#primaryimage\",\"url\":\"https:\/\/www.tutemetscombien.fr\/wp-content\/uploads\/2025\/11\/ttmc-quebec-2.jpg\",\"contentUrl\":\"https:\/\/www.tutemetscombien.fr\/wp-content\/uploads\/2025\/11\/ttmc-quebec-2.jpg\",\"width\":1500,\"height\":1417,\"caption\":\"Bo\u00eete de l\u2019extension TTMC \u2013 \u00c9dition Qu\u00e9bec \u2013 Format de voyage Vol. 2\"},{\"@type\":\"BreadcrumbList\",\"@id\":\"https:\/\/www.tutemetscombien.fr\/jeu-de-societe\/extension-quebec-2\/#breadcrumb\",\"itemListElement\":[{\"@type\":\"ListItem\",\"position\":1,\"name\":\"Accueil\",\"item\":\"https:\/\/www.tutemetscombien.fr\/\"},{\"@type\":\"ListItem\",\"position\":2,\"name\":\"Nos jeux\",\"item\":\"https:\/\/www.tutemetscombien.fr\/nos-jeux\/\"},{\"@type\":\"ListItem\",\"position\":3,\"name\":\"TTMC Qu\u00e9bec &#8211; Format de voyage Volume 2\"}]},{\"@type\":\"WebSite\",\"@id\":\"https:\/\/www.tutemetscombien.fr\/#website\",\"url\":\"https:\/\/www.tutemetscombien.fr\/\",\"name\":\"Tu te mets combien ?\",\"description\":\"Jeu de questions amusant et \u00e9ducatif - Site Officiel\",\"publisher\":{\"@id\":\"https:\/\/www.tutemetscombien.fr\/#organization\"},\"potentialAction\":[{\"@type\":\"SearchAction\",\"target\":{\"@type\":\"EntryPoint\",\"urlTemplate\":\"https:\/\/www.tutemetscombien.fr\/?s={search_term_string}\"},\"query-input\":{\"@type\":\"PropertyValueSpecification\",\"valueRequired\":true,\"valueName\":\"search_term_string\"}}],\"inLanguage\":\"de\"},{\"@type\":\"Organization\",\"@id\":\"https:\/\/www.tutemetscombien.fr\/#organization\",\"name\":\"Tu te mets combien ?\",\"url\":\"https:\/\/www.tutemetscombien.fr\/\",\"logo\":{\"@type\":\"ImageObject\",\"inLanguage\":\"de\",\"@id\":\"https:\/\/www.tutemetscombien.fr\/#\/schema\/logo\/image\/\",\"url\":\"https:\/\/www.tutemetscombien.fr\/wp-content\/uploads\/2025\/05\/Logo_TTMC_HD.png\",\"contentUrl\":\"https:\/\/www.tutemetscombien.fr\/wp-content\/uploads\/2025\/05\/Logo_TTMC_HD.png\",\"width\":2000,\"height\":1597,\"caption\":\"Tu te mets combien ?\"},\"image\":{\"@id\":\"https:\/\/www.tutemetscombien.fr\/#\/schema\/logo\/image\/\"},\"sameAs\":[\"https:\/\/www.facebook.com\/tutemetscombien\/\",\"https:\/\/www.instagram.com\/ttmctutemetscombien\/\",\"https:\/\/www.tiktok.com\/@ttmctutemetscombien\",\"https:\/\/www.linkedin.com\/showcase\/ttmc-tu-te-mets-combien\/\"]}]}<\/script>\n<!-- \/ Yoast SEO plugin. -->","yoast_head_json":{"title":"TTMC \u2013 Quebec Edition: Reiseformat Band 2","description":"TTMC \u2013 Quebec Edition: Reiseformat Band 2 \u2013 das Reiseformat des TTMC-Spiels, um Ihr lokales Allgemeinwissen mit Freunden oder Familie zu testen.","robots":{"index":"index","follow":"follow","max-snippet":"max-snippet:-1","max-image-preview":"max-image-preview:large","max-video-preview":"max-video-preview:-1"},"canonical":"https:\/\/www.tutemetscombien.fr\/de\/jeu-de-societe\/extension-quebec-2\/","og_locale":"de_DE","og_type":"article","og_title":"TTMC \u2013 \u00c9dition Qu\u00e9bec : Format de voyage Volume 2","og_description":"TTMC \u2013 \u00c9dition Qu\u00e9bec : Format de voyage Vol. 2 \u2013 le format voyage du jeu TTMC pour tester votre culture g\u00e9n\u00e9rale locale entre amis ou en famille.","og_url":"https:\/\/www.tutemetscombien.fr\/de\/jeu-de-societe\/extension-quebec-2\/","og_site_name":"Tu te mets combien ?","article_publisher":"https:\/\/www.facebook.com\/tutemetscombien\/","article_modified_time":"2025-12-01T14:32:53+00:00","og_image":[{"width":1500,"height":1417,"url":"https:\/\/www.tutemetscombien.fr\/wp-content\/uploads\/2025\/11\/ttmc-quebec-2.jpg","type":"image\/jpeg"}],"twitter_card":"summary_large_image","twitter_misc":{"Gesch\u00e4tzte Lesezeit":"1\u00a0Minute"},"schema":{"@context":"https:\/\/schema.org","@graph":[{"@type":"WebPage","@id":"https:\/\/www.tutemetscombien.fr\/jeu-de-societe\/extension-quebec-2\/","url":"https:\/\/www.tutemetscombien.fr\/jeu-de-societe\/extension-quebec-2\/","name":"TTMC \u2013 Quebec Edition: Reiseformat Band 2","isPartOf":{"@id":"https:\/\/www.tutemetscombien.fr\/#website"},"primaryImageOfPage":{"@id":"https:\/\/www.tutemetscombien.fr\/jeu-de-societe\/extension-quebec-2\/#primaryimage"},"image":{"@id":"https:\/\/www.tutemetscombien.fr\/jeu-de-societe\/extension-quebec-2\/#primaryimage"},"thumbnailUrl":"https:\/\/www.tutemetscombien.fr\/wp-content\/uploads\/2025\/11\/ttmc-quebec-2.jpg","datePublished":"2025-11-06T08:50:12+00:00","dateModified":"2025-12-01T14:32:53+00:00","description":"TTMC \u2013 Quebec Edition: Reiseformat Band 2 \u2013 das Reiseformat des TTMC-Spiels, um Ihr lokales Allgemeinwissen mit Freunden oder Familie zu testen.","breadcrumb":{"@id":"https:\/\/www.tutemetscombien.fr\/jeu-de-societe\/extension-quebec-2\/#breadcrumb"},"inLanguage":"de","potentialAction":[{"@type":"ReadAction","target":["https:\/\/www.tutemetscombien.fr\/jeu-de-societe\/extension-quebec-2\/"]}]},{"@type":"ImageObject","inLanguage":"de","@id":"https:\/\/www.tutemetscombien.fr\/jeu-de-societe\/extension-quebec-2\/#primaryimage","url":"https:\/\/www.tutemetscombien.fr\/wp-content\/uploads\/2025\/11\/ttmc-quebec-2.jpg","contentUrl":"https:\/\/www.tutemetscombien.fr\/wp-content\/uploads\/2025\/11\/ttmc-quebec-2.jpg","width":1500,"height":1417,"caption":"Bo\u00eete de l\u2019extension TTMC \u2013 \u00c9dition Qu\u00e9bec \u2013 Format de voyage Vol. 2"},{"@type":"BreadcrumbList","@id":"https:\/\/www.tutemetscombien.fr\/jeu-de-societe\/extension-quebec-2\/#breadcrumb","itemListElement":[{"@type":"ListItem","position":1,"name":"Accueil","item":"https:\/\/www.tutemetscombien.fr\/"},{"@type":"ListItem","position":2,"name":"Nos jeux","item":"https:\/\/www.tutemetscombien.fr\/nos-jeux\/"},{"@type":"ListItem","position":3,"name":"TTMC Qu\u00e9bec &#8211; Format de voyage Volume 2"}]},{"@type":"WebSite","@id":"https:\/\/www.tutemetscombien.fr\/#website","url":"https:\/\/www.tutemetscombien.fr\/","name":"KWIZ","description":"Unterhaltsames und lehrreiches Quizspiel \u2013 Offizielle Website","publisher":{"@id":"https:\/\/www.tutemetscombien.fr\/#organization"},"potentialAction":[{"@type":"SearchAction","target":{"@type":"EntryPoint","urlTemplate":"https:\/\/www.tutemetscombien.fr\/?s={search_term_string}"},"query-input":{"@type":"PropertyValueSpecification","valueRequired":true,"valueName":"search_term_string"}}],"inLanguage":"de"},{"@type":"Organization","@id":"https:\/\/www.tutemetscombien.fr\/#organization","name":"KWIZ","url":"https:\/\/www.tutemetscombien.fr\/","logo":{"@type":"ImageObject","inLanguage":"de","@id":"https:\/\/www.tutemetscombien.fr\/#\/schema\/logo\/image\/","url":"https:\/\/www.tutemetscombien.fr\/wp-content\/uploads\/2025\/05\/Logo_TTMC_HD.png","contentUrl":"https:\/\/www.tutemetscombien.fr\/wp-content\/uploads\/2025\/05\/Logo_TTMC_HD.png","width":2000,"height":1597,"caption":"Tu te mets combien ?"},"image":{"@id":"https:\/\/www.tutemetscombien.fr\/#\/schema\/logo\/image\/"},"sameAs":["https:\/\/www.facebook.com\/tutemetscombien\/","https:\/\/www.instagram.com\/ttmctutemetscombien\/","https:\/\/www.tiktok.com\/@ttmctutemetscombien","https:\/\/www.linkedin.com\/showcase\/ttmc-tu-te-mets-combien\/"]}]}},"_links":{"self":[{"href":"https:\/\/www.tutemetscombien.fr\/de\/wp-json\/wp\/v2\/product\/2818","targetHints":{"allow":["GET"]}}],"collection":[{"href":"https:\/\/www.tutemetscombien.fr\/de\/wp-json\/wp\/v2\/product"}],"about":[{"href":"https:\/\/www.tutemetscombien.fr\/de\/wp-json\/wp\/v2\/types\/product"}],"replies":[{"embeddable":true,"href":"https:\/\/www.tutemetscombien.fr\/de\/wp-json\/wp\/v2\/comments?post=2818"}],"wp:featuredmedia":[{"embeddable":true,"href":"https:\/\/www.tutemetscombien.fr\/de\/wp-json\/wp\/v2\/media\/2819"}],"wp:attachment":[{"href":"https:\/\/www.tutemetscombien.fr\/de\/wp-json\/wp\/v2\/media?parent=2818"}],"wp:term":[{"taxonomy":"product_brand","embeddable":true,"href":"https:\/\/www.tutemetscombien.fr\/de\/wp-json\/wp\/v2\/product_brand?post=2818"},{"taxonomy":"product_cat","embeddable":true,"href":"https:\/\/www.tutemetscombien.fr\/de\/wp-json\/wp\/v2\/product_cat?post=2818"},{"taxonomy":"product_tag","embeddable":true,"href":"https:\/\/www.tutemetscombien.fr\/de\/wp-json\/wp\/v2\/product_tag?post=2818"}],"curies":[{"name":"wp","href":"https:\/\/api.w.org\/{rel}","templated":true}]}}