{"id":2523,"date":"2025-10-21T12:23:59","date_gmt":"2025-10-21T10:23:59","guid":{"rendered":"https:\/\/www.tutemetscombien.fr\/?post_type=product&#038;p=2523"},"modified":"2026-04-27T10:18:01","modified_gmt":"2026-04-27T08:18:01","slug":"ttmc-access-tu-te-mets-combien","status":"publish","type":"product","link":"https:\/\/www.tutemetscombien.fr\/de\/jeu-de-societe\/ttmc-access-tu-te-mets-combien\/","title":{"rendered":"TTMC Access \u2013 Tu Te Mets Combien ?"},"content":{"rendered":"<p>Gleiches Spielprinzip, gleicher schr\u00e4ger Humor, aber in einer Version, die so gestaltet ist, dass jeder sie spielen kann. <em>TTMC<\/em>.<br \/>\nMit <em>TTMC Access<\/em>, entdeckt eine Adaption von <em>TTMC 1<\/em> speziell f\u00fcr sehbehinderte und blinde Menschen entwickelt.<\/p>\n<p>Das Prinzip bleibt dasselbe: Sie sch\u00e4tzen Ihr Wissen zum gew\u00e4hlten Thema selbst auf einer Skala von 1 (einfach) bis 10 (Experte) ein. Je h\u00f6her die Punktzahl, desto mehr...<br \/>\nDie Frage ist schwierig. Eine gute Antwort? Man r\u00fcckt so viele Felder vor, wie man Punkte hat.<\/p>\n<p><strong>Ein Touchscreen<\/strong><br \/>\nDas Spielbrett wurde f\u00fcr ein reibungsloses und intuitives Spielerlebnis neu gestaltet.<br \/>\nEine aus dickem Lack gefertigte F\u00fchrungslinie leitet die Spieler vom Startfeld zum letzten Feld und folgt dabei einer f\u00fchlbaren Spirale, die Folgendes erm\u00f6glicht:<br \/>\nimmer zu wissen, in welche Richtung man seine Figur bewegen muss.<br \/>\nJeder Kategorie ist eine eigene, hohle Form in der Schale zugeordnet, um die Identifizierung zu erleichtern.<\/p>\n<p><strong>Verbundene Karten<\/strong><br \/>\nDie verschiedenen Fragekategorien werden durch Papppl\u00e4ttchen dargestellt, die die gleiche Form wie die Pl\u00e4ttchen auf dem Spielbrett haben und mit NFC-Chips ausgestattet sind.<br \/>\nScannen Sie sie einfach mit einem Smartphone mithilfe der App. <em>TTMC Access<\/em>, der die Frage laut vorliest.<br \/>\nEine einfache Technologie, die ohne Zielvorgabe auskommt und fl\u00fcssiger ist als ein QR-Code.<\/p>\n<p><strong>Eine eigene App<\/strong><br \/>\nDie Anwendung ist f\u00fcr iPhone und Android verf\u00fcgbar. <em>TTMC Access<\/em> ist vollst\u00e4ndig kompatibel mit den TalkBack-Barrierefreiheitstools und<br \/>\nVoiceOver.<br \/>\nEs kann an die Bed\u00fcrfnisse jedes Spielers angepasst werden (Sprachsynthese, Lesegeschwindigkeit, Schriftgr\u00f6\u00dfe usw.).<br \/>\nDie Bedienungsanleitung ist jederzeit \u00fcber die Registerkarte \u201eHilfe\u201c zug\u00e4nglich und f\u00fchrt die Spieler Schritt f\u00fcr Schritt durch das Spiel.<\/p>\n<p>In Zusammenarbeit mit AccessiGames.<\/p>","protected":false},"excerpt":{"rendered":"<div id=\"product-description-short-4524\">\n<p>Wie sehr w\u00fcrden Sie sich selbst als Aladdin einsch\u00e4tzen? Als Fantasietiere? Als Zahnstocher?<br \/>\nDie Version von <em>TTMC<\/em> entwickelt f\u00fcr sehbehinderte und blinde Menschen in Zusammenarbeit mit AccessiGames.<\/p>\n<\/div>","protected":false},"featured_media":3157,"comment_status":"closed","ping_status":"closed","template":"","meta":{"_acf_changed":false},"product_brand":[],"product_cat":[37],"product_tag":[],"class_list":{"0":"post-2523","1":"product","2":"type-product","3":"status-publish","4":"has-post-thumbnail","6":"product_cat-ttmc-france","8":"first","9":"instock","10":"taxable","11":"shipping-taxable","12":"purchasable","13":"product-type-simple"},"acf":[],"yoast_head":"<!-- This site is optimized with the Yoast SEO plugin v27.4 - https:\/\/yoast.com\/product\/yoast-seo-wordpress\/ -->\n<title>TTMC Access : l\u2019\u00e9dition inclusive du jeu d\u2019ambiance TTMC<\/title>\n<meta name=\"description\" content=\"TTMC Access \u2013 Tu Te Mets Combien ? : l\u2019\u00e9dition pens\u00e9e pour les personnes malvoyantes\/non-voyantes, avec plateau tactile, cartes NFC et appli accessible.\" \/>\n<meta name=\"robots\" content=\"index, follow, max-snippet:-1, max-image-preview:large, max-video-preview:-1\" \/>\n<link rel=\"canonical\" href=\"https:\/\/www.tutemetscombien.fr\/de\/jeu-de-societe\/ttmc-access-tu-te-mets-combien\/\" \/>\n<meta property=\"og:locale\" content=\"de_DE\" \/>\n<meta property=\"og:type\" content=\"article\" \/>\n<meta property=\"og:title\" content=\"TTMC Access : l\u2019\u00e9dition inclusive du jeu d\u2019ambiance TTMC\" \/>\n<meta property=\"og:description\" content=\"TTMC Access \u2013 Tu Te Mets Combien ? : l\u2019\u00e9dition pens\u00e9e pour les personnes malvoyantes\/non-voyantes, avec plateau tactile, cartes NFC et appli accessible.\" \/>\n<meta property=\"og:url\" content=\"https:\/\/www.tutemetscombien.fr\/de\/jeu-de-societe\/ttmc-access-tu-te-mets-combien\/\" \/>\n<meta property=\"og:site_name\" content=\"Tu te mets combien ?\" \/>\n<meta property=\"article:publisher\" content=\"https:\/\/www.facebook.com\/tutemetscombien\/\" \/>\n<meta property=\"article:modified_time\" content=\"2026-04-27T08:18:01+00:00\" \/>\n<meta property=\"og:image\" content=\"https:\/\/www.tutemetscombien.fr\/wp-content\/uploads\/2025\/10\/PIXIEGAMES_TTMC-ACCESSI_3quart-GAUCHE-scaled.jpg\" \/>\n\t<meta property=\"og:image:width\" content=\"2560\" \/>\n\t<meta property=\"og:image:height\" content=\"2560\" \/>\n\t<meta property=\"og:image:type\" content=\"image\/jpeg\" \/>\n<meta name=\"twitter:card\" content=\"summary_large_image\" \/>\n<meta name=\"twitter:label1\" content=\"Gesch\u00e4tzte Lesezeit\" \/>\n\t<meta name=\"twitter:data1\" content=\"2\u00a0Minuten\" \/>\n<script type=\"application\/ld+json\" class=\"yoast-schema-graph\">{\"@context\":\"https:\\\/\\\/schema.org\",\"@graph\":[{\"@type\":\"WebPage\",\"@id\":\"https:\\\/\\\/www.tutemetscombien.fr\\\/jeu-de-societe\\\/ttmc-access-tu-te-mets-combien\\\/\",\"url\":\"https:\\\/\\\/www.tutemetscombien.fr\\\/jeu-de-societe\\\/ttmc-access-tu-te-mets-combien\\\/\",\"name\":\"TTMC Access : l\u2019\u00e9dition inclusive du jeu d\u2019ambiance TTMC\",\"isPartOf\":{\"@id\":\"https:\\\/\\\/www.tutemetscombien.fr\\\/#website\"},\"primaryImageOfPage\":{\"@id\":\"https:\\\/\\\/www.tutemetscombien.fr\\\/jeu-de-societe\\\/ttmc-access-tu-te-mets-combien\\\/#primaryimage\"},\"image\":{\"@id\":\"https:\\\/\\\/www.tutemetscombien.fr\\\/jeu-de-societe\\\/ttmc-access-tu-te-mets-combien\\\/#primaryimage\"},\"thumbnailUrl\":\"https:\\\/\\\/www.tutemetscombien.fr\\\/wp-content\\\/uploads\\\/2025\\\/10\\\/PIXIEGAMES_TTMC-ACCESSI_3quart-GAUCHE-scaled.jpg\",\"datePublished\":\"2025-10-21T10:23:59+00:00\",\"dateModified\":\"2026-04-27T08:18:01+00:00\",\"description\":\"TTMC Access \u2013 Tu Te Mets Combien ? : l\u2019\u00e9dition pens\u00e9e pour les personnes malvoyantes\\\/non-voyantes, avec plateau tactile, cartes NFC et appli accessible.\",\"breadcrumb\":{\"@id\":\"https:\\\/\\\/www.tutemetscombien.fr\\\/jeu-de-societe\\\/ttmc-access-tu-te-mets-combien\\\/#breadcrumb\"},\"inLanguage\":\"de\",\"potentialAction\":[{\"@type\":\"ReadAction\",\"target\":[\"https:\\\/\\\/www.tutemetscombien.fr\\\/jeu-de-societe\\\/ttmc-access-tu-te-mets-combien\\\/\"]}]},{\"@type\":\"ImageObject\",\"inLanguage\":\"de\",\"@id\":\"https:\\\/\\\/www.tutemetscombien.fr\\\/jeu-de-societe\\\/ttmc-access-tu-te-mets-combien\\\/#primaryimage\",\"url\":\"https:\\\/\\\/www.tutemetscombien.fr\\\/wp-content\\\/uploads\\\/2025\\\/10\\\/PIXIEGAMES_TTMC-ACCESSI_3quart-GAUCHE-scaled.jpg\",\"contentUrl\":\"https:\\\/\\\/www.tutemetscombien.fr\\\/wp-content\\\/uploads\\\/2025\\\/10\\\/PIXIEGAMES_TTMC-ACCESSI_3quart-GAUCHE-scaled.jpg\",\"width\":2560,\"height\":2560,\"caption\":\"Bo\u00eete du jeu TTMC Access \u2013 Tu Te Mets Combien ?\"},{\"@type\":\"BreadcrumbList\",\"@id\":\"https:\\\/\\\/www.tutemetscombien.fr\\\/jeu-de-societe\\\/ttmc-access-tu-te-mets-combien\\\/#breadcrumb\",\"itemListElement\":[{\"@type\":\"ListItem\",\"position\":1,\"name\":\"Accueil\",\"item\":\"https:\\\/\\\/www.tutemetscombien.fr\\\/\"},{\"@type\":\"ListItem\",\"position\":2,\"name\":\"Nos jeux\",\"item\":\"https:\\\/\\\/www.tutemetscombien.fr\\\/nos-jeux\\\/\"},{\"@type\":\"ListItem\",\"position\":3,\"name\":\"TTMC Access \u2013 Tu Te Mets Combien ?\"}]},{\"@type\":\"WebSite\",\"@id\":\"https:\\\/\\\/www.tutemetscombien.fr\\\/#website\",\"url\":\"https:\\\/\\\/www.tutemetscombien.fr\\\/\",\"name\":\"Tu te mets combien ?\",\"description\":\"Jeu de questions amusant et \u00e9ducatif - Site Officiel\",\"publisher\":{\"@id\":\"https:\\\/\\\/www.tutemetscombien.fr\\\/#organization\"},\"potentialAction\":[{\"@type\":\"SearchAction\",\"target\":{\"@type\":\"EntryPoint\",\"urlTemplate\":\"https:\\\/\\\/www.tutemetscombien.fr\\\/?s={search_term_string}\"},\"query-input\":{\"@type\":\"PropertyValueSpecification\",\"valueRequired\":true,\"valueName\":\"search_term_string\"}}],\"inLanguage\":\"de\"},{\"@type\":\"Organization\",\"@id\":\"https:\\\/\\\/www.tutemetscombien.fr\\\/#organization\",\"name\":\"Tu te mets combien ?\",\"url\":\"https:\\\/\\\/www.tutemetscombien.fr\\\/\",\"logo\":{\"@type\":\"ImageObject\",\"inLanguage\":\"de\",\"@id\":\"https:\\\/\\\/www.tutemetscombien.fr\\\/#\\\/schema\\\/logo\\\/image\\\/\",\"url\":\"https:\\\/\\\/www.tutemetscombien.fr\\\/wp-content\\\/uploads\\\/2025\\\/05\\\/Logo_TTMC_HD.png\",\"contentUrl\":\"https:\\\/\\\/www.tutemetscombien.fr\\\/wp-content\\\/uploads\\\/2025\\\/05\\\/Logo_TTMC_HD.png\",\"width\":2000,\"height\":1597,\"caption\":\"Tu te mets combien ?\"},\"image\":{\"@id\":\"https:\\\/\\\/www.tutemetscombien.fr\\\/#\\\/schema\\\/logo\\\/image\\\/\"},\"sameAs\":[\"https:\\\/\\\/www.facebook.com\\\/tutemetscombien\\\/\",\"https:\\\/\\\/www.instagram.com\\\/ttmctutemetscombien\\\/\",\"https:\\\/\\\/www.tiktok.com\\\/@ttmctutemetscombien\",\"https:\\\/\\\/www.linkedin.com\\\/showcase\\\/ttmc-tu-te-mets-combien\\\/\"]}]}<\/script>\n<!-- \/ Yoast SEO plugin. -->","yoast_head_json":{"title":"TTMC Access: die inklusive Edition des TTMC-Partyspiels","description":"TTMC Access \u2013 Tu Te Mets Combien? : die Edition f\u00fcr sehbehinderte\/blinde Menschen, mit Touchboard, NFC-Karten und einer barrierefreien App.","robots":{"index":"index","follow":"follow","max-snippet":"max-snippet:-1","max-image-preview":"max-image-preview:large","max-video-preview":"max-video-preview:-1"},"canonical":"https:\/\/www.tutemetscombien.fr\/de\/jeu-de-societe\/ttmc-access-tu-te-mets-combien\/","og_locale":"de_DE","og_type":"article","og_title":"TTMC Access : l\u2019\u00e9dition inclusive du jeu d\u2019ambiance TTMC","og_description":"TTMC Access \u2013 Tu Te Mets Combien ? : l\u2019\u00e9dition pens\u00e9e pour les personnes malvoyantes\/non-voyantes, avec plateau tactile, cartes NFC et appli accessible.","og_url":"https:\/\/www.tutemetscombien.fr\/de\/jeu-de-societe\/ttmc-access-tu-te-mets-combien\/","og_site_name":"Tu te mets combien ?","article_publisher":"https:\/\/www.facebook.com\/tutemetscombien\/","article_modified_time":"2026-04-27T08:18:01+00:00","og_image":[{"width":2560,"height":2560,"url":"https:\/\/www.tutemetscombien.fr\/wp-content\/uploads\/2025\/10\/PIXIEGAMES_TTMC-ACCESSI_3quart-GAUCHE-scaled.jpg","type":"image\/jpeg"}],"twitter_card":"summary_large_image","twitter_misc":{"Gesch\u00e4tzte Lesezeit":"2\u00a0Minuten"},"schema":{"@context":"https:\/\/schema.org","@graph":[{"@type":"WebPage","@id":"https:\/\/www.tutemetscombien.fr\/jeu-de-societe\/ttmc-access-tu-te-mets-combien\/","url":"https:\/\/www.tutemetscombien.fr\/jeu-de-societe\/ttmc-access-tu-te-mets-combien\/","name":"TTMC Access: die inklusive Edition des TTMC-Partyspiels","isPartOf":{"@id":"https:\/\/www.tutemetscombien.fr\/#website"},"primaryImageOfPage":{"@id":"https:\/\/www.tutemetscombien.fr\/jeu-de-societe\/ttmc-access-tu-te-mets-combien\/#primaryimage"},"image":{"@id":"https:\/\/www.tutemetscombien.fr\/jeu-de-societe\/ttmc-access-tu-te-mets-combien\/#primaryimage"},"thumbnailUrl":"https:\/\/www.tutemetscombien.fr\/wp-content\/uploads\/2025\/10\/PIXIEGAMES_TTMC-ACCESSI_3quart-GAUCHE-scaled.jpg","datePublished":"2025-10-21T10:23:59+00:00","dateModified":"2026-04-27T08:18:01+00:00","description":"TTMC Access \u2013 Tu Te Mets Combien? : die Edition f\u00fcr sehbehinderte\/blinde Menschen, mit Touchboard, NFC-Karten und einer barrierefreien App.","breadcrumb":{"@id":"https:\/\/www.tutemetscombien.fr\/jeu-de-societe\/ttmc-access-tu-te-mets-combien\/#breadcrumb"},"inLanguage":"de","potentialAction":[{"@type":"ReadAction","target":["https:\/\/www.tutemetscombien.fr\/jeu-de-societe\/ttmc-access-tu-te-mets-combien\/"]}]},{"@type":"ImageObject","inLanguage":"de","@id":"https:\/\/www.tutemetscombien.fr\/jeu-de-societe\/ttmc-access-tu-te-mets-combien\/#primaryimage","url":"https:\/\/www.tutemetscombien.fr\/wp-content\/uploads\/2025\/10\/PIXIEGAMES_TTMC-ACCESSI_3quart-GAUCHE-scaled.jpg","contentUrl":"https:\/\/www.tutemetscombien.fr\/wp-content\/uploads\/2025\/10\/PIXIEGAMES_TTMC-ACCESSI_3quart-GAUCHE-scaled.jpg","width":2560,"height":2560,"caption":"Bo\u00eete du jeu TTMC Access \u2013 Tu Te Mets Combien ?"},{"@type":"BreadcrumbList","@id":"https:\/\/www.tutemetscombien.fr\/jeu-de-societe\/ttmc-access-tu-te-mets-combien\/#breadcrumb","itemListElement":[{"@type":"ListItem","position":1,"name":"Accueil","item":"https:\/\/www.tutemetscombien.fr\/"},{"@type":"ListItem","position":2,"name":"Nos jeux","item":"https:\/\/www.tutemetscombien.fr\/nos-jeux\/"},{"@type":"ListItem","position":3,"name":"TTMC Access \u2013 Tu Te Mets Combien ?"}]},{"@type":"WebSite","@id":"https:\/\/www.tutemetscombien.fr\/#website","url":"https:\/\/www.tutemetscombien.fr\/","name":"KWIZ","description":"Unterhaltsames und lehrreiches Quizspiel \u2013 Offizielle Website","publisher":{"@id":"https:\/\/www.tutemetscombien.fr\/#organization"},"potentialAction":[{"@type":"SearchAction","target":{"@type":"EntryPoint","urlTemplate":"https:\/\/www.tutemetscombien.fr\/?s={search_term_string}"},"query-input":{"@type":"PropertyValueSpecification","valueRequired":true,"valueName":"search_term_string"}}],"inLanguage":"de"},{"@type":"Organization","@id":"https:\/\/www.tutemetscombien.fr\/#organization","name":"KWIZ","url":"https:\/\/www.tutemetscombien.fr\/","logo":{"@type":"ImageObject","inLanguage":"de","@id":"https:\/\/www.tutemetscombien.fr\/#\/schema\/logo\/image\/","url":"https:\/\/www.tutemetscombien.fr\/wp-content\/uploads\/2025\/05\/Logo_TTMC_HD.png","contentUrl":"https:\/\/www.tutemetscombien.fr\/wp-content\/uploads\/2025\/05\/Logo_TTMC_HD.png","width":2000,"height":1597,"caption":"Tu te mets combien ?"},"image":{"@id":"https:\/\/www.tutemetscombien.fr\/#\/schema\/logo\/image\/"},"sameAs":["https:\/\/www.facebook.com\/tutemetscombien\/","https:\/\/www.instagram.com\/ttmctutemetscombien\/","https:\/\/www.tiktok.com\/@ttmctutemetscombien","https:\/\/www.linkedin.com\/showcase\/ttmc-tu-te-mets-combien\/"]}]}},"_links":{"self":[{"href":"https:\/\/www.tutemetscombien.fr\/de\/wp-json\/wp\/v2\/product\/2523","targetHints":{"allow":["GET"]}}],"collection":[{"href":"https:\/\/www.tutemetscombien.fr\/de\/wp-json\/wp\/v2\/product"}],"about":[{"href":"https:\/\/www.tutemetscombien.fr\/de\/wp-json\/wp\/v2\/types\/product"}],"replies":[{"embeddable":true,"href":"https:\/\/www.tutemetscombien.fr\/de\/wp-json\/wp\/v2\/comments?post=2523"}],"wp:featuredmedia":[{"embeddable":true,"href":"https:\/\/www.tutemetscombien.fr\/de\/wp-json\/wp\/v2\/media\/3157"}],"wp:attachment":[{"href":"https:\/\/www.tutemetscombien.fr\/de\/wp-json\/wp\/v2\/media?parent=2523"}],"wp:term":[{"taxonomy":"product_brand","embeddable":true,"href":"https:\/\/www.tutemetscombien.fr\/de\/wp-json\/wp\/v2\/product_brand?post=2523"},{"taxonomy":"product_cat","embeddable":true,"href":"https:\/\/www.tutemetscombien.fr\/de\/wp-json\/wp\/v2\/product_cat?post=2523"},{"taxonomy":"product_tag","embeddable":true,"href":"https:\/\/www.tutemetscombien.fr\/de\/wp-json\/wp\/v2\/product_tag?post=2523"}],"curies":[{"name":"wp","href":"https:\/\/api.w.org\/{rel}","templated":true}]}}