{"id":2712,"date":"2025-10-31T15:19:49","date_gmt":"2025-10-31T14:19:49","guid":{"rendered":"https:\/\/www.tutemetscombien.fr\/?post_type=product&#038;p=2712"},"modified":"2025-12-24T15:48:30","modified_gmt":"2025-12-24T14:48:30","slug":"ttmc-version-allemande","status":"publish","type":"product","link":"https:\/\/www.tutemetscombien.fr\/cs\/jeu-de-societe\/ttmc-version-allemande\/","title":{"rendered":"KWIZ (Kurioses, Wissen, Im Alltag, Zeitvertreib)"},"content":{"rendered":"<p><em>TTMC \u2013 Tu Te Mets Combien ?<\/em> je n\u011bco mezi hrou na v\u0161eobecn\u00e9 znalosti a hrou pro p\u00e1rty.<\/p>\n<p>Ohodno\u0165te sv\u00e9 znalosti od 1 do 10 v cel\u00e9 \u0159ad\u011b t\u00e9mat, od t\u011bch nejklasi\u010dt\u011bj\u0161\u00edch a\u017e po ty nejnepravd\u011bpodobn\u011bj\u0161\u00ed, a bu\u010fte prvn\u00ed, kdo projde celou hern\u00ed deskou.<\/p>\n<p>Princip je jednoduch\u00fd: zvol\u00edte si \u00farove\u0148 mezi 1 (lehk\u00e1) a 10 (expert) na dan\u00e9 t\u00e9ma. \u010c\u00edm vy\u0161\u0161\u00ed \u010d\u00edslo, t\u00edm t\u011b\u017e\u0161\u00ed je ot\u00e1zka. Pokud odpov\u00edte spr\u00e1vn\u011b, posunete se o po\u010det pol\u00ed\u010dek rovn\u00fd va\u0161emu \u010d\u00edslu. Lehk\u00e9? Zkuste \u00farove\u0148 8 na topinamburech.<\/p>\n<p>Je to vtipn\u00e9, p\u0159\u00edstupn\u00e9 a naprosto n\u00e1vykov\u00e9!<\/p>\n<p>Tak\u017ee, do jak\u00e9 m\u00edry se hodnot\u00edte jako Aladin? Jako imagin\u00e1rn\u00ed zv\u00ed\u0159ata? Jako p\u00e1r\u00e1tka?<\/p>","protected":false},"excerpt":{"rendered":"<div id=\"product-description-short-154\">\n<p>N\u011bmeck\u00e1 verze na\u0161\u00ed obl\u00edben\u00e9 deskov\u00e9 hry!<\/p>\n<\/div>","protected":false},"featured_media":2713,"comment_status":"closed","ping_status":"closed","template":"","meta":{"_acf_changed":false},"product_brand":[],"product_cat":[34],"product_tag":[],"class_list":{"0":"post-2712","1":"product","2":"type-product","3":"status-publish","4":"has-post-thumbnail","6":"product_cat-ttmc-a-linternational","8":"first","9":"instock","10":"taxable","11":"shipping-taxable","12":"product-type-external"},"acf":[],"yoast_head":"<!-- This site is optimized with the Yoast SEO plugin v27.2 - https:\/\/yoast.com\/product\/yoast-seo-wordpress\/ -->\n<title>KWIZ (Kurioses, Wisson, Im Altag, Zeitvertreib)<\/title>\n<meta name=\"description\" content=\"Kwiz (Kurioses, Wisson, Im Altag, Zeitvertreib) : le jeu d\u2019ambiance en allemand de TTMC \u2013 Tu Te Mets Combien ?, pour tester ta culture g\u00e9n\u00e9rale tout en t\u2019amusant entre amis ou en famille.\" \/>\n<meta name=\"robots\" content=\"index, follow, max-snippet:-1, max-image-preview:large, max-video-preview:-1\" \/>\n<link rel=\"canonical\" href=\"https:\/\/www.tutemetscombien.fr\/cs\/jeu-de-societe\/ttmc-version-allemande\/\" \/>\n<meta property=\"og:locale\" content=\"cs_CZ\" \/>\n<meta property=\"og:type\" content=\"article\" \/>\n<meta property=\"og:title\" content=\"KWIZ (Kurioses, Wisson, Im Altag, Zeitvertreib)\" \/>\n<meta property=\"og:description\" content=\"Kwiz (Kurioses, Wisson, Im Altag, Zeitvertreib) : le jeu d\u2019ambiance en allemand de TTMC \u2013 Tu Te Mets Combien ?, pour tester ta culture g\u00e9n\u00e9rale tout en t\u2019amusant entre amis ou en famille.\" \/>\n<meta property=\"og:url\" content=\"https:\/\/www.tutemetscombien.fr\/cs\/jeu-de-societe\/ttmc-version-allemande\/\" \/>\n<meta property=\"og:site_name\" content=\"Tu te mets combien ?\" \/>\n<meta property=\"article:publisher\" content=\"https:\/\/www.facebook.com\/tutemetscombien\/\" \/>\n<meta property=\"article:modified_time\" content=\"2025-12-24T14:48:30+00:00\" \/>\n<meta property=\"og:image\" content=\"https:\/\/www.tutemetscombien.fr\/wp-content\/uploads\/2025\/10\/KWIZ.webp\" \/>\n\t<meta property=\"og:image:width\" content=\"900\" \/>\n\t<meta property=\"og:image:height\" content=\"900\" \/>\n\t<meta property=\"og:image:type\" content=\"image\/webp\" \/>\n<meta name=\"twitter:card\" content=\"summary_large_image\" \/>\n<meta name=\"twitter:label1\" content=\"Odhadovan\u00e1 doba \u010dten\u00ed\" \/>\n\t<meta name=\"twitter:data1\" content=\"1 minuta\" \/>\n<script type=\"application\/ld+json\" class=\"yoast-schema-graph\">{\"@context\":\"https:\/\/schema.org\",\"@graph\":[{\"@type\":\"WebPage\",\"@id\":\"https:\/\/www.tutemetscombien.fr\/jeu-de-societe\/ttmc-version-allemande\/\",\"url\":\"https:\/\/www.tutemetscombien.fr\/jeu-de-societe\/ttmc-version-allemande\/\",\"name\":\"KWIZ (Kurioses, Wisson, Im Altag, Zeitvertreib)\",\"isPartOf\":{\"@id\":\"https:\/\/www.tutemetscombien.fr\/#website\"},\"primaryImageOfPage\":{\"@id\":\"https:\/\/www.tutemetscombien.fr\/jeu-de-societe\/ttmc-version-allemande\/#primaryimage\"},\"image\":{\"@id\":\"https:\/\/www.tutemetscombien.fr\/jeu-de-societe\/ttmc-version-allemande\/#primaryimage\"},\"thumbnailUrl\":\"https:\/\/www.tutemetscombien.fr\/wp-content\/uploads\/2025\/10\/KWIZ.webp\",\"datePublished\":\"2025-10-31T14:19:49+00:00\",\"dateModified\":\"2025-12-24T14:48:30+00:00\",\"description\":\"Kwiz (Kurioses, Wisson, Im Altag, Zeitvertreib) : le jeu d\u2019ambiance en allemand de TTMC \u2013 Tu Te Mets Combien ?, pour tester ta culture g\u00e9n\u00e9rale tout en t\u2019amusant entre amis ou en famille.\",\"breadcrumb\":{\"@id\":\"https:\/\/www.tutemetscombien.fr\/jeu-de-societe\/ttmc-version-allemande\/#breadcrumb\"},\"inLanguage\":\"cs\",\"potentialAction\":[{\"@type\":\"ReadAction\",\"target\":[\"https:\/\/www.tutemetscombien.fr\/jeu-de-societe\/ttmc-version-allemande\/\"]}]},{\"@type\":\"ImageObject\",\"inLanguage\":\"cs\",\"@id\":\"https:\/\/www.tutemetscombien.fr\/jeu-de-societe\/ttmc-version-allemande\/#primaryimage\",\"url\":\"https:\/\/www.tutemetscombien.fr\/wp-content\/uploads\/2025\/10\/KWIZ.webp\",\"contentUrl\":\"https:\/\/www.tutemetscombien.fr\/wp-content\/uploads\/2025\/10\/KWIZ.webp\",\"width\":900,\"height\":900,\"caption\":\"Bo\u00eete du jeu KWIZ (version allemande de TTMC)\"},{\"@type\":\"BreadcrumbList\",\"@id\":\"https:\/\/www.tutemetscombien.fr\/jeu-de-societe\/ttmc-version-allemande\/#breadcrumb\",\"itemListElement\":[{\"@type\":\"ListItem\",\"position\":1,\"name\":\"Accueil\",\"item\":\"https:\/\/www.tutemetscombien.fr\/\"},{\"@type\":\"ListItem\",\"position\":2,\"name\":\"Nos jeux\",\"item\":\"https:\/\/www.tutemetscombien.fr\/nos-jeux\/\"},{\"@type\":\"ListItem\",\"position\":3,\"name\":\"KWIZ (Kurioses, Wissen, Im Alltag, Zeitvertreib)\"}]},{\"@type\":\"WebSite\",\"@id\":\"https:\/\/www.tutemetscombien.fr\/#website\",\"url\":\"https:\/\/www.tutemetscombien.fr\/\",\"name\":\"Tu te mets combien ?\",\"description\":\"Jeu de questions amusant et \u00e9ducatif - Site Officiel\",\"publisher\":{\"@id\":\"https:\/\/www.tutemetscombien.fr\/#organization\"},\"potentialAction\":[{\"@type\":\"SearchAction\",\"target\":{\"@type\":\"EntryPoint\",\"urlTemplate\":\"https:\/\/www.tutemetscombien.fr\/?s={search_term_string}\"},\"query-input\":{\"@type\":\"PropertyValueSpecification\",\"valueRequired\":true,\"valueName\":\"search_term_string\"}}],\"inLanguage\":\"cs\"},{\"@type\":\"Organization\",\"@id\":\"https:\/\/www.tutemetscombien.fr\/#organization\",\"name\":\"Tu te mets combien ?\",\"url\":\"https:\/\/www.tutemetscombien.fr\/\",\"logo\":{\"@type\":\"ImageObject\",\"inLanguage\":\"cs\",\"@id\":\"https:\/\/www.tutemetscombien.fr\/#\/schema\/logo\/image\/\",\"url\":\"https:\/\/www.tutemetscombien.fr\/wp-content\/uploads\/2025\/05\/Logo_TTMC_HD.png\",\"contentUrl\":\"https:\/\/www.tutemetscombien.fr\/wp-content\/uploads\/2025\/05\/Logo_TTMC_HD.png\",\"width\":2000,\"height\":1597,\"caption\":\"Tu te mets combien ?\"},\"image\":{\"@id\":\"https:\/\/www.tutemetscombien.fr\/#\/schema\/logo\/image\/\"},\"sameAs\":[\"https:\/\/www.facebook.com\/tutemetscombien\/\",\"https:\/\/www.instagram.com\/ttmctutemetscombien\/\",\"https:\/\/www.tiktok.com\/@ttmctutemetscombien\",\"https:\/\/www.linkedin.com\/showcase\/ttmc-tu-te-mets-combien\/\"]}]}<\/script>\n<!-- \/ Yoast SEO plugin. -->","yoast_head_json":{"title":"KWIZ (Kurioses, Wisson, Im Altag, Zeitvertreib)","description":"Kwiz (Kurioses, Wisson, Im Altag, Zeitvertreib): n\u011bmeck\u00e1 p\u00e1rty hra od TTMC \u2013 Tu Te Mets Combien?, kter\u00e1 v\u00e1m otestuje va\u0161e v\u0161eobecn\u00e9 znalosti a z\u00e1rove\u0148 si u\u017eijete z\u00e1bavu s p\u0159\u00e1teli nebo rodinou.","robots":{"index":"index","follow":"follow","max-snippet":"max-snippet:-1","max-image-preview":"max-image-preview:large","max-video-preview":"max-video-preview:-1"},"canonical":"https:\/\/www.tutemetscombien.fr\/cs\/jeu-de-societe\/ttmc-version-allemande\/","og_locale":"cs_CZ","og_type":"article","og_title":"KWIZ (Kurioses, Wisson, Im Altag, Zeitvertreib)","og_description":"Kwiz (Kurioses, Wisson, Im Altag, Zeitvertreib) : le jeu d\u2019ambiance en allemand de TTMC \u2013 Tu Te Mets Combien ?, pour tester ta culture g\u00e9n\u00e9rale tout en t\u2019amusant entre amis ou en famille.","og_url":"https:\/\/www.tutemetscombien.fr\/cs\/jeu-de-societe\/ttmc-version-allemande\/","og_site_name":"Tu te mets combien ?","article_publisher":"https:\/\/www.facebook.com\/tutemetscombien\/","article_modified_time":"2025-12-24T14:48:30+00:00","og_image":[{"width":900,"height":900,"url":"https:\/\/www.tutemetscombien.fr\/wp-content\/uploads\/2025\/10\/KWIZ.webp","type":"image\/webp"}],"twitter_card":"summary_large_image","twitter_misc":{"Odhadovan\u00e1 doba \u010dten\u00ed":"1 minuta"},"schema":{"@context":"https:\/\/schema.org","@graph":[{"@type":"WebPage","@id":"https:\/\/www.tutemetscombien.fr\/jeu-de-societe\/ttmc-version-allemande\/","url":"https:\/\/www.tutemetscombien.fr\/jeu-de-societe\/ttmc-version-allemande\/","name":"KWIZ (Kurioses, Wisson, Im Altag, Zeitvertreib)","isPartOf":{"@id":"https:\/\/www.tutemetscombien.fr\/#website"},"primaryImageOfPage":{"@id":"https:\/\/www.tutemetscombien.fr\/jeu-de-societe\/ttmc-version-allemande\/#primaryimage"},"image":{"@id":"https:\/\/www.tutemetscombien.fr\/jeu-de-societe\/ttmc-version-allemande\/#primaryimage"},"thumbnailUrl":"https:\/\/www.tutemetscombien.fr\/wp-content\/uploads\/2025\/10\/KWIZ.webp","datePublished":"2025-10-31T14:19:49+00:00","dateModified":"2025-12-24T14:48:30+00:00","description":"Kwiz (Kurioses, Wisson, Im Altag, Zeitvertreib): n\u011bmeck\u00e1 p\u00e1rty hra od TTMC \u2013 Tu Te Mets Combien?, kter\u00e1 v\u00e1m otestuje va\u0161e v\u0161eobecn\u00e9 znalosti a z\u00e1rove\u0148 si u\u017eijete z\u00e1bavu s p\u0159\u00e1teli nebo rodinou.","breadcrumb":{"@id":"https:\/\/www.tutemetscombien.fr\/jeu-de-societe\/ttmc-version-allemande\/#breadcrumb"},"inLanguage":"cs","potentialAction":[{"@type":"ReadAction","target":["https:\/\/www.tutemetscombien.fr\/jeu-de-societe\/ttmc-version-allemande\/"]}]},{"@type":"ImageObject","inLanguage":"cs","@id":"https:\/\/www.tutemetscombien.fr\/jeu-de-societe\/ttmc-version-allemande\/#primaryimage","url":"https:\/\/www.tutemetscombien.fr\/wp-content\/uploads\/2025\/10\/KWIZ.webp","contentUrl":"https:\/\/www.tutemetscombien.fr\/wp-content\/uploads\/2025\/10\/KWIZ.webp","width":900,"height":900,"caption":"Bo\u00eete du jeu KWIZ (version allemande de TTMC)"},{"@type":"BreadcrumbList","@id":"https:\/\/www.tutemetscombien.fr\/jeu-de-societe\/ttmc-version-allemande\/#breadcrumb","itemListElement":[{"@type":"ListItem","position":1,"name":"Accueil","item":"https:\/\/www.tutemetscombien.fr\/"},{"@type":"ListItem","position":2,"name":"Nos jeux","item":"https:\/\/www.tutemetscombien.fr\/nos-jeux\/"},{"@type":"ListItem","position":3,"name":"KWIZ (Kurioses, Wissen, Im Alltag, Zeitvertreib)"}]},{"@type":"WebSite","@id":"https:\/\/www.tutemetscombien.fr\/#website","url":"https:\/\/www.tutemetscombien.fr\/","name":"Jak dobre zn\u00e1te...?","description":"Z\u00e1bavn\u00e1 a vzd\u011bl\u00e1vac\u00ed kv\u00edzov\u00e1 hra - Ofici\u00e1ln\u00ed webov\u00e9 str\u00e1nky","publisher":{"@id":"https:\/\/www.tutemetscombien.fr\/#organization"},"potentialAction":[{"@type":"SearchAction","target":{"@type":"EntryPoint","urlTemplate":"https:\/\/www.tutemetscombien.fr\/?s={search_term_string}"},"query-input":{"@type":"PropertyValueSpecification","valueRequired":true,"valueName":"search_term_string"}}],"inLanguage":"cs"},{"@type":"Organization","@id":"https:\/\/www.tutemetscombien.fr\/#organization","name":"Jak dobre zn\u00e1te...?","url":"https:\/\/www.tutemetscombien.fr\/","logo":{"@type":"ImageObject","inLanguage":"cs","@id":"https:\/\/www.tutemetscombien.fr\/#\/schema\/logo\/image\/","url":"https:\/\/www.tutemetscombien.fr\/wp-content\/uploads\/2025\/05\/Logo_TTMC_HD.png","contentUrl":"https:\/\/www.tutemetscombien.fr\/wp-content\/uploads\/2025\/05\/Logo_TTMC_HD.png","width":2000,"height":1597,"caption":"Tu te mets combien ?"},"image":{"@id":"https:\/\/www.tutemetscombien.fr\/#\/schema\/logo\/image\/"},"sameAs":["https:\/\/www.facebook.com\/tutemetscombien\/","https:\/\/www.instagram.com\/ttmctutemetscombien\/","https:\/\/www.tiktok.com\/@ttmctutemetscombien","https:\/\/www.linkedin.com\/showcase\/ttmc-tu-te-mets-combien\/"]}]}},"_links":{"self":[{"href":"https:\/\/www.tutemetscombien.fr\/cs\/wp-json\/wp\/v2\/product\/2712","targetHints":{"allow":["GET"]}}],"collection":[{"href":"https:\/\/www.tutemetscombien.fr\/cs\/wp-json\/wp\/v2\/product"}],"about":[{"href":"https:\/\/www.tutemetscombien.fr\/cs\/wp-json\/wp\/v2\/types\/product"}],"replies":[{"embeddable":true,"href":"https:\/\/www.tutemetscombien.fr\/cs\/wp-json\/wp\/v2\/comments?post=2712"}],"wp:featuredmedia":[{"embeddable":true,"href":"https:\/\/www.tutemetscombien.fr\/cs\/wp-json\/wp\/v2\/media\/2713"}],"wp:attachment":[{"href":"https:\/\/www.tutemetscombien.fr\/cs\/wp-json\/wp\/v2\/media?parent=2712"}],"wp:term":[{"taxonomy":"product_brand","embeddable":true,"href":"https:\/\/www.tutemetscombien.fr\/cs\/wp-json\/wp\/v2\/product_brand?post=2712"},{"taxonomy":"product_cat","embeddable":true,"href":"https:\/\/www.tutemetscombien.fr\/cs\/wp-json\/wp\/v2\/product_cat?post=2712"},{"taxonomy":"product_tag","embeddable":true,"href":"https:\/\/www.tutemetscombien.fr\/cs\/wp-json\/wp\/v2\/product_tag?post=2712"}],"curies":[{"name":"wp","href":"https:\/\/api.w.org\/{rel}","templated":true}]}}