{"id":1593,"date":"2025-07-21T15:15:50","date_gmt":"2025-07-21T13:15:50","guid":{"rendered":"https:\/\/www.tutemetscombien.fr\/?post_type=product&#038;p=1593"},"modified":"2026-04-29T00:01:31","modified_gmt":"2026-04-28T22:01:31","slug":"ttmc-musique","status":"publish","type":"product","link":"https:\/\/www.tutemetscombien.fr\/cs\/jeu-de-societe\/ttmc-musique\/","title":{"rendered":"TTMC \u2013 Hudba"},"content":{"rendered":"<p>Rytmick\u00e1 varianta <em>TTMC \u2013 Tu Te Mets Combien ?<\/em>, Tato speci\u00e1ln\u00ed edice v\u00e1m nab\u00edz\u00ed 162 karet a 1 178 ot\u00e1zek o hudb\u011b.<\/p>\n<p>Je to ten sam\u00fd star\u00fd p\u0159\u00edb\u011bh: sami si ohodnot\u00edte sv\u00e9 znalosti na stupnici od 1 (snadn\u00e9) do 10 (expertn\u00ed) k vybran\u00e9mu t\u00e9matu. \u010c\u00edm vy\u0161\u0161\u00ed sk\u00f3re, t\u00edm t\u011b\u017e\u0161\u00ed ot\u00e1zka. Spr\u00e1vn\u00e1 odpov\u011b\u010f? Posunete se o po\u010det pol\u00ed\u010dek odpov\u00eddaj\u00edc\u00ed va\u0161emu sk\u00f3re.<\/p>\n<p>Otestujte si sv\u00e9 znalosti, a\u0165 u\u017e jde o Aznavoura nebo Beyonc\u00e9, a to v\u0161e je p\u0159\u00edstupn\u00e9 v\u0161em milovn\u00edk\u016fm hudby.<\/p>","protected":false},"excerpt":{"rendered":"<p>Kolik p\u00edsni\u010dek od Disneyho m\u00e1\u0161 r\u00e1d\/a? Od Beatles? Od kytar?<br \/>\nFestival ot\u00e1zek o hudb\u011b!<\/p>","protected":false},"featured_media":3599,"comment_status":"closed","ping_status":"closed","template":"","meta":{"_acf_changed":false},"product_brand":[],"product_cat":[37],"product_tag":[],"class_list":{"0":"post-1593","1":"product","2":"type-product","3":"status-publish","4":"has-post-thumbnail","6":"product_cat-ttmc-france","8":"first","9":"outofstock","10":"taxable","11":"shipping-taxable","12":"purchasable","13":"product-type-simple"},"acf":[],"yoast_head":"<!-- This site is optimized with the Yoast SEO plugin v27.4 - https:\/\/yoast.com\/product\/yoast-seo-wordpress\/ -->\n<title>TTMC \u2013 Musique<\/title>\n<meta name=\"description\" content=\"TTMC \u2013 Musique avec les Francofolies : le jeu de soci\u00e9t\u00e9 o\u00f9 tu auto-\u00e9values ta culture musicale de 1 \u00e0 10 dans une \u00e9dition sp\u00e9ciale musique fun et accessible !\" \/>\n<meta name=\"robots\" content=\"index, follow, max-snippet:-1, max-image-preview:large, max-video-preview:-1\" \/>\n<link rel=\"canonical\" href=\"https:\/\/www.tutemetscombien.fr\/cs\/jeu-de-societe\/ttmc-musique\/\" \/>\n<meta property=\"og:locale\" content=\"cs_CZ\" \/>\n<meta property=\"og:type\" content=\"article\" \/>\n<meta property=\"og:title\" content=\"TTMC \u2013 Musique\" \/>\n<meta property=\"og:description\" content=\"TTMC \u2013 Musique avec les Francofolies : le jeu de soci\u00e9t\u00e9 o\u00f9 tu auto-\u00e9values ta culture musicale de 1 \u00e0 10 dans une \u00e9dition sp\u00e9ciale musique fun et accessible !\" \/>\n<meta property=\"og:url\" content=\"https:\/\/www.tutemetscombien.fr\/cs\/jeu-de-societe\/ttmc-musique\/\" \/>\n<meta property=\"og:site_name\" content=\"Tu te mets combien ?\" \/>\n<meta property=\"article:publisher\" content=\"https:\/\/www.facebook.com\/tutemetscombien\/\" \/>\n<meta property=\"article:modified_time\" content=\"2026-04-28T22:01:31+00:00\" \/>\n<meta property=\"og:image\" content=\"https:\/\/www.tutemetscombien.fr\/wp-content\/uploads\/2025\/07\/TTMC-MUSIQUE-FRANCOFOLIES-3Q-G-1-1024x1024.png\" \/>\n\t<meta property=\"og:image:width\" content=\"1024\" \/>\n\t<meta property=\"og:image:height\" content=\"1024\" \/>\n\t<meta property=\"og:image:type\" content=\"image\/png\" \/>\n<meta name=\"twitter:card\" content=\"summary_large_image\" \/>\n<meta name=\"twitter:label1\" content=\"Odhadovan\u00e1 doba \u010dten\u00ed\" \/>\n\t<meta name=\"twitter:data1\" content=\"1 minuta\" \/>\n<script type=\"application\/ld+json\" class=\"yoast-schema-graph\">{\"@context\":\"https:\\\/\\\/schema.org\",\"@graph\":[{\"@type\":\"WebPage\",\"@id\":\"https:\\\/\\\/www.tutemetscombien.fr\\\/jeu-de-societe\\\/ttmc-musique\\\/\",\"url\":\"https:\\\/\\\/www.tutemetscombien.fr\\\/jeu-de-societe\\\/ttmc-musique\\\/\",\"name\":\"TTMC \u2013 Musique\",\"isPartOf\":{\"@id\":\"https:\\\/\\\/www.tutemetscombien.fr\\\/#website\"},\"primaryImageOfPage\":{\"@id\":\"https:\\\/\\\/www.tutemetscombien.fr\\\/jeu-de-societe\\\/ttmc-musique\\\/#primaryimage\"},\"image\":{\"@id\":\"https:\\\/\\\/www.tutemetscombien.fr\\\/jeu-de-societe\\\/ttmc-musique\\\/#primaryimage\"},\"thumbnailUrl\":\"https:\\\/\\\/www.tutemetscombien.fr\\\/wp-content\\\/uploads\\\/2025\\\/07\\\/TTMC-MUSIQUE-FRANCOFOLIES-3Q-G-1.png\",\"datePublished\":\"2025-07-21T13:15:50+00:00\",\"dateModified\":\"2026-04-28T22:01:31+00:00\",\"description\":\"TTMC \u2013 Musique avec les Francofolies : le jeu de soci\u00e9t\u00e9 o\u00f9 tu auto-\u00e9values ta culture musicale de 1 \u00e0 10 dans une \u00e9dition sp\u00e9ciale musique fun et accessible !\",\"breadcrumb\":{\"@id\":\"https:\\\/\\\/www.tutemetscombien.fr\\\/jeu-de-societe\\\/ttmc-musique\\\/#breadcrumb\"},\"inLanguage\":\"cs\",\"potentialAction\":[{\"@type\":\"ReadAction\",\"target\":[\"https:\\\/\\\/www.tutemetscombien.fr\\\/jeu-de-societe\\\/ttmc-musique\\\/\"]}]},{\"@type\":\"ImageObject\",\"inLanguage\":\"cs\",\"@id\":\"https:\\\/\\\/www.tutemetscombien.fr\\\/jeu-de-societe\\\/ttmc-musique\\\/#primaryimage\",\"url\":\"https:\\\/\\\/www.tutemetscombien.fr\\\/wp-content\\\/uploads\\\/2025\\\/07\\\/TTMC-MUSIQUE-FRANCOFOLIES-3Q-G-1.png\",\"contentUrl\":\"https:\\\/\\\/www.tutemetscombien.fr\\\/wp-content\\\/uploads\\\/2025\\\/07\\\/TTMC-MUSIQUE-FRANCOFOLIES-3Q-G-1.png\",\"width\":1692,\"height\":1692},{\"@type\":\"BreadcrumbList\",\"@id\":\"https:\\\/\\\/www.tutemetscombien.fr\\\/jeu-de-societe\\\/ttmc-musique\\\/#breadcrumb\",\"itemListElement\":[{\"@type\":\"ListItem\",\"position\":1,\"name\":\"Accueil\",\"item\":\"https:\\\/\\\/www.tutemetscombien.fr\\\/\"},{\"@type\":\"ListItem\",\"position\":2,\"name\":\"Nos jeux\",\"item\":\"https:\\\/\\\/www.tutemetscombien.fr\\\/nos-jeux\\\/\"},{\"@type\":\"ListItem\",\"position\":3,\"name\":\"TTMC &#8211; Musique\"}]},{\"@type\":\"WebSite\",\"@id\":\"https:\\\/\\\/www.tutemetscombien.fr\\\/#website\",\"url\":\"https:\\\/\\\/www.tutemetscombien.fr\\\/\",\"name\":\"Tu te mets combien ?\",\"description\":\"Jeu de questions amusant et \u00e9ducatif - Site Officiel\",\"publisher\":{\"@id\":\"https:\\\/\\\/www.tutemetscombien.fr\\\/#organization\"},\"potentialAction\":[{\"@type\":\"SearchAction\",\"target\":{\"@type\":\"EntryPoint\",\"urlTemplate\":\"https:\\\/\\\/www.tutemetscombien.fr\\\/?s={search_term_string}\"},\"query-input\":{\"@type\":\"PropertyValueSpecification\",\"valueRequired\":true,\"valueName\":\"search_term_string\"}}],\"inLanguage\":\"cs\"},{\"@type\":\"Organization\",\"@id\":\"https:\\\/\\\/www.tutemetscombien.fr\\\/#organization\",\"name\":\"Tu te mets combien ?\",\"url\":\"https:\\\/\\\/www.tutemetscombien.fr\\\/\",\"logo\":{\"@type\":\"ImageObject\",\"inLanguage\":\"cs\",\"@id\":\"https:\\\/\\\/www.tutemetscombien.fr\\\/#\\\/schema\\\/logo\\\/image\\\/\",\"url\":\"https:\\\/\\\/www.tutemetscombien.fr\\\/wp-content\\\/uploads\\\/2025\\\/05\\\/Logo_TTMC_HD.png\",\"contentUrl\":\"https:\\\/\\\/www.tutemetscombien.fr\\\/wp-content\\\/uploads\\\/2025\\\/05\\\/Logo_TTMC_HD.png\",\"width\":2000,\"height\":1597,\"caption\":\"Tu te mets combien ?\"},\"image\":{\"@id\":\"https:\\\/\\\/www.tutemetscombien.fr\\\/#\\\/schema\\\/logo\\\/image\\\/\"},\"sameAs\":[\"https:\\\/\\\/www.facebook.com\\\/tutemetscombien\\\/\",\"https:\\\/\\\/www.instagram.com\\\/ttmctutemetscombien\\\/\",\"https:\\\/\\\/www.tiktok.com\\\/@ttmctutemetscombien\",\"https:\\\/\\\/www.linkedin.com\\\/showcase\\\/ttmc-tu-te-mets-combien\\\/\"]}]}<\/script>\n<!-- \/ Yoast SEO plugin. -->","yoast_head_json":{"title":"TTMC \u2013 Hudba","description":"TTMC \u2013 Hudba s Francofolies: deskov\u00e1 hra, ve kter\u00e9 si sami ohodnot\u00edte svou hudebn\u00ed kulturu od 1 do 10 ve speci\u00e1ln\u00ed z\u00e1bavn\u00e9 a p\u0159\u00edstupn\u00e9 hudebn\u00ed edici!","robots":{"index":"index","follow":"follow","max-snippet":"max-snippet:-1","max-image-preview":"max-image-preview:large","max-video-preview":"max-video-preview:-1"},"canonical":"https:\/\/www.tutemetscombien.fr\/cs\/jeu-de-societe\/ttmc-musique\/","og_locale":"cs_CZ","og_type":"article","og_title":"TTMC \u2013 Musique","og_description":"TTMC \u2013 Musique avec les Francofolies : le jeu de soci\u00e9t\u00e9 o\u00f9 tu auto-\u00e9values ta culture musicale de 1 \u00e0 10 dans une \u00e9dition sp\u00e9ciale musique fun et accessible !","og_url":"https:\/\/www.tutemetscombien.fr\/cs\/jeu-de-societe\/ttmc-musique\/","og_site_name":"Tu te mets combien ?","article_publisher":"https:\/\/www.facebook.com\/tutemetscombien\/","article_modified_time":"2026-04-28T22:01:31+00:00","og_image":[{"width":1024,"height":1024,"url":"https:\/\/www.tutemetscombien.fr\/wp-content\/uploads\/2025\/07\/TTMC-MUSIQUE-FRANCOFOLIES-3Q-G-1-1024x1024.png","type":"image\/png"}],"twitter_card":"summary_large_image","twitter_misc":{"Odhadovan\u00e1 doba \u010dten\u00ed":"1 minuta"},"schema":{"@context":"https:\/\/schema.org","@graph":[{"@type":"WebPage","@id":"https:\/\/www.tutemetscombien.fr\/jeu-de-societe\/ttmc-musique\/","url":"https:\/\/www.tutemetscombien.fr\/jeu-de-societe\/ttmc-musique\/","name":"TTMC \u2013 Hudba","isPartOf":{"@id":"https:\/\/www.tutemetscombien.fr\/#website"},"primaryImageOfPage":{"@id":"https:\/\/www.tutemetscombien.fr\/jeu-de-societe\/ttmc-musique\/#primaryimage"},"image":{"@id":"https:\/\/www.tutemetscombien.fr\/jeu-de-societe\/ttmc-musique\/#primaryimage"},"thumbnailUrl":"https:\/\/www.tutemetscombien.fr\/wp-content\/uploads\/2025\/07\/TTMC-MUSIQUE-FRANCOFOLIES-3Q-G-1.png","datePublished":"2025-07-21T13:15:50+00:00","dateModified":"2026-04-28T22:01:31+00:00","description":"TTMC \u2013 Hudba s Francofolies: deskov\u00e1 hra, ve kter\u00e9 si sami ohodnot\u00edte svou hudebn\u00ed kulturu od 1 do 10 ve speci\u00e1ln\u00ed z\u00e1bavn\u00e9 a p\u0159\u00edstupn\u00e9 hudebn\u00ed edici!","breadcrumb":{"@id":"https:\/\/www.tutemetscombien.fr\/jeu-de-societe\/ttmc-musique\/#breadcrumb"},"inLanguage":"cs","potentialAction":[{"@type":"ReadAction","target":["https:\/\/www.tutemetscombien.fr\/jeu-de-societe\/ttmc-musique\/"]}]},{"@type":"ImageObject","inLanguage":"cs","@id":"https:\/\/www.tutemetscombien.fr\/jeu-de-societe\/ttmc-musique\/#primaryimage","url":"https:\/\/www.tutemetscombien.fr\/wp-content\/uploads\/2025\/07\/TTMC-MUSIQUE-FRANCOFOLIES-3Q-G-1.png","contentUrl":"https:\/\/www.tutemetscombien.fr\/wp-content\/uploads\/2025\/07\/TTMC-MUSIQUE-FRANCOFOLIES-3Q-G-1.png","width":1692,"height":1692},{"@type":"BreadcrumbList","@id":"https:\/\/www.tutemetscombien.fr\/jeu-de-societe\/ttmc-musique\/#breadcrumb","itemListElement":[{"@type":"ListItem","position":1,"name":"Accueil","item":"https:\/\/www.tutemetscombien.fr\/"},{"@type":"ListItem","position":2,"name":"Nos jeux","item":"https:\/\/www.tutemetscombien.fr\/nos-jeux\/"},{"@type":"ListItem","position":3,"name":"TTMC &#8211; Musique"}]},{"@type":"WebSite","@id":"https:\/\/www.tutemetscombien.fr\/#website","url":"https:\/\/www.tutemetscombien.fr\/","name":"Jak dobre zn\u00e1te...?","description":"Z\u00e1bavn\u00e1 a vzd\u011bl\u00e1vac\u00ed kv\u00edzov\u00e1 hra - Ofici\u00e1ln\u00ed webov\u00e9 str\u00e1nky","publisher":{"@id":"https:\/\/www.tutemetscombien.fr\/#organization"},"potentialAction":[{"@type":"SearchAction","target":{"@type":"EntryPoint","urlTemplate":"https:\/\/www.tutemetscombien.fr\/?s={search_term_string}"},"query-input":{"@type":"PropertyValueSpecification","valueRequired":true,"valueName":"search_term_string"}}],"inLanguage":"cs"},{"@type":"Organization","@id":"https:\/\/www.tutemetscombien.fr\/#organization","name":"Jak dobre zn\u00e1te...?","url":"https:\/\/www.tutemetscombien.fr\/","logo":{"@type":"ImageObject","inLanguage":"cs","@id":"https:\/\/www.tutemetscombien.fr\/#\/schema\/logo\/image\/","url":"https:\/\/www.tutemetscombien.fr\/wp-content\/uploads\/2025\/05\/Logo_TTMC_HD.png","contentUrl":"https:\/\/www.tutemetscombien.fr\/wp-content\/uploads\/2025\/05\/Logo_TTMC_HD.png","width":2000,"height":1597,"caption":"Tu te mets combien ?"},"image":{"@id":"https:\/\/www.tutemetscombien.fr\/#\/schema\/logo\/image\/"},"sameAs":["https:\/\/www.facebook.com\/tutemetscombien\/","https:\/\/www.instagram.com\/ttmctutemetscombien\/","https:\/\/www.tiktok.com\/@ttmctutemetscombien","https:\/\/www.linkedin.com\/showcase\/ttmc-tu-te-mets-combien\/"]}]}},"_links":{"self":[{"href":"https:\/\/www.tutemetscombien.fr\/cs\/wp-json\/wp\/v2\/product\/1593","targetHints":{"allow":["GET"]}}],"collection":[{"href":"https:\/\/www.tutemetscombien.fr\/cs\/wp-json\/wp\/v2\/product"}],"about":[{"href":"https:\/\/www.tutemetscombien.fr\/cs\/wp-json\/wp\/v2\/types\/product"}],"replies":[{"embeddable":true,"href":"https:\/\/www.tutemetscombien.fr\/cs\/wp-json\/wp\/v2\/comments?post=1593"}],"wp:featuredmedia":[{"embeddable":true,"href":"https:\/\/www.tutemetscombien.fr\/cs\/wp-json\/wp\/v2\/media\/3599"}],"wp:attachment":[{"href":"https:\/\/www.tutemetscombien.fr\/cs\/wp-json\/wp\/v2\/media?parent=1593"}],"wp:term":[{"taxonomy":"product_brand","embeddable":true,"href":"https:\/\/www.tutemetscombien.fr\/cs\/wp-json\/wp\/v2\/product_brand?post=1593"},{"taxonomy":"product_cat","embeddable":true,"href":"https:\/\/www.tutemetscombien.fr\/cs\/wp-json\/wp\/v2\/product_cat?post=1593"},{"taxonomy":"product_tag","embeddable":true,"href":"https:\/\/www.tutemetscombien.fr\/cs\/wp-json\/wp\/v2\/product_tag?post=1593"}],"curies":[{"name":"wp","href":"https:\/\/api.w.org\/{rel}","templated":true}]}}